{"id":783484,"date":"2026-02-26T21:57:32","date_gmt":"2026-02-26T18:57:32","guid":{"rendered":"https:\/\/roveyayinevi.com.tr\/index.php\/urun\/anlam-sorunu\/"},"modified":"2026-04-16T02:09:38","modified_gmt":"2026-04-15T23:09:38","slug":"anlam-sorunu","status":"publish","type":"product","link":"https:\/\/roveyayinevi.com.tr\/index.php\/urun\/anlam-sorunu\/","title":{"rendered":"Anlam Sorunu"},"content":{"rendered":"<p>Bu \u00e7al\u0131\u015fmada \u00f6zellikle son y\u00fczy\u0131l\u0131n insan\u0131n\u0131n \u00e7ok\u00e7a me\u015fgul oldu\u011fu Hayat\u0131n anlam\u0131 nedir?sorusunun analizi yap\u0131lmaya \u00e7al\u0131\u015f\u0131lacak, ne t\u00fcr cevaplar verilebilece\u011fi de\u011ferlendirilecektir.Baz\u0131 dinler tarih\u00e7ilerinin ifade ettikleri gibi, b\u00fct\u00fcn ya\u015fam felsefeleri, metafizikler, ideolojiler, d\u00fcnya g\u00f6r\u00fc\u015fleri ve din\u00ee d\u00fc\u015f\u00fcnceler Ben ni\u00e7in buraday\u0131m? sorusuna bir cevap verme \u00e7abas\u0131nda olmu\u015ftur. Dolay\u0131s\u0131yla, anlam sorunu s\u00f6z konusu oldu\u011funda din ve Tanr\u0131 inanc\u0131 ka\u00e7\u0131n\u0131lmaz olarak konunun odak noktas\u0131nda yer alacakt\u0131r. Tanr\u0131 inanc\u0131 \u015fu veya bu \u015fekilde anlam sorunu tart\u0131\u015fmas\u0131nda bir Evet ya da Hay\u0131r cevab\u0131yla cevapland\u0131r\u0131lmak zorundad\u0131r. \ufffcTan\u0131t\u0131m Metni<\/p>\n","protected":false},"excerpt":{"rendered":"<p>Bu \u00e7al\u0131\u015fmada \u00f6zellikle son y\u00fczy\u0131l\u0131n insan\u0131n\u0131n \u00e7ok\u00e7a me\u015fgul oldu\u011fu Hayat\u0131n anlam\u0131 nedir?sorusunun analizi yap\u0131lmaya \u00e7al\u0131\u015f\u0131lacak, ne t\u00fcr cevaplar verilebilece\u011fi de\u011ferlendirilecektir.Baz\u0131 dinler tarih\u00e7ilerinin ifade ettikleri gibi, b\u00fct\u00fcn<span class=\"excerpt-hellip\"> [\u2026]<\/span><\/p>\n","protected":false},"featured_media":0,"template":"","meta":{"_monsterinsights_skip_tracking":false,"_monsterinsights_sitenote_active":false,"_monsterinsights_sitenote_note":"","_monsterinsights_sitenote_category":0},"product_brand":[],"product_cat":[12389,12388],"product_tag":[],"class_list":{"0":"post-783484","1":"product","2":"type-product","3":"status-publish","5":"product_cat-diger-felsefe","6":"product_cat-felsefe","7":"pa_tur-kitap","8":"pa_yayinevi-elis-yayinlari","9":"pa_yazar-latif-tokat","11":"first","12":"instock","13":"sale","14":"shipping-taxable","15":"purchasable","16":"product-type-simple"},"_links":{"self":[{"href":"https:\/\/roveyayinevi.com.tr\/index.php\/wp-json\/wp\/v2\/product\/783484","targetHints":{"allow":["GET"]}}],"collection":[{"href":"https:\/\/roveyayinevi.com.tr\/index.php\/wp-json\/wp\/v2\/product"}],"about":[{"href":"https:\/\/roveyayinevi.com.tr\/index.php\/wp-json\/wp\/v2\/types\/product"}],"wp:attachment":[{"href":"https:\/\/roveyayinevi.com.tr\/index.php\/wp-json\/wp\/v2\/media?parent=783484"}],"wp:term":[{"taxonomy":"product_brand","embeddable":true,"href":"https:\/\/roveyayinevi.com.tr\/index.php\/wp-json\/wp\/v2\/product_brand?post=783484"},{"taxonomy":"product_cat","embeddable":true,"href":"https:\/\/roveyayinevi.com.tr\/index.php\/wp-json\/wp\/v2\/product_cat?post=783484"},{"taxonomy":"product_tag","embeddable":true,"href":"https:\/\/roveyayinevi.com.tr\/index.php\/wp-json\/wp\/v2\/product_tag?post=783484"}],"curies":[{"name":"wp","href":"https:\/\/api.w.org\/{rel}","templated":true}]}}