{"id":783480,"date":"2026-02-26T21:55:44","date_gmt":"2026-02-26T18:55:44","guid":{"rendered":"https:\/\/roveyayinevi.com.tr\/index.php\/urun\/tevhid-ve-degisim\/"},"modified":"2026-04-16T02:08:14","modified_gmt":"2026-04-15T23:08:14","slug":"tevhid-ve-degisim","status":"publish","type":"product","link":"https:\/\/roveyayinevi.com.tr\/index.php\/urun\/tevhid-ve-degisim\/","title":{"rendered":"Tevhid ve De\u011fi\u015fim"},"content":{"rendered":"<p>Peygamberlerin insanlara g\u00f6nderili\u015f nedeni de Tevhid hakikatini hat\u0131rlatmak olup, insanlar bu mutlak hakikata inanmaya ve ona g\u00f6re ya\u015famaya \u00e7a\u011f\u0131r\u0131l\u0131rlar. Bu davetin \u00f6z\u00fc ise La ilahe illallah, \u00e7a\u011fr\u0131s\u0131d\u0131r.  Andolsun ki her \u00fcmmete  Allah&#8217;a kulluk edin, ta\u011futlardan ka\u00e7\u0131n\u0131n  diye emreden peygamberler g\u00f6ndermi\u015fizdir. (16\/36)  \u0130\u015fte!.. Allah;sizin Rabb&#8217;\u0131n\u0131z. O&#8217;ndan ba\u015fka ilah yoktur.Her\u015feyin yarat\u0131c\u0131s\u0131d\u0131r.B\u00f6ylece O&#8217;na Kul olun  (6\/102) Baz\u0131 hadislerde  Vahhedalllah  (Allah&#8217;\u0131 tevhid etmek) anlam\u0131yla ge\u00e7en Tevhid, Kur&#8217;an kapsam\u0131nda Allah&#8217;\u0131 bir tek ilah olarak kabul etmek ve sadece ona ibadette bulunmak anlam\u0131na gelmesine kar\u015f\u0131l\u0131k (11\/50,61,84; 12\/40; 21\/25 ;59\/22,24&#8230;) sonradan de\u011fi\u015fim s\u00fcrecinde yeni anlamlar kazanmaya ve bu arada uluhiyyet boyutunu kaybederek, genellikle  Allah&#8217;\u0131n varl\u0131k olarak bir oldu\u011funu  veya  Yaratan&#8217;\u0131n sadece Allah&#8217;\u0131n varl\u0131k oldu\u011funu kabul etmek anlamlar\u0131na gelmeye ba\u015fla\u011f\u0131 g\u00f6r\u00fcl\u00fcr. Bundan da anla\u015f\u0131laca\u011f\u0131 gibi de\u011fi\u015fimin temelinde, \u00f6zellikle temel kavramlar\u0131n anlamlar\u0131n\u0131n, asl\u0131na oranla farkl\u0131la\u015fmas\u0131 vard\u0131r. Elbetteki de\u011fi\u015fimin mahiyetini anlamak i\u00e7in \u00f6nce as\u0131l olan\u0131 bilmek, buna ba\u011fl\u0131 olarak da de\u011fi\u015fimin neden oldu\u011fu sonuca giderek aradaki fark\u0131 bilerlemek gerekir. Zira ancak b\u00f6ylelikle neye, nas\u0131l inanld\u0131\u011f\u0131 ve bu inanc\u0131n do\u011fru olup olmad\u0131\u011f\u0131 anla\u015f\u0131labilecektir. <\/p>\n","protected":false},"excerpt":{"rendered":"<p>Peygamberlerin insanlara g\u00f6nderili\u015f nedeni de Tevhid hakikatini hat\u0131rlatmak olup, insanlar bu mutlak hakikata inanmaya ve ona g\u00f6re ya\u015famaya \u00e7a\u011f\u0131r\u0131l\u0131rlar. Bu davetin \u00f6z\u00fc ise La ilahe illallah,<span class=\"excerpt-hellip\"> [\u2026]<\/span><\/p>\n","protected":false},"featured_media":0,"template":"","meta":{"_monsterinsights_skip_tracking":false,"_monsterinsights_sitenote_active":false,"_monsterinsights_sitenote_note":"","_monsterinsights_sitenote_category":0},"product_brand":[],"product_cat":[16789,12718,12719],"product_tag":[],"class_list":{"0":"post-783480","1":"product","2":"type-product","3":"status-publish","5":"product_cat-diger-islam","6":"product_cat-din","7":"product_cat-islam","8":"pa_tur-kitap","9":"pa_yayinevi-pinar-yayinlari","10":"pa_yazar-celaleddin-vatandas","12":"first","13":"instock","14":"sale","15":"shipping-taxable","16":"purchasable","17":"product-type-simple"},"_links":{"self":[{"href":"https:\/\/roveyayinevi.com.tr\/index.php\/wp-json\/wp\/v2\/product\/783480","targetHints":{"allow":["GET"]}}],"collection":[{"href":"https:\/\/roveyayinevi.com.tr\/index.php\/wp-json\/wp\/v2\/product"}],"about":[{"href":"https:\/\/roveyayinevi.com.tr\/index.php\/wp-json\/wp\/v2\/types\/product"}],"wp:attachment":[{"href":"https:\/\/roveyayinevi.com.tr\/index.php\/wp-json\/wp\/v2\/media?parent=783480"}],"wp:term":[{"taxonomy":"product_brand","embeddable":true,"href":"https:\/\/roveyayinevi.com.tr\/index.php\/wp-json\/wp\/v2\/product_brand?post=783480"},{"taxonomy":"product_cat","embeddable":true,"href":"https:\/\/roveyayinevi.com.tr\/index.php\/wp-json\/wp\/v2\/product_cat?post=783480"},{"taxonomy":"product_tag","embeddable":true,"href":"https:\/\/roveyayinevi.com.tr\/index.php\/wp-json\/wp\/v2\/product_tag?post=783480"}],"curies":[{"name":"wp","href":"https:\/\/api.w.org\/{rel}","templated":true}]}}