{"id":783479,"date":"2026-02-26T21:55:41","date_gmt":"2026-02-26T18:55:41","guid":{"rendered":"https:\/\/roveyayinevi.com.tr\/index.php\/urun\/cennete-otostop\/"},"modified":"2026-04-16T02:07:59","modified_gmt":"2026-04-15T23:07:59","slug":"cennete-otostop","status":"publish","type":"product","link":"https:\/\/roveyayinevi.com.tr\/index.php\/urun\/cennete-otostop\/","title":{"rendered":"Cennete Otostop"},"content":{"rendered":"<p>Hepsinin birbirinden farkl\u0131, birbirinden ilgin\u00e7 hik\u00e2yesi vard\u0131. Kimisi papazken, kimisi \u00fcnl\u00fc \u00fcnl\u00fc bir m\u00fczisyenken, kimisi bir misyonerken, kimisi de uyu\u015fturucu ka\u00e7ak\u00e7\u0131s\u0131yken \u0130slam&#8217;la tan\u0131\u015fm\u0131\u015f ve kendilerine yeni bir hayat kurmu\u015flard\u0131. <\/p>\n","protected":false},"excerpt":{"rendered":"<p>Hepsinin birbirinden farkl\u0131, birbirinden ilgin\u00e7 hik\u00e2yesi vard\u0131. Kimisi papazken, kimisi \u00fcnl\u00fc \u00fcnl\u00fc bir m\u00fczisyenken, kimisi bir misyonerken, kimisi de uyu\u015fturucu ka\u00e7ak\u00e7\u0131s\u0131yken \u0130slam&#8217;la tan\u0131\u015fm\u0131\u015f ve kendilerine yeni<span class=\"excerpt-hellip\"> [\u2026]<\/span><\/p>\n","protected":false},"featured_media":0,"template":"","meta":{"_monsterinsights_skip_tracking":false,"_monsterinsights_sitenote_active":false,"_monsterinsights_sitenote_note":"","_monsterinsights_sitenote_category":0},"product_brand":[],"product_cat":[12291,12292],"product_tag":[],"class_list":{"0":"post-783479","1":"product","2":"type-product","3":"status-publish","5":"product_cat-edebiyat","6":"product_cat-turk-edebiyati","7":"pa_cilt-ciltsiz","8":"pa_tur-kitap","9":"pa_yayinevi-pinar-yayinlari","10":"pa_yazar-adem-ozkose","12":"first","13":"instock","14":"sale","15":"shipping-taxable","16":"purchasable","17":"product-type-simple"},"_links":{"self":[{"href":"https:\/\/roveyayinevi.com.tr\/index.php\/wp-json\/wp\/v2\/product\/783479","targetHints":{"allow":["GET"]}}],"collection":[{"href":"https:\/\/roveyayinevi.com.tr\/index.php\/wp-json\/wp\/v2\/product"}],"about":[{"href":"https:\/\/roveyayinevi.com.tr\/index.php\/wp-json\/wp\/v2\/types\/product"}],"wp:attachment":[{"href":"https:\/\/roveyayinevi.com.tr\/index.php\/wp-json\/wp\/v2\/media?parent=783479"}],"wp:term":[{"taxonomy":"product_brand","embeddable":true,"href":"https:\/\/roveyayinevi.com.tr\/index.php\/wp-json\/wp\/v2\/product_brand?post=783479"},{"taxonomy":"product_cat","embeddable":true,"href":"https:\/\/roveyayinevi.com.tr\/index.php\/wp-json\/wp\/v2\/product_cat?post=783479"},{"taxonomy":"product_tag","embeddable":true,"href":"https:\/\/roveyayinevi.com.tr\/index.php\/wp-json\/wp\/v2\/product_tag?post=783479"}],"curies":[{"name":"wp","href":"https:\/\/api.w.org\/{rel}","templated":true}]}}