{"id":783478,"date":"2026-02-26T21:55:39","date_gmt":"2026-02-26T18:55:39","guid":{"rendered":"https:\/\/roveyayinevi.com.tr\/index.php\/urun\/siyasetin-sosyolojisi-2\/"},"modified":"2026-04-16T02:07:59","modified_gmt":"2026-04-15T23:07:59","slug":"siyasetin-sosyolojisi-2","status":"publish","type":"product","link":"https:\/\/roveyayinevi.com.tr\/index.php\/urun\/siyasetin-sosyolojisi-2\/","title":{"rendered":"Siyasetin Sosyolojisi"},"content":{"rendered":"<p>&#8211; Genel olarak Siyaset ve Siyaset sosyolojisi. &#8211; Siyaset kurumunun tarihsel geli\u015fimi. &#8211; S\u00fcre\u00e7 ve Yap\u0131 aras\u0131nda Siyaset: Se\u00e7kinler ve b\u00fcrokrasi. &#8211; Siyasetin Yap\u0131sal \u00d6\u011feleri: Devlet, Ulus ve Kamusall\u0131k. &#8211; Siyasette Kat\u0131l\u0131m, Partiler ve Se\u00e7imler. &#8211; T\u00fcrkiyede Siyasal Hayat. &#8211; Siyasal Sistemler ve Siyasal Konumlar. &#8211; De\u011fi\u015fim s\u00fcrecinde siyaset ve toplumlar. Herkes siyasetle fiilen ilgilenmese de siyaset herkesin sorunudur. Valery Tarsis&#8217;in dedi\u011fi gibi  Biz siyaset ile ilgilenmesek de siyaset bizimle bir \u015fekilde ilgilenmektedir.  \u00d6yle g\u00f6r\u00fcn\u00fcyor ki modern d\u00f6nemlerde siyaset baz\u0131 s\u0131k\u0131nt\u0131lar\u0131na ra\u011fmen daha yayg\u0131n ve daha \u00f6ncelikli bir sorun olarak g\u00f6z\u00fckmekte ve herkesi her \u015feyi ile kapsamaya \u00e7al\u0131\u015fmaktad\u0131r. Bu a\u00e7\u0131dan bak\u0131ld\u0131\u011f\u0131nda siyaseti az vaya \u00e7ok herkesin tan\u0131mas\u0131 gerekiyor. Bu kitap akademik bir ortamda ele al\u0131nm\u0131\u015fsa da deyim yerindeyse yaln\u0131zca erbab\u0131n\u0131 ilgilendiren bir metin konumunda b\u0131rak\u0131lmam\u0131\u015ft\u0131r. Dili ve konular\u0131n\u0131 ele al\u0131\u015f\u0131 itibariyle sade tutularak daha geni\u015f bir kesime hitap etme ama\u00e7lanm\u0131\u015ft\u0131r. \u0130lke olarak da \u00f6nce i\u015fin teorik \u00e7er\u00e7evesi \u00e7izilip, bilimin s\u0131n\u0131rlar\u0131 i\u00e7inde kalan ele\u015ftirel analize \u00f6zen g\u00f6sterilmi\u015f, m\u00fcmk\u00fcn oldu\u011funca da kendi siyasal d\u00fcnyam\u0131zdan \u00f6rneklendirilmeye \u00e7al\u0131\u015f\u0131lm\u0131\u015ft\u0131r. <\/p>\n","protected":false},"excerpt":{"rendered":"<p>&#8211; Genel olarak Siyaset ve Siyaset sosyolojisi. &#8211; Siyaset kurumunun tarihsel geli\u015fimi. &#8211; S\u00fcre\u00e7 ve Yap\u0131 aras\u0131nda Siyaset: Se\u00e7kinler ve b\u00fcrokrasi. &#8211; Siyasetin Yap\u0131sal \u00d6\u011feleri: Devlet,<span class=\"excerpt-hellip\"> [\u2026]<\/span><\/p>\n","protected":false},"featured_media":0,"template":"","meta":{"_monsterinsights_skip_tracking":false,"_monsterinsights_sitenote_active":false,"_monsterinsights_sitenote_note":"","_monsterinsights_sitenote_category":0},"product_brand":[],"product_cat":[12351,12324],"product_tag":[],"class_list":{"0":"post-783478","1":"product","2":"type-product","3":"status-publish","5":"product_cat-siyaset-sosyolojisi","6":"product_cat-sosyoloji","7":"pa_tur-kitap","8":"pa_yayinevi-acilim-kitap","9":"pa_yazar-mustafa-aydin","11":"first","12":"instock","13":"sale","14":"shipping-taxable","15":"purchasable","16":"product-type-simple"},"_links":{"self":[{"href":"https:\/\/roveyayinevi.com.tr\/index.php\/wp-json\/wp\/v2\/product\/783478","targetHints":{"allow":["GET"]}}],"collection":[{"href":"https:\/\/roveyayinevi.com.tr\/index.php\/wp-json\/wp\/v2\/product"}],"about":[{"href":"https:\/\/roveyayinevi.com.tr\/index.php\/wp-json\/wp\/v2\/types\/product"}],"wp:attachment":[{"href":"https:\/\/roveyayinevi.com.tr\/index.php\/wp-json\/wp\/v2\/media?parent=783478"}],"wp:term":[{"taxonomy":"product_brand","embeddable":true,"href":"https:\/\/roveyayinevi.com.tr\/index.php\/wp-json\/wp\/v2\/product_brand?post=783478"},{"taxonomy":"product_cat","embeddable":true,"href":"https:\/\/roveyayinevi.com.tr\/index.php\/wp-json\/wp\/v2\/product_cat?post=783478"},{"taxonomy":"product_tag","embeddable":true,"href":"https:\/\/roveyayinevi.com.tr\/index.php\/wp-json\/wp\/v2\/product_tag?post=783478"}],"curies":[{"name":"wp","href":"https:\/\/api.w.org\/{rel}","templated":true}]}}