{"id":783473,"date":"2026-02-26T21:54:50","date_gmt":"2026-02-26T18:54:50","guid":{"rendered":"https:\/\/roveyayinevi.com.tr\/index.php\/urun\/neoliberalizmin-garip-olumsuzlugu\/"},"modified":"2026-04-16T02:07:44","modified_gmt":"2026-04-15T23:07:44","slug":"neoliberalizmin-garip-olumsuzlugu","status":"publish","type":"product","link":"https:\/\/roveyayinevi.com.tr\/index.php\/urun\/neoliberalizmin-garip-olumsuzlugu\/","title":{"rendered":"Neoliberalizmin Garip \u00d6l\u00fcms\u00fczl\u00fc\u011f\u00fc"},"content":{"rendered":"<p>2008-2009 mali krizi, son y\u0131llarda ileri ekonomilerin siyasi ortodoksisini olu\u015fturan fikirler b\u00fct\u00fcn\u00fc olan neoliberalizme temelden bir meydan okuyu\u015f sergiliyor gibi g\u00f6z\u00fckt\u00fc. Bu \u00f6nemli yeni kitapta Colin Crouch, neoliberalizmin bu meydan okumay\u0131 umursamayaca\u011f\u0131n\u0131 \u00f6ne s\u00fcr\u00fcyor. Sebebi, her ne kadar serbest piyasalarla ilgili g\u00f6z\u00fckse de, neoliberalizmin icraatta dev \u015firketlerin kamusal ya\u015fam\u0131 tahakk\u00fcm alt\u0131na almas\u0131yla ilgileniyor olmas\u0131. Mali kriz ve baz\u0131 finans kurulu\u015flar\u0131n\u0131n \u2018batmayacak kadar b\u00fcy\u00fck\u2019 oldu\u011funun kabul edilmesi bu duruma ket vurmaktansa iyice peki\u015ftirdi. Siyasi tart\u0131\u015fmalar\u0131n b\u00fcy\u00fck bir k\u0131sm\u0131 h\u00e2l\u00e2 piyasayla devlet aras\u0131ndaki \u00e7eki\u015fmelerle me\u015fgul olsa da, \u015firketin her ikisine yapt\u0131\u011f\u0131 etki bug\u00fcn \u00e7ok daha \u00f6nemlidir.Bu duruma gelmemizi sa\u011flayan birka\u00e7 sebep vard\u0131r:- Paraya d\u00fc\u015fk\u00fcn siyaset\u00e7iler ve partiler i\u00e7in ba\u011f\u0131\u015flar\u0131 giderek \u00f6nem kazanan \u015firketlerin lobi g\u00fcc\u00fc;- Piyasalar\u0131n\u0131 bi\u00e7imlendirip h\u00e2kimiyet kuracak kadar b\u00fcy\u00fck olan \u015firketlerin, rekabet g\u00fcc\u00fcn\u00fcn zay\u0131flamas\u0131;- Kamu ihaleleri sayesinde h\u00fck\u00fcmetle \u00f6zel ili\u015fkiler sa\u011flayan \u015firketlerin kamu d\u00fczeni \u00fczerinde uygulad\u0131klar\u0131 g\u00fc\u00e7;- Kendi kurumsal sosyal sorumluluk g\u00fcndemlerini tertipleyen te\u015febb\u00fcslerin elde etti\u011fi ahlaki inisiyatif. <\/p>\n","protected":false},"excerpt":{"rendered":"<p>2008-2009 mali krizi, son y\u0131llarda ileri ekonomilerin siyasi ortodoksisini olu\u015fturan fikirler b\u00fct\u00fcn\u00fc olan neoliberalizme temelden bir meydan okuyu\u015f sergiliyor gibi g\u00f6z\u00fckt\u00fc. Bu \u00f6nemli yeni kitapta Colin<span class=\"excerpt-hellip\"> [\u2026]<\/span><\/p>\n","protected":false},"featured_media":0,"template":"","meta":{"_monsterinsights_skip_tracking":false,"_monsterinsights_sitenote_active":false,"_monsterinsights_sitenote_note":"","_monsterinsights_sitenote_category":0},"product_brand":[],"product_cat":[12291,12745],"product_tag":[],"class_list":{"0":"post-783473","1":"product","2":"type-product","3":"status-publish","5":"product_cat-edebiyat","6":"product_cat-tarihi-roman","7":"pa_tur-kitap","8":"pa_yayinevi-acilim-kitap","9":"pa_yazar-colin-crouch","11":"first","12":"instock","13":"sale","14":"shipping-taxable","15":"purchasable","16":"product-type-simple"},"_links":{"self":[{"href":"https:\/\/roveyayinevi.com.tr\/index.php\/wp-json\/wp\/v2\/product\/783473","targetHints":{"allow":["GET"]}}],"collection":[{"href":"https:\/\/roveyayinevi.com.tr\/index.php\/wp-json\/wp\/v2\/product"}],"about":[{"href":"https:\/\/roveyayinevi.com.tr\/index.php\/wp-json\/wp\/v2\/types\/product"}],"wp:attachment":[{"href":"https:\/\/roveyayinevi.com.tr\/index.php\/wp-json\/wp\/v2\/media?parent=783473"}],"wp:term":[{"taxonomy":"product_brand","embeddable":true,"href":"https:\/\/roveyayinevi.com.tr\/index.php\/wp-json\/wp\/v2\/product_brand?post=783473"},{"taxonomy":"product_cat","embeddable":true,"href":"https:\/\/roveyayinevi.com.tr\/index.php\/wp-json\/wp\/v2\/product_cat?post=783473"},{"taxonomy":"product_tag","embeddable":true,"href":"https:\/\/roveyayinevi.com.tr\/index.php\/wp-json\/wp\/v2\/product_tag?post=783473"}],"curies":[{"name":"wp","href":"https:\/\/api.w.org\/{rel}","templated":true}]}}