{"id":783472,"date":"2026-02-26T21:54:28","date_gmt":"2026-02-26T18:54:28","guid":{"rendered":"https:\/\/roveyayinevi.com.tr\/index.php\/urun\/tasavvuf-lugati\/"},"modified":"2026-04-16T02:07:25","modified_gmt":"2026-04-15T23:07:25","slug":"tasavvuf-lugati","status":"publish","type":"product","link":"https:\/\/roveyayinevi.com.tr\/index.php\/urun\/tasavvuf-lugati\/","title":{"rendered":"Tasavvuf L\u00fcgat\u0131"},"content":{"rendered":"<p>Tasavvufun, k\u00fclt\u00fcr ve medeniyetimiz i\u00e7inde ayr\u0131 bir yeri vard\u0131r. Hz. Muhammed Sallallahu Aleyhi Vesellem ve ashab\u0131n\u0131n ya\u015fad\u0131\u011f\u0131 z\u00fchd\u00fc takvay\u0131 ya\u015famay\u0131 gaye edinen ilk s\u00fbfiler, hicri ikinci asr\u0131n ortalar\u0131ndan itibaren bunu bir meslek h\u00e2line getirmi\u015fler ve daha sonra bu meslek i\u00e7inde muhtelif tarikatlar zuhur ederek b\u00fct\u00fcn isl\u00e2m d\u00fcnyas\u0131na yaym\u0131\u015flar ve g\u00fcn\u00fcm\u00fcze kadar gelmi\u015ftir. \ufffcTan\u0131t\u0131m Metni<\/p>\n","protected":false},"excerpt":{"rendered":"<p>Tasavvufun, k\u00fclt\u00fcr ve medeniyetimiz i\u00e7inde ayr\u0131 bir yeri vard\u0131r. Hz. Muhammed Sallallahu Aleyhi Vesellem ve ashab\u0131n\u0131n ya\u015fad\u0131\u011f\u0131 z\u00fchd\u00fc takvay\u0131 ya\u015famay\u0131 gaye edinen ilk s\u00fbfiler, hicri ikinci<span class=\"excerpt-hellip\"> [\u2026]<\/span><\/p>\n","protected":false},"featured_media":0,"template":"","meta":{"_monsterinsights_skip_tracking":false,"_monsterinsights_sitenote_active":false,"_monsterinsights_sitenote_note":"","_monsterinsights_sitenote_category":0},"product_brand":[],"product_cat":[12718,12719,12720],"product_tag":[],"class_list":{"0":"post-783472","1":"product","2":"type-product","3":"status-publish","5":"product_cat-din","6":"product_cat-islam","7":"product_cat-tasavvuf-mezhepler-tarikatlar","8":"pa_tur-kitap","9":"pa_yayinevi-gelenek-yayincilik","10":"pa_yazar-cahid-baltaci","12":"first","13":"instock","14":"sale","15":"shipping-taxable","16":"purchasable","17":"product-type-simple"},"_links":{"self":[{"href":"https:\/\/roveyayinevi.com.tr\/index.php\/wp-json\/wp\/v2\/product\/783472","targetHints":{"allow":["GET"]}}],"collection":[{"href":"https:\/\/roveyayinevi.com.tr\/index.php\/wp-json\/wp\/v2\/product"}],"about":[{"href":"https:\/\/roveyayinevi.com.tr\/index.php\/wp-json\/wp\/v2\/types\/product"}],"wp:attachment":[{"href":"https:\/\/roveyayinevi.com.tr\/index.php\/wp-json\/wp\/v2\/media?parent=783472"}],"wp:term":[{"taxonomy":"product_brand","embeddable":true,"href":"https:\/\/roveyayinevi.com.tr\/index.php\/wp-json\/wp\/v2\/product_brand?post=783472"},{"taxonomy":"product_cat","embeddable":true,"href":"https:\/\/roveyayinevi.com.tr\/index.php\/wp-json\/wp\/v2\/product_cat?post=783472"},{"taxonomy":"product_tag","embeddable":true,"href":"https:\/\/roveyayinevi.com.tr\/index.php\/wp-json\/wp\/v2\/product_tag?post=783472"}],"curies":[{"name":"wp","href":"https:\/\/api.w.org\/{rel}","templated":true}]}}