{"id":783468,"date":"2026-02-26T21:53:40","date_gmt":"2026-02-26T18:53:40","guid":{"rendered":"https:\/\/roveyayinevi.com.tr\/index.php\/urun\/peygamberler-tarihi\/"},"modified":"2026-04-16T02:06:50","modified_gmt":"2026-04-15T23:06:50","slug":"peygamberler-tarihi","status":"publish","type":"product","link":"https:\/\/roveyayinevi.com.tr\/index.php\/urun\/peygamberler-tarihi\/","title":{"rendered":"Peygamberler Tarihi"},"content":{"rendered":"<p>Peygamberler tarihi, g\u00fcn\u00fcm\u00fcz tarihinden ayr\u0131lmas\u0131 m\u00fcmk\u00fcn olmayan, insan\u0131 do\u011fru yola y\u00f6nelten bir tarih bilgisidir. Bu tarihi bize Kur&#8217;an \u00f6\u011fretmekte, Hz. Muhammed (s.a.s) de yorumlamaktad\u0131r. Bu \u00f6zelliklere sahip bir tarih k\u00fclt\u00fcr\u00fc, insan\u0131n, ister y\u00f6neten ister y\u00f6netilen olsun , bu tarihi \u00e7ok iyi bilmelidir ki Allah&#8217;tan ba\u015fkas\u0131na kul olmas\u0131n! \u00c7\u00fcnk\u00fc kendilerine itaat edilen insanlar\u0131n \u00e7o\u011fu, insan\u0131 yanl\u0131\u015f yola g\u00f6t\u00fcr\u00fcr. Bu nedenle bizim rehberimiz ba\u015fta Peygamberimiz olmak \u00fczere t\u00fcm peygamberlerin g\u00f6sterdi\u011fi yol olmal\u0131d\u0131r.<\/p>\n","protected":false},"excerpt":{"rendered":"<p>Peygamberler tarihi, g\u00fcn\u00fcm\u00fcz tarihinden ayr\u0131lmas\u0131 m\u00fcmk\u00fcn olmayan, insan\u0131 do\u011fru yola y\u00f6nelten bir tarih bilgisidir. Bu tarihi bize Kur&#8217;an \u00f6\u011fretmekte, Hz. Muhammed (s.a.s) de yorumlamaktad\u0131r. Bu \u00f6zelliklere<span class=\"excerpt-hellip\"> [\u2026]<\/span><\/p>\n","protected":false},"featured_media":0,"template":"","meta":{"_monsterinsights_skip_tracking":false,"_monsterinsights_sitenote_active":false,"_monsterinsights_sitenote_note":"","_monsterinsights_sitenote_category":0},"product_brand":[],"product_cat":[12718,12719,18109],"product_tag":[],"class_list":{"0":"post-783468","1":"product","2":"type-product","3":"status-publish","5":"product_cat-din","6":"product_cat-islam","7":"product_cat-islam-tarihi","8":"pa_cilt-ciltsiz","9":"pa_tur-kitap","10":"pa_yayinevi-beyan-yayinlari","11":"pa_yazar-ihsan-sureyya-sirma","13":"first","14":"instock","15":"sale","16":"shipping-taxable","17":"purchasable","18":"product-type-simple"},"_links":{"self":[{"href":"https:\/\/roveyayinevi.com.tr\/index.php\/wp-json\/wp\/v2\/product\/783468","targetHints":{"allow":["GET"]}}],"collection":[{"href":"https:\/\/roveyayinevi.com.tr\/index.php\/wp-json\/wp\/v2\/product"}],"about":[{"href":"https:\/\/roveyayinevi.com.tr\/index.php\/wp-json\/wp\/v2\/types\/product"}],"wp:attachment":[{"href":"https:\/\/roveyayinevi.com.tr\/index.php\/wp-json\/wp\/v2\/media?parent=783468"}],"wp:term":[{"taxonomy":"product_brand","embeddable":true,"href":"https:\/\/roveyayinevi.com.tr\/index.php\/wp-json\/wp\/v2\/product_brand?post=783468"},{"taxonomy":"product_cat","embeddable":true,"href":"https:\/\/roveyayinevi.com.tr\/index.php\/wp-json\/wp\/v2\/product_cat?post=783468"},{"taxonomy":"product_tag","embeddable":true,"href":"https:\/\/roveyayinevi.com.tr\/index.php\/wp-json\/wp\/v2\/product_tag?post=783468"}],"curies":[{"name":"wp","href":"https:\/\/api.w.org\/{rel}","templated":true}]}}