{"id":783467,"date":"2026-02-26T21:53:30","date_gmt":"2026-02-26T18:53:30","guid":{"rendered":"https:\/\/roveyayinevi.com.tr\/index.php\/urun\/islami-tebligin-mekke-donemi-ve-iskence\/"},"modified":"2026-04-16T02:06:42","modified_gmt":"2026-04-15T23:06:42","slug":"islami-tebligin-mekke-donemi-ve-iskence","status":"publish","type":"product","link":"https:\/\/roveyayinevi.com.tr\/index.php\/urun\/islami-tebligin-mekke-donemi-ve-iskence\/","title":{"rendered":"\u0130slami Tebli\u011fin Mekke D\u00f6nemi ve \u0130\u015fkence"},"content":{"rendered":"<p>Hz. Adem(a.s)`le ba\u015flayan \u0130slam tebli\u011f tarihi, y\u00e2ni insanl\u0131k tarihi, onun o\u011fullar\u0131 H\u00e2bil ve K\u00e2bil zaman\u0131nda iki kutba ayr\u0131lm\u0131\u015f ve bu iki kutup g\u00fcn\u00fcm\u00fcze kadar gelmi\u015ftir, k\u0131y\u00e2mete kadar da s\u00fcrecektir. Bu iki kutup Hakk ile Bat\u0131l kutuplar\u0131d\u0131r. H\u00e2bil kutbunda olanlar d\u00e2ima Hakk`\u0131 yani Allah davas\u0131n\u0131, K\u00e2bil kutbunda olanlar da d\u00e2ima T\u00e2\u011fut`u veya Allah d\u00fc\u015fmanl\u0131\u011f\u0131n\u0131 savunmu\u015flard\u0131r. Allah d\u00e2vas\u0131n\u0131 savunanlar daima tebli\u011f, T\u00e2\u011fut d\u00e2v\u00e2s\u0131n\u0131 g\u00fcdenler de d\u00e2im\u00e2 bu tebli\u011f edenlere i\u015fkence yapm\u0131\u015flard\u0131r.<\/p>\n","protected":false},"excerpt":{"rendered":"<p>Hz. Adem(a.s)`le ba\u015flayan \u0130slam tebli\u011f tarihi, y\u00e2ni insanl\u0131k tarihi, onun o\u011fullar\u0131 H\u00e2bil ve K\u00e2bil zaman\u0131nda iki kutba ayr\u0131lm\u0131\u015f ve bu iki kutup g\u00fcn\u00fcm\u00fcze kadar gelmi\u015ftir, k\u0131y\u00e2mete<span class=\"excerpt-hellip\"> [\u2026]<\/span><\/p>\n","protected":false},"featured_media":0,"template":"","meta":{"_monsterinsights_skip_tracking":false,"_monsterinsights_sitenote_active":false,"_monsterinsights_sitenote_note":"","_monsterinsights_sitenote_category":0},"product_brand":[],"product_cat":[12718,12719,18109],"product_tag":[],"class_list":{"0":"post-783467","1":"product","2":"type-product","3":"status-publish","5":"product_cat-din","6":"product_cat-islam","7":"product_cat-islam-tarihi","8":"pa_cilt-ciltsiz","9":"pa_tur-kitap","10":"pa_yayinevi-beyan-yayinlari","11":"pa_yazar-ihsan-sureyya-sirma","13":"first","14":"instock","15":"sale","16":"shipping-taxable","17":"purchasable","18":"product-type-simple"},"_links":{"self":[{"href":"https:\/\/roveyayinevi.com.tr\/index.php\/wp-json\/wp\/v2\/product\/783467","targetHints":{"allow":["GET"]}}],"collection":[{"href":"https:\/\/roveyayinevi.com.tr\/index.php\/wp-json\/wp\/v2\/product"}],"about":[{"href":"https:\/\/roveyayinevi.com.tr\/index.php\/wp-json\/wp\/v2\/types\/product"}],"wp:attachment":[{"href":"https:\/\/roveyayinevi.com.tr\/index.php\/wp-json\/wp\/v2\/media?parent=783467"}],"wp:term":[{"taxonomy":"product_brand","embeddable":true,"href":"https:\/\/roveyayinevi.com.tr\/index.php\/wp-json\/wp\/v2\/product_brand?post=783467"},{"taxonomy":"product_cat","embeddable":true,"href":"https:\/\/roveyayinevi.com.tr\/index.php\/wp-json\/wp\/v2\/product_cat?post=783467"},{"taxonomy":"product_tag","embeddable":true,"href":"https:\/\/roveyayinevi.com.tr\/index.php\/wp-json\/wp\/v2\/product_tag?post=783467"}],"curies":[{"name":"wp","href":"https:\/\/api.w.org\/{rel}","templated":true}]}}