{"id":783465,"date":"2026-02-26T21:53:27","date_gmt":"2026-02-26T18:53:27","guid":{"rendered":"https:\/\/roveyayinevi.com.tr\/index.php\/urun\/islam-peygamberi-kucuk-boy-karton-kapak\/"},"modified":"2026-04-16T02:06:26","modified_gmt":"2026-04-15T23:06:26","slug":"islam-peygamberi-kucuk-boy-karton-kapak","status":"publish","type":"product","link":"https:\/\/roveyayinevi.com.tr\/index.php\/urun\/islam-peygamberi-kucuk-boy-karton-kapak\/","title":{"rendered":"\u0130slam Peygamberi (K\u00fc\u00e7\u00fck Boy, Karton Kapak)"},"content":{"rendered":"<p>Onca b\u00fcy\u00fck zenginli\u011fine ra\u011fmen, bana \u00f6yle geliyor ki Frans\u0131z Edebiyat\u0131, d\u00fcnyan\u0131n belli ba\u015fl\u0131 dinlerinden birinin tebli\u011fcisi olan \u0130slam Peygamberi&#8217;nin Siyer&#8217;i, yani hayat\u0131 ve eserleri ile ilgili kapsaml\u0131 bir \u00e7al\u0131\u015fmadan yoksun gibi g\u00f6r\u00fcn\u00fcyor.\u0130\u015fte elinizdeki bu eserde, O&#8217;nun hayat\u0131n\u0131n \u00e7e\u015fitli y\u00f6nleri ele al\u0131nmaya \u00e7al\u0131\u015f\u0131lacakt\u0131r.<\/p>\n","protected":false},"excerpt":{"rendered":"<p>Onca b\u00fcy\u00fck zenginli\u011fine ra\u011fmen, bana \u00f6yle geliyor ki Frans\u0131z Edebiyat\u0131, d\u00fcnyan\u0131n belli ba\u015fl\u0131 dinlerinden birinin tebli\u011fcisi olan \u0130slam Peygamberi&#8217;nin Siyer&#8217;i, yani hayat\u0131 ve eserleri ile ilgili<span class=\"excerpt-hellip\"> [\u2026]<\/span><\/p>\n","protected":false},"featured_media":0,"template":"","meta":{"_monsterinsights_skip_tracking":false,"_monsterinsights_sitenote_active":false,"_monsterinsights_sitenote_note":"","_monsterinsights_sitenote_category":0},"product_brand":[],"product_cat":[16789,12718,12719],"product_tag":[],"class_list":{"0":"post-783465","1":"product","2":"type-product","3":"status-publish","5":"product_cat-diger-islam","6":"product_cat-din","7":"product_cat-islam","8":"pa_cilt-ciltsiz","9":"pa_tur-kitap","10":"pa_yayinevi-beyan-yayinlari","11":"pa_yazar-muhammed-hamidullah","13":"first","14":"instock","15":"sale","16":"shipping-taxable","17":"purchasable","18":"product-type-simple"},"_links":{"self":[{"href":"https:\/\/roveyayinevi.com.tr\/index.php\/wp-json\/wp\/v2\/product\/783465","targetHints":{"allow":["GET"]}}],"collection":[{"href":"https:\/\/roveyayinevi.com.tr\/index.php\/wp-json\/wp\/v2\/product"}],"about":[{"href":"https:\/\/roveyayinevi.com.tr\/index.php\/wp-json\/wp\/v2\/types\/product"}],"wp:attachment":[{"href":"https:\/\/roveyayinevi.com.tr\/index.php\/wp-json\/wp\/v2\/media?parent=783465"}],"wp:term":[{"taxonomy":"product_brand","embeddable":true,"href":"https:\/\/roveyayinevi.com.tr\/index.php\/wp-json\/wp\/v2\/product_brand?post=783465"},{"taxonomy":"product_cat","embeddable":true,"href":"https:\/\/roveyayinevi.com.tr\/index.php\/wp-json\/wp\/v2\/product_cat?post=783465"},{"taxonomy":"product_tag","embeddable":true,"href":"https:\/\/roveyayinevi.com.tr\/index.php\/wp-json\/wp\/v2\/product_tag?post=783465"}],"curies":[{"name":"wp","href":"https:\/\/api.w.org\/{rel}","templated":true}]}}