{"id":783463,"date":"2026-02-26T21:53:22","date_gmt":"2026-02-26T18:53:22","guid":{"rendered":"https:\/\/roveyayinevi.com.tr\/index.php\/urun\/islam-oncesi-mekke-donemi-ve-hz-muhammed\/"},"modified":"2026-04-16T02:06:26","modified_gmt":"2026-04-15T23:06:26","slug":"islam-oncesi-mekke-donemi-ve-hz-muhammed","status":"publish","type":"product","link":"https:\/\/roveyayinevi.com.tr\/index.php\/urun\/islam-oncesi-mekke-donemi-ve-hz-muhammed\/","title":{"rendered":"\u0130slam \u00d6ncesi Mekke D\u00f6nemi ve Hz. Muhammed"},"content":{"rendered":"<p>Tarihe malolmu\u015f b\u00fcy\u00fck \u015fahsiyetlerin vermi\u015f olduklar\u0131 m\u00fccadeleleri anlayabilmek, onlar\u0131n hangi \u015fartlar alt\u0131nda yeti\u015ftikleri, hangi ortamlarda \u00e7ocukluk ve gen\u00e7liklerinin ge\u00e7ti\u011fi, bu ortamlar i\u00e7erisindeki fonksiyonlar\u0131n\u0131 ve ink\u0131laplar\u0131n\u0131 g\u00f6r\u00fcp de\u011ferlendirebilmek i\u00e7in, m\u00fccadele d\u00f6nemlerinden \u00f6nceki d\u00f6nemi de \u00e7ok iyi bilmek gerekir. \u015e\u00fcphesiz tarih i\u00e7inde kendisine verilen g\u00f6revi ifa etmesi bak\u0131m\u0131ndan insanlar\u0131n en b\u00fcy\u00fc\u011f\u00fc, en cesuru ve \u00f6rnek al\u0131nacak \u015fahsiyetlerin ilki, Allah&#8217;\u0131n son peygamber olarak se\u00e7mi\u015f oldu\u011fu Hz. Muhammed (s.a.s)dir.<\/p>\n","protected":false},"excerpt":{"rendered":"<p>Tarihe malolmu\u015f b\u00fcy\u00fck \u015fahsiyetlerin vermi\u015f olduklar\u0131 m\u00fccadeleleri anlayabilmek, onlar\u0131n hangi \u015fartlar alt\u0131nda yeti\u015ftikleri, hangi ortamlarda \u00e7ocukluk ve gen\u00e7liklerinin ge\u00e7ti\u011fi, bu ortamlar i\u00e7erisindeki fonksiyonlar\u0131n\u0131 ve ink\u0131laplar\u0131n\u0131 g\u00f6r\u00fcp<span class=\"excerpt-hellip\"> [\u2026]<\/span><\/p>\n","protected":false},"featured_media":0,"template":"","meta":{"_monsterinsights_skip_tracking":false,"_monsterinsights_sitenote_active":false,"_monsterinsights_sitenote_note":"","_monsterinsights_sitenote_category":0},"product_brand":[],"product_cat":[16789,12718,12719],"product_tag":[],"class_list":{"0":"post-783463","1":"product","2":"type-product","3":"status-publish","5":"product_cat-diger-islam","6":"product_cat-din","7":"product_cat-islam","8":"pa_cilt-ciltsiz","9":"pa_tur-kitap","10":"pa_yayinevi-beyan-yayinlari","11":"pa_yazar-ihsan-sureyya-sirma","13":"first","14":"instock","15":"sale","16":"shipping-taxable","17":"purchasable","18":"product-type-simple"},"_links":{"self":[{"href":"https:\/\/roveyayinevi.com.tr\/index.php\/wp-json\/wp\/v2\/product\/783463","targetHints":{"allow":["GET"]}}],"collection":[{"href":"https:\/\/roveyayinevi.com.tr\/index.php\/wp-json\/wp\/v2\/product"}],"about":[{"href":"https:\/\/roveyayinevi.com.tr\/index.php\/wp-json\/wp\/v2\/types\/product"}],"wp:attachment":[{"href":"https:\/\/roveyayinevi.com.tr\/index.php\/wp-json\/wp\/v2\/media?parent=783463"}],"wp:term":[{"taxonomy":"product_brand","embeddable":true,"href":"https:\/\/roveyayinevi.com.tr\/index.php\/wp-json\/wp\/v2\/product_brand?post=783463"},{"taxonomy":"product_cat","embeddable":true,"href":"https:\/\/roveyayinevi.com.tr\/index.php\/wp-json\/wp\/v2\/product_cat?post=783463"},{"taxonomy":"product_tag","embeddable":true,"href":"https:\/\/roveyayinevi.com.tr\/index.php\/wp-json\/wp\/v2\/product_tag?post=783463"}],"curies":[{"name":"wp","href":"https:\/\/api.w.org\/{rel}","templated":true}]}}