{"id":783462,"date":"2026-02-26T21:53:20","date_gmt":"2026-02-26T18:53:20","guid":{"rendered":"https:\/\/roveyayinevi.com.tr\/index.php\/urun\/hz-ali-nehcul-belaga\/"},"modified":"2026-04-16T02:06:26","modified_gmt":"2026-04-15T23:06:26","slug":"hz-ali-nehcul-belaga","status":"publish","type":"product","link":"https:\/\/roveyayinevi.com.tr\/index.php\/urun\/hz-ali-nehcul-belaga\/","title":{"rendered":"Hz. Ali &#8211; Nehc\u00fc\u2019l Bela\u011fa"},"content":{"rendered":"<p>Hz. Ali, Peygamberimizin amcas\u0131 Ebu Talib\u2019in \u00e7ocuklar\u0131nda biri olarak d\u00fcnyaya gelmi\u015ftir. K\u00fc\u00e7\u00fck ya\u015flardan itibaren Hz. Peygamber\u2019le birlikte olma ayr\u0131cal\u0131\u011f\u0131na sahip olan \u00f6nemli bir ki\u015filiktir. Hz. Peygamber\u2019in Ebu Talib ailesiyle ili\u015fkisi, di\u011fer amcalar\u0131ndan farkl\u0131d\u0131r. Zira do\u011fmadan babas\u0131n\u0131 alt\u0131 ya\u015f\u0131ndayken annesini ve sekiz ya\u015f\u0131ndaykende hamisi olan dedesini kaybeden Muhammed, bundan sonra evleninceye kadar hayat\u0131n\u0131 Ebu Talib\u2019in evinde ge\u00e7irmi\u015f, Ebu Talib\u2019in han\u0131m\u0131ndan \u00f6zel bir ilgi g\u00f6rm\u00fc\u015f, onu annesi kabul edecek kadar kendisine sayg\u0131 duymu\u015ftur. Hz.Peygamber\u2019in evlendikten sonra maddi durumu bozulan amcas\u0131na katk\u0131 sa\u011flamak amac\u0131yla Ali\u2019yi evine almas\u0131 ve onun bak\u0131m\u0131n\u0131 \u00fcstlenmesi bu iyi ili\u015fkilerin g\u00f6stergesidir. Hz. Ali\u2019nin, ahlak abidesi Hz. Peygamber\u2019den azami derecede etkilendi\u011fi muhakkakt\u0131r. Zaten kitapta yer alan metinlere bak\u0131ld\u0131\u011f\u0131nda \u0130slam\u2019\u0131n y\u00fcceltti\u011fi ve Hz. Peygamberin ki\u015fili\u011finde yans\u0131tt\u0131\u011f\u0131 ahlaki de\u011ferlerin onun d\u00fc\u00fcncesinde ve hayat\u0131nda da canl\u0131 bir \u015fekilde ya\u015fad\u0131\u011f\u0131n\u0131 g\u00f6r\u00fcr\u00fcz. Ku\u015fku yok ki, Hz. Peygamber, se\u00e7kin arkada\u015flar\u0131n\u0131n hepsinin hayat\u0131nda k\u00f6kl\u00fc de\u011fi\u015fimler ve etkiler meydana getirmi\u015ftir, ancak \u00e7ocuklu\u011fundan itibaren Hz. Peygamber\u2019in en yak\u0131n\u0131nda bulunan ve \u0130slam davetinin her a\u015famas\u0131n\u0131 yak\u0131ndan takip etme imkan\u0131na sahip olan Hz. Ali\u2019nin ki\u015fili\u011fi ve duygu d\u00fcnyas\u0131 \u00fczerinde meydana getirdi\u011fi etkiler \u00e7ok daha farkl\u0131 olmu\u015ftur. <\/p>\n","protected":false},"excerpt":{"rendered":"<p>Hz. Ali, Peygamberimizin amcas\u0131 Ebu Talib\u2019in \u00e7ocuklar\u0131nda biri olarak d\u00fcnyaya gelmi\u015ftir. K\u00fc\u00e7\u00fck ya\u015flardan itibaren Hz. Peygamber\u2019le birlikte olma ayr\u0131cal\u0131\u011f\u0131na sahip olan \u00f6nemli bir ki\u015filiktir. Hz. Peygamber\u2019in<span class=\"excerpt-hellip\"> [\u2026]<\/span><\/p>\n","protected":false},"featured_media":0,"template":"","meta":{"_monsterinsights_skip_tracking":false,"_monsterinsights_sitenote_active":false,"_monsterinsights_sitenote_note":"","_monsterinsights_sitenote_category":0},"product_brand":[],"product_cat":[18094,12718,12719],"product_tag":[],"class_list":{"0":"post-783462","1":"product","2":"type-product","3":"status-publish","5":"product_cat-biyografi-otobiyografi-islam","6":"product_cat-din","7":"product_cat-islam","8":"pa_tur-kitap","9":"pa_yayinevi-beyan-yayinlari","10":"pa_yazar-es-serif-er-radi","12":"first","13":"instock","14":"sale","15":"shipping-taxable","16":"purchasable","17":"product-type-simple"},"_links":{"self":[{"href":"https:\/\/roveyayinevi.com.tr\/index.php\/wp-json\/wp\/v2\/product\/783462","targetHints":{"allow":["GET"]}}],"collection":[{"href":"https:\/\/roveyayinevi.com.tr\/index.php\/wp-json\/wp\/v2\/product"}],"about":[{"href":"https:\/\/roveyayinevi.com.tr\/index.php\/wp-json\/wp\/v2\/types\/product"}],"wp:attachment":[{"href":"https:\/\/roveyayinevi.com.tr\/index.php\/wp-json\/wp\/v2\/media?parent=783462"}],"wp:term":[{"taxonomy":"product_brand","embeddable":true,"href":"https:\/\/roveyayinevi.com.tr\/index.php\/wp-json\/wp\/v2\/product_brand?post=783462"},{"taxonomy":"product_cat","embeddable":true,"href":"https:\/\/roveyayinevi.com.tr\/index.php\/wp-json\/wp\/v2\/product_cat?post=783462"},{"taxonomy":"product_tag","embeddable":true,"href":"https:\/\/roveyayinevi.com.tr\/index.php\/wp-json\/wp\/v2\/product_tag?post=783462"}],"curies":[{"name":"wp","href":"https:\/\/api.w.org\/{rel}","templated":true}]}}