{"id":783456,"date":"2026-02-26T21:50:19","date_gmt":"2026-02-26T18:50:19","guid":{"rendered":"https:\/\/roveyayinevi.com.tr\/index.php\/urun\/zekiler-kitabi\/"},"modified":"2026-04-16T02:04:00","modified_gmt":"2026-04-15T23:04:00","slug":"zekiler-kitabi","status":"publish","type":"product","link":"https:\/\/roveyayinevi.com.tr\/index.php\/urun\/zekiler-kitabi\/","title":{"rendered":"Zekiler Kitab\u0131"},"content":{"rendered":"<p>Kit\u00e2bu\u2019l-Ezkiy\u00e2 (Zekiler Kitab\u0131) zeki insanlar\u0131n zeka p\u0131r\u0131lt\u0131lar\u0131yla dolu hik\u00e2yelerini anlatarak zek\u00e2y\u0131 ve derin anlay\u0131\u015f\u0131 y\u00fccelten bir eserdir. Peygamberler ba\u015fta olmak \u00fczere insanl\u0131\u011f\u0131n hemen her seviyesinden zek\u00e2 \u00f6rnekleri verilen bu eserin amac\u0131n\u0131 \u0130bn\u00fc\u2019l-Cevz\u00ee \u015f\u00f6yle \u00f6zetliyor:  Bu kitapla \u00fc\u00e7 \u015feyi yapmak istedim: 1-K\u0131ssalar\u0131n\u0131 anlatmak suretiyle bu nitelikteki insanlar\u0131 tan\u0131t\u0131p k\u0131ymetlerini takdir etmek, 2-Onlar\u0131n seviyesine \u00e7\u0131kma kabiliyeti olan insanlar\u0131n ufkunu a\u00e7mak, 3-Zek\u00e2s\u0131na eri\u015femeyece\u011fini insanlar\u0131n k\u0131ssalar\u0131n\u0131 anlatarak, kendini be\u011fenmi\u015f kimseleri e\u011fitip yola getirmek. <\/p>\n","protected":false},"excerpt":{"rendered":"<p>Kit\u00e2bu\u2019l-Ezkiy\u00e2 (Zekiler Kitab\u0131) zeki insanlar\u0131n zeka p\u0131r\u0131lt\u0131lar\u0131yla dolu hik\u00e2yelerini anlatarak zek\u00e2y\u0131 ve derin anlay\u0131\u015f\u0131 y\u00fccelten bir eserdir. Peygamberler ba\u015fta olmak \u00fczere insanl\u0131\u011f\u0131n hemen her seviyesinden zek\u00e2<span class=\"excerpt-hellip\"> [\u2026]<\/span><\/p>\n","protected":false},"featured_media":0,"template":"","meta":{"_monsterinsights_skip_tracking":false,"_monsterinsights_sitenote_active":false,"_monsterinsights_sitenote_note":"","_monsterinsights_sitenote_category":0},"product_brand":[],"product_cat":[16789,12718,12719],"product_tag":[],"class_list":{"0":"post-783456","1":"product","2":"type-product","3":"status-publish","5":"product_cat-diger-islam","6":"product_cat-din","7":"product_cat-islam","8":"pa_tur-kitap","9":"pa_yayinevi-sule-yayinlari","10":"pa_yazar-imam-cemaleddin-ebul-ferec-ibn-cevzi","12":"first","13":"instock","14":"sale","15":"shipping-taxable","16":"purchasable","17":"product-type-simple"},"_links":{"self":[{"href":"https:\/\/roveyayinevi.com.tr\/index.php\/wp-json\/wp\/v2\/product\/783456","targetHints":{"allow":["GET"]}}],"collection":[{"href":"https:\/\/roveyayinevi.com.tr\/index.php\/wp-json\/wp\/v2\/product"}],"about":[{"href":"https:\/\/roveyayinevi.com.tr\/index.php\/wp-json\/wp\/v2\/types\/product"}],"wp:attachment":[{"href":"https:\/\/roveyayinevi.com.tr\/index.php\/wp-json\/wp\/v2\/media?parent=783456"}],"wp:term":[{"taxonomy":"product_brand","embeddable":true,"href":"https:\/\/roveyayinevi.com.tr\/index.php\/wp-json\/wp\/v2\/product_brand?post=783456"},{"taxonomy":"product_cat","embeddable":true,"href":"https:\/\/roveyayinevi.com.tr\/index.php\/wp-json\/wp\/v2\/product_cat?post=783456"},{"taxonomy":"product_tag","embeddable":true,"href":"https:\/\/roveyayinevi.com.tr\/index.php\/wp-json\/wp\/v2\/product_tag?post=783456"}],"curies":[{"name":"wp","href":"https:\/\/api.w.org\/{rel}","templated":true}]}}