{"id":783453,"date":"2026-02-26T21:50:13","date_gmt":"2026-02-26T18:50:13","guid":{"rendered":"https:\/\/roveyayinevi.com.tr\/index.php\/urun\/kuranin-butunlugu-uzerine\/"},"modified":"2026-04-16T02:04:00","modified_gmt":"2026-04-15T23:04:00","slug":"kuranin-butunlugu-uzerine","status":"publish","type":"product","link":"https:\/\/roveyayinevi.com.tr\/index.php\/urun\/kuranin-butunlugu-uzerine\/","title":{"rendered":"Kur\u2019an\u2019\u0131n B\u00fct\u00fcnl\u00fc\u011f\u00fc \u00dczerine"},"content":{"rendered":"<p>Bu \u00e7al\u0131\u015fma, Kur\u2019an\u2019\u0131n b\u00fct\u00fcnl\u00fc\u011f\u00fc olgusunu ele al\u0131yor. Kur\u2019an\u2019\u0131n kelime, terkib ve c\u00fcmlelerinin birbirleriyle ba\u011flant\u0131lar\u0131n\u0131 inceliyor. Ara\u015ft\u0131rmac\u0131y\u0131 b\u00fct\u00fcnc\u00fc yakla\u015f\u0131mdan uzakla\u015ft\u0131ran psikolojik durumlara i\u015faret ediyor. Kur\u2019an\u2019\u0131 b\u00fct\u00fcnc\u00fc yakla\u015f\u0131mla anlaman\u0131n \u00f6nemini \u00f6rneklerle vurguluyor. \u00d6nyarg\u0131l\u0131 yakla\u015f\u0131mlar\u0131n sonu\u00e7lar\u0131n\u0131 Kur\u2019an b\u00fct\u00fcnl\u00fc\u011f\u00fc ba\u011flam\u0131nda irdeliyor. Kur\u2019an tefsirinin Kur\u2019an d\u0131\u015f\u0131 ara\u00e7lara zorunlu olarak ihtiya\u00e7 duydu\u011funu tekrarl\u0131yor. Kur\u2019an\u2019\u0131n metin b\u00fct\u00fcnl\u00fc\u011f\u00fcn\u00fcn onun olgusuyla ili\u015fkisinin imkanlar\u0131 \u00e7er\u00e7evesinde aranabilece\u011finin alt\u0131n\u0131 \u00e7iziyor. <\/p>\n","protected":false},"excerpt":{"rendered":"<p>Bu \u00e7al\u0131\u015fma, Kur\u2019an\u2019\u0131n b\u00fct\u00fcnl\u00fc\u011f\u00fc olgusunu ele al\u0131yor. Kur\u2019an\u2019\u0131n kelime, terkib ve c\u00fcmlelerinin birbirleriyle ba\u011flant\u0131lar\u0131n\u0131 inceliyor. Ara\u015ft\u0131rmac\u0131y\u0131 b\u00fct\u00fcnc\u00fc yakla\u015f\u0131mdan uzakla\u015ft\u0131ran psikolojik durumlara i\u015faret ediyor. Kur\u2019an\u2019\u0131 b\u00fct\u00fcnc\u00fc yakla\u015f\u0131mla<span class=\"excerpt-hellip\"> [\u2026]<\/span><\/p>\n","protected":false},"featured_media":0,"template":"","meta":{"_monsterinsights_skip_tracking":false,"_monsterinsights_sitenote_active":false,"_monsterinsights_sitenote_note":"","_monsterinsights_sitenote_category":0},"product_brand":[],"product_cat":[12718,12719,17284],"product_tag":[],"class_list":{"0":"post-783453","1":"product","2":"type-product","3":"status-publish","5":"product_cat-din","6":"product_cat-islam","7":"product_cat-kuran-ve-kuran-uzerine","8":"pa_cilt-ciltsiz","9":"pa_tur-kitap","10":"pa_yayinevi-sule-yayinlari","11":"pa_yazar-halis-albayrak","13":"first","14":"instock","15":"sale","16":"shipping-taxable","17":"purchasable","18":"product-type-simple"},"_links":{"self":[{"href":"https:\/\/roveyayinevi.com.tr\/index.php\/wp-json\/wp\/v2\/product\/783453","targetHints":{"allow":["GET"]}}],"collection":[{"href":"https:\/\/roveyayinevi.com.tr\/index.php\/wp-json\/wp\/v2\/product"}],"about":[{"href":"https:\/\/roveyayinevi.com.tr\/index.php\/wp-json\/wp\/v2\/types\/product"}],"wp:attachment":[{"href":"https:\/\/roveyayinevi.com.tr\/index.php\/wp-json\/wp\/v2\/media?parent=783453"}],"wp:term":[{"taxonomy":"product_brand","embeddable":true,"href":"https:\/\/roveyayinevi.com.tr\/index.php\/wp-json\/wp\/v2\/product_brand?post=783453"},{"taxonomy":"product_cat","embeddable":true,"href":"https:\/\/roveyayinevi.com.tr\/index.php\/wp-json\/wp\/v2\/product_cat?post=783453"},{"taxonomy":"product_tag","embeddable":true,"href":"https:\/\/roveyayinevi.com.tr\/index.php\/wp-json\/wp\/v2\/product_tag?post=783453"}],"curies":[{"name":"wp","href":"https:\/\/api.w.org\/{rel}","templated":true}]}}