{"id":783451,"date":"2026-02-26T21:49:49","date_gmt":"2026-02-26T18:49:49","guid":{"rendered":"https:\/\/roveyayinevi.com.tr\/index.php\/urun\/gunesimin-onunden-cekil\/"},"modified":"2026-04-16T02:04:00","modified_gmt":"2026-04-15T23:04:00","slug":"gunesimin-onunden-cekil","status":"publish","type":"product","link":"https:\/\/roveyayinevi.com.tr\/index.php\/urun\/gunesimin-onunden-cekil\/","title":{"rendered":"G\u00fcne\u015fimin \u00d6n\u00fcnden \u00c7ekil"},"content":{"rendered":"<p>G\u00fcne\u015fimin \u00d6n\u00fcnden \u00c7ekil! Bu azar\u0131 bir imparator duydu. B\u00fcy\u00fck \u0130skender deniyordu ona. Diyojen\u2019in \u015f\u00f6hretini duymu\u015f, \u015fan\u0131n\u0131 bu \u015f\u00f6hretin yan\u0131na ta\u015f\u0131yarak halka ho\u015f g\u00f6r\u00fcnmeyi ummu\u015ftu. Bir yanda Makedonya kral\u0131n\u0131n parlak alay\u0131, \u00f6b\u00fcr yanda pa\u00e7avralar i\u00e7inde g\u00fcne\u015flenen Diyojen&#8230; Biri y\u00fccelterek, di\u011feri a\u015fa\u011f\u0131layarak d\u00fcnyay\u0131 kendine dar g\u00f6ren iki adam! \u0130mparator ihsanda bulunmak istiyor:  Ne dilersen, yapay\u0131m!  Diyojen \u00fczerine d\u00fc\u015fen g\u00f6lgenin \u0130mparator\u2019a de\u011fil d\u00fcnyaya ait oldu\u011funu hissediyor ve elinin tersiyle itiyor bu g\u00f6lgeyi.  G\u00fcne\u015fimin \u00f6n\u00fcnden \u00e7ekil! <\/p>\n","protected":false},"excerpt":{"rendered":"<p>G\u00fcne\u015fimin \u00d6n\u00fcnden \u00c7ekil! Bu azar\u0131 bir imparator duydu. B\u00fcy\u00fck \u0130skender deniyordu ona. Diyojen\u2019in \u015f\u00f6hretini duymu\u015f, \u015fan\u0131n\u0131 bu \u015f\u00f6hretin yan\u0131na ta\u015f\u0131yarak halka ho\u015f g\u00f6r\u00fcnmeyi ummu\u015ftu. Bir yanda<span class=\"excerpt-hellip\"> [\u2026]<\/span><\/p>\n","protected":false},"featured_media":0,"template":"","meta":{"_monsterinsights_skip_tracking":false,"_monsterinsights_sitenote_active":false,"_monsterinsights_sitenote_note":"","_monsterinsights_sitenote_category":0},"product_brand":[],"product_cat":[12777,12291],"product_tag":[],"class_list":{"0":"post-783451","1":"product","2":"type-product","3":"status-publish","5":"product_cat-deneme","6":"product_cat-edebiyat","7":"pa_tur-kitap","8":"pa_yayinevi-sule-yayinlari","9":"pa_yazar-a-ali-ural","11":"first","12":"instock","13":"sale","14":"shipping-taxable","15":"purchasable","16":"product-type-simple"},"_links":{"self":[{"href":"https:\/\/roveyayinevi.com.tr\/index.php\/wp-json\/wp\/v2\/product\/783451","targetHints":{"allow":["GET"]}}],"collection":[{"href":"https:\/\/roveyayinevi.com.tr\/index.php\/wp-json\/wp\/v2\/product"}],"about":[{"href":"https:\/\/roveyayinevi.com.tr\/index.php\/wp-json\/wp\/v2\/types\/product"}],"wp:attachment":[{"href":"https:\/\/roveyayinevi.com.tr\/index.php\/wp-json\/wp\/v2\/media?parent=783451"}],"wp:term":[{"taxonomy":"product_brand","embeddable":true,"href":"https:\/\/roveyayinevi.com.tr\/index.php\/wp-json\/wp\/v2\/product_brand?post=783451"},{"taxonomy":"product_cat","embeddable":true,"href":"https:\/\/roveyayinevi.com.tr\/index.php\/wp-json\/wp\/v2\/product_cat?post=783451"},{"taxonomy":"product_tag","embeddable":true,"href":"https:\/\/roveyayinevi.com.tr\/index.php\/wp-json\/wp\/v2\/product_tag?post=783451"}],"curies":[{"name":"wp","href":"https:\/\/api.w.org\/{rel}","templated":true}]}}