{"id":783449,"date":"2026-02-26T21:49:29","date_gmt":"2026-02-26T18:49:29","guid":{"rendered":"https:\/\/roveyayinevi.com.tr\/index.php\/urun\/ataturk-ve-milli-siirleri\/"},"modified":"2026-03-06T02:07:02","modified_gmt":"2026-03-05T23:07:02","slug":"ataturk-ve-milli-siirleri","status":"publish","type":"product","link":"https:\/\/roveyayinevi.com.tr\/index.php\/urun\/ataturk-ve-milli-siirleri\/","title":{"rendered":"Atat\u00fcrk ve Milli \u015eiirleri"},"content":{"rendered":"<p>Bu kitapta Atat\u00fcrk sevgisi, Vatan\u2019\u0131n kutsall\u0131\u011f\u0131 ve Millet Sevgisi, T\u00fcrk Tarihi\u2019nin \u00f6nemi, T\u00fcrk Dili, T\u00fcrk Kahramanl\u0131klar\u0131 gibi konular\u0131 i\u015fleyen en \u00f6nemli \u015fiirler yer almaktad\u0131r. Ayr\u0131ca Ordu \u015fiirleri, T\u00fcrk soyuna ili\u015fkin \u015fiirler aras\u0131ndan bir se\u00e7me yap\u0131larak kitaba al\u0131nm\u0131\u015ft\u0131r. <\/p>\n","protected":false},"excerpt":{"rendered":"<p>Bu kitapta Atat\u00fcrk sevgisi, Vatan\u2019\u0131n kutsall\u0131\u011f\u0131 ve Millet Sevgisi, T\u00fcrk Tarihi\u2019nin \u00f6nemi, T\u00fcrk Dili, T\u00fcrk Kahramanl\u0131klar\u0131 gibi konular\u0131 i\u015fleyen en \u00f6nemli \u015fiirler yer almaktad\u0131r. Ayr\u0131ca Ordu<span class=\"excerpt-hellip\"> [\u2026]<\/span><\/p>\n","protected":false},"featured_media":0,"template":"","meta":{"_monsterinsights_skip_tracking":false,"_monsterinsights_sitenote_active":false,"_monsterinsights_sitenote_note":"","_monsterinsights_sitenote_category":0},"product_brand":[],"product_cat":[12291,12292],"product_tag":[],"class_list":{"0":"post-783449","1":"product","2":"type-product","3":"status-publish","5":"product_cat-edebiyat","6":"product_cat-turk-edebiyati","7":"pa_tur-kitap","8":"pa_yayinevi-toker-yayinlari","9":"pa_yazar-yalcin-toker","11":"first","12":"instock","13":"sale","14":"shipping-taxable","15":"purchasable","16":"product-type-simple"},"_links":{"self":[{"href":"https:\/\/roveyayinevi.com.tr\/index.php\/wp-json\/wp\/v2\/product\/783449","targetHints":{"allow":["GET"]}}],"collection":[{"href":"https:\/\/roveyayinevi.com.tr\/index.php\/wp-json\/wp\/v2\/product"}],"about":[{"href":"https:\/\/roveyayinevi.com.tr\/index.php\/wp-json\/wp\/v2\/types\/product"}],"wp:attachment":[{"href":"https:\/\/roveyayinevi.com.tr\/index.php\/wp-json\/wp\/v2\/media?parent=783449"}],"wp:term":[{"taxonomy":"product_brand","embeddable":true,"href":"https:\/\/roveyayinevi.com.tr\/index.php\/wp-json\/wp\/v2\/product_brand?post=783449"},{"taxonomy":"product_cat","embeddable":true,"href":"https:\/\/roveyayinevi.com.tr\/index.php\/wp-json\/wp\/v2\/product_cat?post=783449"},{"taxonomy":"product_tag","embeddable":true,"href":"https:\/\/roveyayinevi.com.tr\/index.php\/wp-json\/wp\/v2\/product_tag?post=783449"}],"curies":[{"name":"wp","href":"https:\/\/api.w.org\/{rel}","templated":true}]}}