{"id":783446,"date":"2026-02-26T21:48:50","date_gmt":"2026-02-26T18:48:50","guid":{"rendered":"https:\/\/roveyayinevi.com.tr\/index.php\/urun\/tevhid-ve-toplum\/"},"modified":"2026-04-16T02:03:00","modified_gmt":"2026-04-15T23:03:00","slug":"tevhid-ve-toplum","status":"publish","type":"product","link":"https:\/\/roveyayinevi.com.tr\/index.php\/urun\/tevhid-ve-toplum\/","title":{"rendered":"Tevhid ve Toplum"},"content":{"rendered":"<p>\u0130nsan varolu\u015f ve yarat\u0131l\u0131\u015f gayesinin geregini yerine getirmek istiyorsa, Allah&#8217;\u0131n m\u00fclk\u00fc oldu\u011funu bilmeli ve bir &#8216;abd&#8217; bilinciyle davranmal\u0131d\u0131r. Ever &#8216;abd&#8217; oldu\u011funu unutur veya reddeder de kendisini m\u00fclk\u00fcn sahibi veya orta\u011f\u0131 k\u0131lmaya kalk\u0131\u015f\u0131rsa yarat\u0131l\u0131\u015f gayesini tersine \u00e7evirecek sapma ba\u015fl\u0131yor demektir. Bu sapman\u0131n neticesi ise,sadece d\u00fcnya hayat\u0131 d\u00fc\u015f\u00fcn\u00fcld\u00fc\u011f\u00fc zaman, aldanma, yanl\u0131\u015fl\u0131k, k\u00f6t\u00fcl\u00fck, zul\u00fcm, s\u00f6m\u00fcr\u00fc, keder, g\u00f6zya\u015f\u0131, ac\u0131, \u00e7ile, ahlaks\u0131zl\u0131k, sap\u0131kl\u0131k ve benzerleridir. \u015eirk i\u015fte b\u00f6ylesi bir sapmad\u0131r ve dolay\u0131s\u0131yla ar\u0131zidir, yanl\u0131\u015ft\u0131r tehlikeli bir gidi\u015ftir. Peygamberler ise b\u00f6ylesi tehlikeli bir gidi\u015fin \u00f6n\u00fcn\u00fc kesmek, b\u00f6ylesi yanl\u0131\u015f bir sapmay\u0131 \u00f6nlemek ve ger\u00e7ekle\u015fmi\u015f olanlar\u0131 tekrar g\u00fczergah\u0131na oturtmak i\u00e7in gelirler;  Andolsun ki her \u00fcmmete Allah&#8217;a kulluk edin, ta\u011futlardan ka\u00e7\u0131n\u0131n diye peygamberler g\u00f6ndermi\u015fizdir.  (16\/36) Peygamberler, insanlar\u0131n idrakine ve duygular\u0131na hitap edip, bulunduklar\u0131 yolun yanl\u0131\u015fl\u0131\u011f\u0131n\u0131 g\u00f6sterir ve dosdo\u011fru yolu tarif ederler;  \u0130\u015fte benim do\u011fru yolum bu. Ona uyun, (ba\u015fka) yollara uymay\u0131n ki sizi O&#8217;nun yolundan ay\u0131rmas\u0131n! korunman\u0131z i\u00e7in size b\u00f6yle tavsiye ediyor  (6\/153) Bunun gere\u011fi ise, Tevhid ger\u00e7e\u011fini a\u00e7\u0131klamak ve gere\u011fini g\u00f6stermektir: \u0130nsan ile Rabbi olan Allah aras\u0131nda uyum. \u0130nsan ile toplum aras\u0131nda uyum. \u0130nsan\u0131n inan\u00e7, d\u00fc\u015f\u00fcnce ve ya\u015fant\u0131s\u0131 ile mutlak hakikat ve yarat\u0131l\u0131\u015f gayesinde uyum. <\/p>\n","protected":false},"excerpt":{"rendered":"<p>\u0130nsan varolu\u015f ve yarat\u0131l\u0131\u015f gayesinin geregini yerine getirmek istiyorsa, Allah&#8217;\u0131n m\u00fclk\u00fc oldu\u011funu bilmeli ve bir &#8216;abd&#8217; bilinciyle davranmal\u0131d\u0131r. Ever &#8216;abd&#8217; oldu\u011funu unutur veya reddeder de kendisini<span class=\"excerpt-hellip\"> [\u2026]<\/span><\/p>\n","protected":false},"featured_media":0,"template":"","meta":{"_monsterinsights_skip_tracking":false,"_monsterinsights_sitenote_active":false,"_monsterinsights_sitenote_note":"","_monsterinsights_sitenote_category":0},"product_brand":[],"product_cat":[16789,12718,12719],"product_tag":[],"class_list":{"0":"post-783446","1":"product","2":"type-product","3":"status-publish","5":"product_cat-diger-islam","6":"product_cat-din","7":"product_cat-islam","8":"pa_tur-kitap","9":"pa_yayinevi-pinar-yayinlari","10":"pa_yazar-celaleddin-vatandas","12":"first","13":"instock","14":"sale","15":"shipping-taxable","16":"purchasable","17":"product-type-simple"},"_links":{"self":[{"href":"https:\/\/roveyayinevi.com.tr\/index.php\/wp-json\/wp\/v2\/product\/783446","targetHints":{"allow":["GET"]}}],"collection":[{"href":"https:\/\/roveyayinevi.com.tr\/index.php\/wp-json\/wp\/v2\/product"}],"about":[{"href":"https:\/\/roveyayinevi.com.tr\/index.php\/wp-json\/wp\/v2\/types\/product"}],"wp:attachment":[{"href":"https:\/\/roveyayinevi.com.tr\/index.php\/wp-json\/wp\/v2\/media?parent=783446"}],"wp:term":[{"taxonomy":"product_brand","embeddable":true,"href":"https:\/\/roveyayinevi.com.tr\/index.php\/wp-json\/wp\/v2\/product_brand?post=783446"},{"taxonomy":"product_cat","embeddable":true,"href":"https:\/\/roveyayinevi.com.tr\/index.php\/wp-json\/wp\/v2\/product_cat?post=783446"},{"taxonomy":"product_tag","embeddable":true,"href":"https:\/\/roveyayinevi.com.tr\/index.php\/wp-json\/wp\/v2\/product_tag?post=783446"}],"curies":[{"name":"wp","href":"https:\/\/api.w.org\/{rel}","templated":true}]}}