{"id":783445,"date":"2026-02-26T21:48:46","date_gmt":"2026-02-26T18:48:46","guid":{"rendered":"https:\/\/roveyayinevi.com.tr\/index.php\/urun\/yusufun-uc-gomlegi\/"},"modified":"2026-04-16T02:02:58","modified_gmt":"2026-04-15T23:02:58","slug":"yusufun-uc-gomlegi","status":"publish","type":"product","link":"https:\/\/roveyayinevi.com.tr\/index.php\/urun\/yusufun-uc-gomlegi\/","title":{"rendered":"Yusuf\u2019un \u00dc\u00e7 G\u00f6mle\u011fi"},"content":{"rendered":"<p>Biz, bu \u00e7al\u0131\u015fmam\u0131zda; insanl\u0131k tarihinin en g\u00fczel, en hay\u0131rl\u0131 insanlar\u0131ndan Hz. Yusuf&#8217;un (a.s) g\u00fczelliklerle dolu k\u0131ssas\u0131n\u0131, bug\u00fcn\u00fcn d\u00fcnyas\u0131nda ya\u015fayan m\u00fcminler olarak g\u00fcn\u00fcm\u00fcze ta\u015f\u0131maya gayret edece\u011fiz. \ufffcTan\u0131t\u0131m Metni<\/p>\n","protected":false},"excerpt":{"rendered":"<p>Biz, bu \u00e7al\u0131\u015fmam\u0131zda; insanl\u0131k tarihinin en g\u00fczel, en hay\u0131rl\u0131 insanlar\u0131ndan Hz. Yusuf&#8217;un (a.s) g\u00fczelliklerle dolu k\u0131ssas\u0131n\u0131, bug\u00fcn\u00fcn d\u00fcnyas\u0131nda ya\u015fayan m\u00fcminler olarak g\u00fcn\u00fcm\u00fcze ta\u015f\u0131maya gayret edece\u011fiz. \ufffcTan\u0131t\u0131m<span class=\"excerpt-hellip\"> [\u2026]<\/span><\/p>\n","protected":false},"featured_media":0,"template":"","meta":{"_monsterinsights_skip_tracking":false,"_monsterinsights_sitenote_active":false,"_monsterinsights_sitenote_note":"","_monsterinsights_sitenote_category":0},"product_brand":[],"product_cat":[12718,18102,12719],"product_tag":[],"class_list":{"0":"post-783445","1":"product","2":"type-product","3":"status-publish","5":"product_cat-din","6":"product_cat-edebiyat-roman","7":"product_cat-islam","8":"pa_tur-kitap","9":"pa_yayinevi-pinar-yayinlari","10":"pa_yazar-abdullah-yildiz","12":"first","13":"instock","14":"sale","15":"shipping-taxable","16":"purchasable","17":"product-type-simple"},"_links":{"self":[{"href":"https:\/\/roveyayinevi.com.tr\/index.php\/wp-json\/wp\/v2\/product\/783445","targetHints":{"allow":["GET"]}}],"collection":[{"href":"https:\/\/roveyayinevi.com.tr\/index.php\/wp-json\/wp\/v2\/product"}],"about":[{"href":"https:\/\/roveyayinevi.com.tr\/index.php\/wp-json\/wp\/v2\/types\/product"}],"wp:attachment":[{"href":"https:\/\/roveyayinevi.com.tr\/index.php\/wp-json\/wp\/v2\/media?parent=783445"}],"wp:term":[{"taxonomy":"product_brand","embeddable":true,"href":"https:\/\/roveyayinevi.com.tr\/index.php\/wp-json\/wp\/v2\/product_brand?post=783445"},{"taxonomy":"product_cat","embeddable":true,"href":"https:\/\/roveyayinevi.com.tr\/index.php\/wp-json\/wp\/v2\/product_cat?post=783445"},{"taxonomy":"product_tag","embeddable":true,"href":"https:\/\/roveyayinevi.com.tr\/index.php\/wp-json\/wp\/v2\/product_tag?post=783445"}],"curies":[{"name":"wp","href":"https:\/\/api.w.org\/{rel}","templated":true}]}}