{"id":783444,"date":"2026-02-26T21:48:45","date_gmt":"2026-02-26T18:48:45","guid":{"rendered":"https:\/\/roveyayinevi.com.tr\/index.php\/urun\/yol-haritamiz-kuran\/"},"modified":"2026-04-16T02:02:58","modified_gmt":"2026-04-15T23:02:58","slug":"yol-haritamiz-kuran","status":"publish","type":"product","link":"https:\/\/roveyayinevi.com.tr\/index.php\/urun\/yol-haritamiz-kuran\/","title":{"rendered":"Yol Haritam\u0131z Kur\u2019an"},"content":{"rendered":"<p>Ezeli ve ebedi h\u00fck\u00fcmler i\u00e7eren \u0130lahi Kelam, d\u00fcnya durduk\u00e7a bitmeyecek olan bu hak-bat\u0131l kavgas\u0131n\u0131n tarihsel arka plan\u0131n\u0131, temel mant\u0131\u011f\u0131n\u0131 a\u00e7\u0131kla\u011f\u0131 gibi;bu m\u00fccadelede bat\u0131l taraflar\u0131n\u0131n uygulad\u0131klar\u0131 y\u00f6ntemleri, takip ettikleri strateji taklitleri, kulland\u0131klar\u0131 s\u00f6ylem bi\u00e7imlerini de bir bir a\u00e7\u0131klamaktad\u0131r. Keza Kur&#8217;an, hak taraftarlar\u0131n\u0131n bu m\u00fccadelede mutlaka uymalar\u0131 ve uygulamalar\u0131 gereken kural ve y\u00f6ntemleri de a\u00e7\u0131k\u00e7a ortaya koymaktad\u0131r. <\/p>\n","protected":false},"excerpt":{"rendered":"<p>Ezeli ve ebedi h\u00fck\u00fcmler i\u00e7eren \u0130lahi Kelam, d\u00fcnya durduk\u00e7a bitmeyecek olan bu hak-bat\u0131l kavgas\u0131n\u0131n tarihsel arka plan\u0131n\u0131, temel mant\u0131\u011f\u0131n\u0131 a\u00e7\u0131kla\u011f\u0131 gibi;bu m\u00fccadelede bat\u0131l taraflar\u0131n\u0131n uygulad\u0131klar\u0131 y\u00f6ntemleri,<span class=\"excerpt-hellip\"> [\u2026]<\/span><\/p>\n","protected":false},"featured_media":0,"template":"","meta":{"_monsterinsights_skip_tracking":false,"_monsterinsights_sitenote_active":false,"_monsterinsights_sitenote_note":"","_monsterinsights_sitenote_category":0},"product_brand":[],"product_cat":[12718,12719,17284],"product_tag":[],"class_list":{"0":"post-783444","1":"product","2":"type-product","3":"status-publish","5":"product_cat-din","6":"product_cat-islam","7":"product_cat-kuran-ve-kuran-uzerine","8":"pa_tur-kitap","9":"pa_yayinevi-pinar-yayinlari","10":"pa_yazar-abdullah-yildiz","12":"first","13":"instock","14":"sale","15":"shipping-taxable","16":"purchasable","17":"product-type-simple"},"_links":{"self":[{"href":"https:\/\/roveyayinevi.com.tr\/index.php\/wp-json\/wp\/v2\/product\/783444","targetHints":{"allow":["GET"]}}],"collection":[{"href":"https:\/\/roveyayinevi.com.tr\/index.php\/wp-json\/wp\/v2\/product"}],"about":[{"href":"https:\/\/roveyayinevi.com.tr\/index.php\/wp-json\/wp\/v2\/types\/product"}],"wp:attachment":[{"href":"https:\/\/roveyayinevi.com.tr\/index.php\/wp-json\/wp\/v2\/media?parent=783444"}],"wp:term":[{"taxonomy":"product_brand","embeddable":true,"href":"https:\/\/roveyayinevi.com.tr\/index.php\/wp-json\/wp\/v2\/product_brand?post=783444"},{"taxonomy":"product_cat","embeddable":true,"href":"https:\/\/roveyayinevi.com.tr\/index.php\/wp-json\/wp\/v2\/product_cat?post=783444"},{"taxonomy":"product_tag","embeddable":true,"href":"https:\/\/roveyayinevi.com.tr\/index.php\/wp-json\/wp\/v2\/product_tag?post=783444"}],"curies":[{"name":"wp","href":"https:\/\/api.w.org\/{rel}","templated":true}]}}