{"id":783442,"date":"2026-02-26T21:48:40","date_gmt":"2026-02-26T18:48:40","guid":{"rendered":"https:\/\/roveyayinevi.com.tr\/index.php\/urun\/kuranda-tanri-ve-insan\/"},"modified":"2026-04-16T02:02:43","modified_gmt":"2026-04-15T23:02:43","slug":"kuranda-tanri-ve-insan","status":"publish","type":"product","link":"https:\/\/roveyayinevi.com.tr\/index.php\/urun\/kuranda-tanri-ve-insan\/","title":{"rendered":"Kur\u2019an\u2019da Tanr\u0131 ve \u0130nsan"},"content":{"rendered":"<p>Keio \u00dcniversitesi&#8217;nin yay\u0131nlad\u0131\u011f\u0131 bu kitap, Profes\u00f6r Toshihiko \u0130zutsu&#8217;nun 1962 y\u0131l\u0131n\u0131n bahar\u0131 ile 1963 y\u0131l\u0131nda Montreal&#8217;deki McGill \u00dcniversetisi&#8217;nde vermi\u015f oldu\u011fu derslerden olu\u015fmaktad\u0131r. \u0130zutsu, evvela, bize dilbilim veya semantikle ilgili d\u00fc\u015f\u00fcncesini anlatmaktad\u0131r ki, o, Kur&#8217;an&#8217;\u0131 bu yolla anlamay\u0131 arzulamaktad\u0131r:  Anlad\u0131\u011f\u0131m \u015fekliyle, semantik, bir dili kullanan&#8230; insanlar\u0131n weltanschauung&#8217;unu ya da d\u00fcnya g\u00f6r\u00fc\u015f\u00fcn\u00fc kavramsal yap\u0131lan analitik bir ara\u015ft\u0131rmad\u0131r.  Kur&#8217;an&#8217;a dair yap\u0131lm\u0131\u015f analitik bir ara\u015ft\u0131rmad\u0131r. \u0130zutsu, kitab\u0131n ilerleyen sayfalar\u0131nda, anahtar terimlerle ilgili bir ara\u015ft\u0131rman\u0131n, sadece, bu terimleri veya kavramlar\u0131 soyutalayarak yahut dura\u011fan unsurlar olarak g\u00f6rerek yap\u0131lan mekanik bir analiz anlam\u0131na gelmedi\u011fini, bilakis daha da \u00f6nemlisi, Kur&#8217;an&#8217;da kullan\u0131ld\u0131klar\u0131 \u015fekliyle, bu terimlerin canl\u0131, ba\u011flamsal ihtiva etti\u011fini bir \u00e7ok \u00f6rnekte vuzuha kavu\u015fturmaktad\u0131r. Bu y\u00fczden, bizzat anahtar terimleri anlamak ve hatta ke\u015ffetmek i\u00e7in, \u00f6ncelikle Kur&#8217;an&#8217;\u0131n d\u00fc\u015f\u00fcnce d\u00fcnyas\u0131n\u0131n temel yap\u0131s\u0131n\u0131 b\u00fct\u00fcn\u00fcyle bilinmelidir. Bu kitab\u0131n, M\u00fcsl\u00fcman olmayan ilk ciddi Asyal\u0131 ve Japon bir ilim adam\u0131n\u0131n kaleminden \u00e7\u0131kt\u0131\u011f\u0131n\u0131n alt\u0131n\u0131 cizmemiz gerekiyor. Bu bak\u0131mdan, \u0130zutsu&#8217;nun \u00e7al\u0131\u015fmas\u0131n\u0131 memnuniyetle kar\u015f\u0131l\u0131yoruz ve onun Uzakdo\u011fu&#8217;da geli\u015fen \u0130slami ilimler gelene\u011finin m\u00fcjdecisi olmas\u0131n\u0131 \u00fcmit ediyoruz.  Fazlur Rahman <\/p>\n","protected":false},"excerpt":{"rendered":"<p>Keio \u00dcniversitesi&#8217;nin yay\u0131nlad\u0131\u011f\u0131 bu kitap, Profes\u00f6r Toshihiko \u0130zutsu&#8217;nun 1962 y\u0131l\u0131n\u0131n bahar\u0131 ile 1963 y\u0131l\u0131nda Montreal&#8217;deki McGill \u00dcniversetisi&#8217;nde vermi\u015f oldu\u011fu derslerden olu\u015fmaktad\u0131r. \u0130zutsu, evvela, bize dilbilim veya<span class=\"excerpt-hellip\"> [\u2026]<\/span><\/p>\n","protected":false},"featured_media":0,"template":"","meta":{"_monsterinsights_skip_tracking":false,"_monsterinsights_sitenote_active":false,"_monsterinsights_sitenote_note":"","_monsterinsights_sitenote_category":0},"product_brand":[],"product_cat":[12718,12719,17284],"product_tag":[],"class_list":{"0":"post-783442","1":"product","2":"type-product","3":"status-publish","5":"product_cat-din","6":"product_cat-islam","7":"product_cat-kuran-ve-kuran-uzerine","8":"pa_tur-kitap","9":"pa_yayinevi-pinar-yayinlari","10":"pa_yazar-toshihiko-izutsu","12":"first","13":"instock","14":"sale","15":"shipping-taxable","16":"purchasable","17":"product-type-simple"},"_links":{"self":[{"href":"https:\/\/roveyayinevi.com.tr\/index.php\/wp-json\/wp\/v2\/product\/783442","targetHints":{"allow":["GET"]}}],"collection":[{"href":"https:\/\/roveyayinevi.com.tr\/index.php\/wp-json\/wp\/v2\/product"}],"about":[{"href":"https:\/\/roveyayinevi.com.tr\/index.php\/wp-json\/wp\/v2\/types\/product"}],"wp:attachment":[{"href":"https:\/\/roveyayinevi.com.tr\/index.php\/wp-json\/wp\/v2\/media?parent=783442"}],"wp:term":[{"taxonomy":"product_brand","embeddable":true,"href":"https:\/\/roveyayinevi.com.tr\/index.php\/wp-json\/wp\/v2\/product_brand?post=783442"},{"taxonomy":"product_cat","embeddable":true,"href":"https:\/\/roveyayinevi.com.tr\/index.php\/wp-json\/wp\/v2\/product_cat?post=783442"},{"taxonomy":"product_tag","embeddable":true,"href":"https:\/\/roveyayinevi.com.tr\/index.php\/wp-json\/wp\/v2\/product_tag?post=783442"}],"curies":[{"name":"wp","href":"https:\/\/api.w.org\/{rel}","templated":true}]}}