{"id":783441,"date":"2026-02-26T21:48:38","date_gmt":"2026-02-26T18:48:38","guid":{"rendered":"https:\/\/roveyayinevi.com.tr\/index.php\/urun\/esenlik-yurdunun-cagrisi\/"},"modified":"2026-04-16T02:02:43","modified_gmt":"2026-04-15T23:02:43","slug":"esenlik-yurdunun-cagrisi","status":"publish","type":"product","link":"https:\/\/roveyayinevi.com.tr\/index.php\/urun\/esenlik-yurdunun-cagrisi\/","title":{"rendered":"Esenlik Yurdunun \u00c7a\u011fr\u0131s\u0131"},"content":{"rendered":"<p>Bug\u00fcn\u00fcn kitleleri, belirli bir hayat tarz\u0131 benimseyerek, onun ilke ve \u00f6zelliklerine g\u00f6re ya\u015famay\u0131, o hayat tarz\u0131n\u0131 belirleyen(ler)e ibadet manas\u0131na geldi\u011fini d\u00fc\u015f\u00fcnmez k\u0131l\u0131nm\u0131\u015f, ibadetten bir varl\u0131\u011f\u0131n \u00f6n\u00fcnde secdeye varmay\u0131 anlar olmu\u015flard\u0131r. Oysa ibadet, Kur&#8217;ani manas\u0131yla daha farkl\u0131 olup do\u011frudan hayat tarz\u0131yla ilgilidir. Elbette ki birisine secde etmek de ibadettir; bunda teredd\u00fct yok. Ancak bu, ibadetin k\u00fc\u00e7\u00fck bir b\u00f6l\u00fcm\u00fcd\u00fcr. \u0130badet, esas itibariyle b\u00fct\u00fcn bir hayat\u0131 kapsar ve hayat\u0131n t\u00fcm \u00f6zelliklerini etkisi alt\u0131na al\u0131r.  Bu kitap, ilk vahyolunun ayetlerden hareketle Kur&#8217;an&#8217;\u0131n insan\u0131 ve toplumu de\u011fi\u015ftirmesinin, de\u011fi\u015fimin us\u00fbl\u00fcn\u00fc a\u00e7\u0131klamas\u0131n\u0131n \u00f6rneklerini a\u00e7\u0131klamaya \u00e7al\u0131\u015f\u0131r. <\/p>\n","protected":false},"excerpt":{"rendered":"<p>Bug\u00fcn\u00fcn kitleleri, belirli bir hayat tarz\u0131 benimseyerek, onun ilke ve \u00f6zelliklerine g\u00f6re ya\u015famay\u0131, o hayat tarz\u0131n\u0131 belirleyen(ler)e ibadet manas\u0131na geldi\u011fini d\u00fc\u015f\u00fcnmez k\u0131l\u0131nm\u0131\u015f, ibadetten bir varl\u0131\u011f\u0131n \u00f6n\u00fcnde<span class=\"excerpt-hellip\"> [\u2026]<\/span><\/p>\n","protected":false},"featured_media":0,"template":"","meta":{"_monsterinsights_skip_tracking":false,"_monsterinsights_sitenote_active":false,"_monsterinsights_sitenote_note":"","_monsterinsights_sitenote_category":0},"product_brand":[],"product_cat":[12718,12719,17284],"product_tag":[],"class_list":{"0":"post-783441","1":"product","2":"type-product","3":"status-publish","5":"product_cat-din","6":"product_cat-islam","7":"product_cat-kuran-ve-kuran-uzerine","8":"pa_tur-kitap","9":"pa_yayinevi-pinar-yayinlari","10":"pa_yazar-celaleddin-vatandas","12":"first","13":"instock","14":"sale","15":"shipping-taxable","16":"purchasable","17":"product-type-simple"},"_links":{"self":[{"href":"https:\/\/roveyayinevi.com.tr\/index.php\/wp-json\/wp\/v2\/product\/783441","targetHints":{"allow":["GET"]}}],"collection":[{"href":"https:\/\/roveyayinevi.com.tr\/index.php\/wp-json\/wp\/v2\/product"}],"about":[{"href":"https:\/\/roveyayinevi.com.tr\/index.php\/wp-json\/wp\/v2\/types\/product"}],"wp:attachment":[{"href":"https:\/\/roveyayinevi.com.tr\/index.php\/wp-json\/wp\/v2\/media?parent=783441"}],"wp:term":[{"taxonomy":"product_brand","embeddable":true,"href":"https:\/\/roveyayinevi.com.tr\/index.php\/wp-json\/wp\/v2\/product_brand?post=783441"},{"taxonomy":"product_cat","embeddable":true,"href":"https:\/\/roveyayinevi.com.tr\/index.php\/wp-json\/wp\/v2\/product_cat?post=783441"},{"taxonomy":"product_tag","embeddable":true,"href":"https:\/\/roveyayinevi.com.tr\/index.php\/wp-json\/wp\/v2\/product_tag?post=783441"}],"curies":[{"name":"wp","href":"https:\/\/api.w.org\/{rel}","templated":true}]}}