{"id":783439,"date":"2026-02-26T21:48:34","date_gmt":"2026-02-26T18:48:34","guid":{"rendered":"https:\/\/roveyayinevi.com.tr\/index.php\/urun\/kuran-ve-hayat\/"},"modified":"2026-04-16T02:02:42","modified_gmt":"2026-04-15T23:02:42","slug":"kuran-ve-hayat","status":"publish","type":"product","link":"https:\/\/roveyayinevi.com.tr\/index.php\/urun\/kuran-ve-hayat\/","title":{"rendered":"Kur\u2019an ve Hayat"},"content":{"rendered":"<p>Kur&#8217;an bazen t\u00fcccara, bazen askere, bazen y\u00f6neticiye, bazen d\u00fc\u015fk\u00fcne, yoksula, zengin vs. hitap eder, durumlar\u0131n\u0131 a\u00e7\u0131klar ve ne yapmalar\u0131 gerekti\u011fini bildirir. B\u00f6ylelikle de b\u00fct\u00fcn bir hayat\u0131 ku\u015fat\u0131r. Bireysel ve toplumsal y\u00f6nleriyle, d\u00fc\u015f\u00fcnce ve uygulamalar\u0131yla, inan\u00e7 ve hayat tarzlar\u0131yla b\u00fct\u00fcn bir hayat\u0131n genel \u00e7er\u00e7evesini \u00e7izer. <\/p>\n","protected":false},"excerpt":{"rendered":"<p>Kur&#8217;an bazen t\u00fcccara, bazen askere, bazen y\u00f6neticiye, bazen d\u00fc\u015fk\u00fcne, yoksula, zengin vs. hitap eder, durumlar\u0131n\u0131 a\u00e7\u0131klar ve ne yapmalar\u0131 gerekti\u011fini bildirir. B\u00f6ylelikle de b\u00fct\u00fcn bir hayat\u0131<span class=\"excerpt-hellip\"> [\u2026]<\/span><\/p>\n","protected":false},"featured_media":0,"template":"","meta":{"_monsterinsights_skip_tracking":false,"_monsterinsights_sitenote_active":false,"_monsterinsights_sitenote_note":"","_monsterinsights_sitenote_category":0},"product_brand":[],"product_cat":[12718,12719,17284],"product_tag":[],"class_list":{"0":"post-783439","1":"product","2":"type-product","3":"status-publish","5":"product_cat-din","6":"product_cat-islam","7":"product_cat-kuran-ve-kuran-uzerine","8":"pa_tur-kitap","9":"pa_yayinevi-pinar-yayinlari","10":"pa_yazar-celaleddin-vatandas","12":"first","13":"instock","14":"sale","15":"shipping-taxable","16":"purchasable","17":"product-type-simple"},"_links":{"self":[{"href":"https:\/\/roveyayinevi.com.tr\/index.php\/wp-json\/wp\/v2\/product\/783439","targetHints":{"allow":["GET"]}}],"collection":[{"href":"https:\/\/roveyayinevi.com.tr\/index.php\/wp-json\/wp\/v2\/product"}],"about":[{"href":"https:\/\/roveyayinevi.com.tr\/index.php\/wp-json\/wp\/v2\/types\/product"}],"wp:attachment":[{"href":"https:\/\/roveyayinevi.com.tr\/index.php\/wp-json\/wp\/v2\/media?parent=783439"}],"wp:term":[{"taxonomy":"product_brand","embeddable":true,"href":"https:\/\/roveyayinevi.com.tr\/index.php\/wp-json\/wp\/v2\/product_brand?post=783439"},{"taxonomy":"product_cat","embeddable":true,"href":"https:\/\/roveyayinevi.com.tr\/index.php\/wp-json\/wp\/v2\/product_cat?post=783439"},{"taxonomy":"product_tag","embeddable":true,"href":"https:\/\/roveyayinevi.com.tr\/index.php\/wp-json\/wp\/v2\/product_tag?post=783439"}],"curies":[{"name":"wp","href":"https:\/\/api.w.org\/{rel}","templated":true}]}}