{"id":783437,"date":"2026-02-26T21:48:13","date_gmt":"2026-02-26T18:48:13","guid":{"rendered":"https:\/\/roveyayinevi.com.tr\/index.php\/urun\/kuranda-dini-ve-ahlaki-kavramlar\/"},"modified":"2026-04-16T02:02:42","modified_gmt":"2026-04-15T23:02:42","slug":"kuranda-dini-ve-ahlaki-kavramlar","status":"publish","type":"product","link":"https:\/\/roveyayinevi.com.tr\/index.php\/urun\/kuranda-dini-ve-ahlaki-kavramlar\/","title":{"rendered":"Kur\u2019an\u2019da Dini ve Ahlaki Kavramlar"},"content":{"rendered":"<p>Izutsu bu \u00f6nemli eserinde, Kur\u2019an\u00ee d\u00fcnya g\u00f6r\u00fc\u015f\u00fcyle cahil\u00ee d\u00fcnya g\u00f6r\u00fc\u015f\u00fcn\u00fc mukayese etti\u011fi ustaca bir y\u00f6ntem kullunmaktad\u0131r. Kur\u2019an ayetlerinin yan\u0131s\u0131ra cahiliye d\u00f6nemi Arap \u015fiirini de kullanarak, Hz. Muhammed\u2019in i\u00e7ine do\u011fdu\u011fu ve \u00e7a\u011fr\u0131s\u0131n\u0131 vazetti\u011fi toplumu karakterize eden zihniyeti ve de\u011ferleri analiz etmi\u015ftir. O, hem Kur\u2019an\u00ee d\u00fcnya g\u00f6r\u00fc\u015f\u00fcn\u00fcn cahiliye zihniyetinden nas\u0131l kesin bir \u015fekilde koptu\u011funu, hem de ayn\u0131 zamanda m\u00fc\u015frik Araplar\u2019\u0131n bak\u0131\u015f a\u00e7\u0131s\u0131ndan kimi unsurlar\u0131 nas\u0131l kendi b\u00fcnyesine uygun hale sokarak i\u00e7ine ald\u0131\u011f\u0131n\u0131 g\u00f6stermi\u015ftir. Izutsu\u2019nun bu \u00e7al\u0131\u015fmas\u0131n\u0131n bir di\u011fer \u00f6nemli \u00f6zelli\u011fi, \u00fczerinde \u00e7al\u0131\u015ft\u0131\u011f\u0131 din\u00ee ve ahlak\u00ee kavramlar\u0131n her birinin anlam alan\u0131n\u0131 belirleyen semantik analiz y\u00f6ntemini kullanmas\u0131d\u0131r. Kur\u2019an metnindeki her bir kavram\u0131n etraf\u0131, onun alan\u0131n\u0131 belirleyen ve yap\u0131s\u0131n\u0131 olu\u015fturan di\u011fer kavramlarla \u00e7evrilidir. Ona g\u00f6re, bir terimin anlam\u0131n\u0131 belirleyen \u015fey, onun etraf\u0131n\u0131 \u00e7evreleyen ve ona yak\u0131n duran s\u00f6zc\u00fcklerle ili\u015fkisidir. Asl\u0131nda, bu y\u00f6ntem, Kur\u2019an\u2019\u0131n kendisini tefsir etmesini de m\u00fcmk\u00fcn k\u0131lar. Eserde, ahl\u00e2k\u00ee dil konusundaki soyut bir teorinin yerini, t\u00fcm analitik \u00e7al\u0131\u015fmalar\u0131n temelinde yatan linguistik yahut semantik d\u00fcnya g\u00f6r\u00fc\u015f\u00fc ile ilgili daha esasl\u0131 bir teori alm\u0131\u015f ve analize y\u00f6n veren metodolojik ilkeler ortaya konulmu\u015ftur.  Kur\u2019an\u2019da Dini ve Ahlaki Kavramlar  \u00fc\u00e7 b\u00f6l\u00fcmden olu\u015fmaktad\u0131r: ilk b\u00f6l\u00fcmde semantik analizin metodolojik ilkeleri izah edilmi\u015f; ikinci b\u00f6l\u00fcmde, \u0130slam \u00f6ncesine ait kabileci ahl\u00e2k kurallar\u0131 ile Kur\u2019an\u00ee ahl\u00e2k prensipleri aras\u0131ndaki olumlu yahut olumsuz ili\u015fki izah edilmi\u015f; son olarak da ilk b\u00f6l\u00fcmde a\u00e7\u0131klanan metodolojik ilkelerin tutarl\u0131 bir uygulamas\u0131n\u0131 yapmak suretiyle Kur\u2019an\u2019daki belli ba\u015fl\u0131 din\u00ee-ahl\u00e2k\u00ee kavramlar\u0131n bir analizi yap\u0131lm\u0131\u015ft\u0131r. <\/p>\n","protected":false},"excerpt":{"rendered":"<p>Izutsu bu \u00f6nemli eserinde, Kur\u2019an\u00ee d\u00fcnya g\u00f6r\u00fc\u015f\u00fcyle cahil\u00ee d\u00fcnya g\u00f6r\u00fc\u015f\u00fcn\u00fc mukayese etti\u011fi ustaca bir y\u00f6ntem kullunmaktad\u0131r. Kur\u2019an ayetlerinin yan\u0131s\u0131ra cahiliye d\u00f6nemi Arap \u015fiirini de kullanarak, Hz.<span class=\"excerpt-hellip\"> [\u2026]<\/span><\/p>\n","protected":false},"featured_media":0,"template":"","meta":{"_monsterinsights_skip_tracking":false,"_monsterinsights_sitenote_active":false,"_monsterinsights_sitenote_note":"","_monsterinsights_sitenote_category":0},"product_brand":[],"product_cat":[12718,12719,17284],"product_tag":[],"class_list":{"0":"post-783437","1":"product","2":"type-product","3":"status-publish","5":"product_cat-din","6":"product_cat-islam","7":"product_cat-kuran-ve-kuran-uzerine","8":"pa_tur-kitap","9":"pa_yayinevi-pinar-yayinlari","10":"pa_yazar-toshihiko-izutsu","12":"first","13":"instock","14":"sale","15":"shipping-taxable","16":"purchasable","17":"product-type-simple"},"_links":{"self":[{"href":"https:\/\/roveyayinevi.com.tr\/index.php\/wp-json\/wp\/v2\/product\/783437","targetHints":{"allow":["GET"]}}],"collection":[{"href":"https:\/\/roveyayinevi.com.tr\/index.php\/wp-json\/wp\/v2\/product"}],"about":[{"href":"https:\/\/roveyayinevi.com.tr\/index.php\/wp-json\/wp\/v2\/types\/product"}],"wp:attachment":[{"href":"https:\/\/roveyayinevi.com.tr\/index.php\/wp-json\/wp\/v2\/media?parent=783437"}],"wp:term":[{"taxonomy":"product_brand","embeddable":true,"href":"https:\/\/roveyayinevi.com.tr\/index.php\/wp-json\/wp\/v2\/product_brand?post=783437"},{"taxonomy":"product_cat","embeddable":true,"href":"https:\/\/roveyayinevi.com.tr\/index.php\/wp-json\/wp\/v2\/product_cat?post=783437"},{"taxonomy":"product_tag","embeddable":true,"href":"https:\/\/roveyayinevi.com.tr\/index.php\/wp-json\/wp\/v2\/product_tag?post=783437"}],"curies":[{"name":"wp","href":"https:\/\/api.w.org\/{rel}","templated":true}]}}