{"id":783436,"date":"2026-02-26T21:48:11","date_gmt":"2026-02-26T18:48:11","guid":{"rendered":"https:\/\/roveyayinevi.com.tr\/index.php\/urun\/islamda-ihya-hareketleri\/"},"modified":"2026-04-16T02:02:42","modified_gmt":"2026-04-15T23:02:42","slug":"islamda-ihya-hareketleri","status":"publish","type":"product","link":"https:\/\/roveyayinevi.com.tr\/index.php\/urun\/islamda-ihya-hareketleri\/","title":{"rendered":"\u0130slam\u2019da \u0130hya Hareketleri"},"content":{"rendered":"<p>Ebu\u2019l Ala El- Mevdudi, 20. y\u00fczy\u0131l\u0131n ortalar\u0131ndan itibaren \u00e7a\u011fda\u015f \u0130slam d\u00fc\u015f\u00fcncesinde \u00f6nemli etkisi olmu\u015f isimlerden biri. Mevdudi\u2019nin \u0130slam tarihindeki tecdit hareketlerini ve m\u00fcceddidleri yeniden okuma giri\u015fimi ve bu sayede \u0130slam \u00e2leminde ya\u015fanan krizi a\u015fma \u00e7abas\u0131 uzun y\u0131llar etkisini s\u00fcrd\u00fcrd\u00fc, gerek \u0130slamc\u0131lar\u0131n gerekse \u0130slami hareketlerin besleyici kanal\u0131n\u0131 olu\u015fturdu. \u0130slam\u2019da \u0130hya Hareketleri,  Mevdudi\u2019nin \u00d6mer bin Abd\u00fclaziz, d\u00f6rt imam, Gazzali, \u0130bn Teymiyye, \u0130mam Rabbani, \u015eah Veliyyullah  Dehlevi gibi isimlerin siyasi ve ilmi \u00e7abalar\u0131n\u0131  yeniden okuma giri\u015fiminin bir sonucu. Ufuk a\u00e7\u0131c\u0131 bir okuma deneyimi sunan kitap, sadece alim yahut adil y\u00f6netici portresi sunmak yerine, ge\u00e7mi\u015f birikimin g\u00fcn\u00fcm\u00fcz a\u00e7\u0131s\u0131ndan\u00f6nemine i\u015faret eden, bu \u00f6nemin alt\u0131n\u0131 \u0131srarla \u00e7izen bir metin.  Mevdudi, burada \u0130slam aleminin kar\u015f\u0131 kar\u015f\u0131ya kald\u0131\u011f\u0131 sorunlardan hareketle ge\u00e7mi\u015fin muhasebesini yaparken, temelde ilim ile siyaset, alim ile felsefe, tecdit ile pratik ili\u015fkilerini ele alarak \u00f6ze d\u00f6n\u00fc\u015f\u00fcn nas\u0131l olmas\u0131 gerekti\u011fi \u00fczerinde d\u00fc\u015f\u00fcn\u00fcyor. <\/p>\n","protected":false},"excerpt":{"rendered":"<p>Ebu\u2019l Ala El- Mevdudi, 20. y\u00fczy\u0131l\u0131n ortalar\u0131ndan itibaren \u00e7a\u011fda\u015f \u0130slam d\u00fc\u015f\u00fcncesinde \u00f6nemli etkisi olmu\u015f isimlerden biri. Mevdudi\u2019nin \u0130slam tarihindeki tecdit hareketlerini ve m\u00fcceddidleri yeniden okuma giri\u015fimi<span class=\"excerpt-hellip\"> [\u2026]<\/span><\/p>\n","protected":false},"featured_media":0,"template":"","meta":{"_monsterinsights_skip_tracking":false,"_monsterinsights_sitenote_active":false,"_monsterinsights_sitenote_note":"","_monsterinsights_sitenote_category":0},"product_brand":[],"product_cat":[12364],"product_tag":[],"class_list":{"0":"post-783436","1":"product","2":"type-product","3":"status-publish","5":"product_cat-genel-konular","6":"pa_tur-kitap","7":"pa_yayinevi-pinar-yayinlari","8":"pa_yazar-seyyid-ebul-ala-el-mevdudi","10":"first","11":"instock","12":"sale","13":"shipping-taxable","14":"purchasable","15":"product-type-simple"},"_links":{"self":[{"href":"https:\/\/roveyayinevi.com.tr\/index.php\/wp-json\/wp\/v2\/product\/783436","targetHints":{"allow":["GET"]}}],"collection":[{"href":"https:\/\/roveyayinevi.com.tr\/index.php\/wp-json\/wp\/v2\/product"}],"about":[{"href":"https:\/\/roveyayinevi.com.tr\/index.php\/wp-json\/wp\/v2\/types\/product"}],"wp:attachment":[{"href":"https:\/\/roveyayinevi.com.tr\/index.php\/wp-json\/wp\/v2\/media?parent=783436"}],"wp:term":[{"taxonomy":"product_brand","embeddable":true,"href":"https:\/\/roveyayinevi.com.tr\/index.php\/wp-json\/wp\/v2\/product_brand?post=783436"},{"taxonomy":"product_cat","embeddable":true,"href":"https:\/\/roveyayinevi.com.tr\/index.php\/wp-json\/wp\/v2\/product_cat?post=783436"},{"taxonomy":"product_tag","embeddable":true,"href":"https:\/\/roveyayinevi.com.tr\/index.php\/wp-json\/wp\/v2\/product_tag?post=783436"}],"curies":[{"name":"wp","href":"https:\/\/api.w.org\/{rel}","templated":true}]}}