{"id":783434,"date":"2026-02-26T21:47:58","date_gmt":"2026-02-26T18:47:58","guid":{"rendered":"https:\/\/roveyayinevi.com.tr\/index.php\/urun\/mufredat-kuran-kavramlari-sozlugu\/"},"modified":"2026-04-16T02:02:36","modified_gmt":"2026-04-15T23:02:36","slug":"mufredat-kuran-kavramlari-sozlugu","status":"publish","type":"product","link":"https:\/\/roveyayinevi.com.tr\/index.php\/urun\/mufredat-kuran-kavramlari-sozlugu\/","title":{"rendered":"M\u00fcfredat Kur\u2019an Kavramlar\u0131 S\u00f6zl\u00fc\u011f\u00fc"},"content":{"rendered":"<p>Zeheb\u00ee \u015f\u00f6yle demi\u015ftir: R\u00e2\u011f\u0131b, h\u00fcnerli bir bilgin, ku\u015fkusuz bir muhakkiktir. Kel\u00e2mc\u0131lar\u0131n zekilerindendi. Beyhak\u00ee ve \u015eehrez\u00fbr\u00ee \u015f\u00f6yle demi\u015ftir: \u0130sl\u00e2m h\u00fckem\u00e2s\u0131ndand\u0131. \u015eer\u00eeatla hikmeti (kendinde) toplam\u0131\u015ft\u0131. Akl\u00ee konulardaki nasibi daha fazlayd\u0131. es-Safed\u00ee \u015f\u00f6yle demi\u015ftir: \u0130lmin \u00fcstatlar\u0131ndan, ve faz\u00eelette \u015f\u00f6hret sahibi olanlardan biridir. Birden fazla ilimde derinlemi\u015ftir. \u0130limlerdeki derinli\u011fine, geni\u015f bilgisine ve ilimlere n\u00fcf\u00fbza del\u00e2let eden bir\u00e7ok eseri vard\u0131r. el-Hovans\u00e2r\u00ee, de onun hakk\u0131nda \u015f\u00f6yle demi\u015ftir: \u0130m\u00e2md\u0131r. Edebiyat\u00e7\u0131d\u0131r. Hayrette b\u0131rakan bir h\u00e2f\u0131zd\u0131r. Dili, Arap\u00e7ay\u0131, Hadisi, \u015eiiri, kit\u00e2beti, ahl\u00e2k (ilmini), hikmeti, kel\u00e2m\u0131, \u00f6ncekilerin ilimlerini vs. \u00e7ok iyi bilir. Fazileti vasfedilmeye ihtiya\u00e7 b\u0131rakmayacak kadar iyi bilinmektedir. \u00d6zellikle de dildeki derin bilgisi \u00f6vg\u00fc kayna\u011f\u0131 olarak ona yeter. R\u00e2g\u0131b el-\u0130sfahani, M\u00fcfred\u00e2t&#8217;\u0131nda zengin bir bilgi birikimine ve b\u00fcy\u00fck bir derinli\u011fe i\u015f\u00e2ret eden benzersiz bir metot, \u00fcst d\u00fczey bir yol takip etmi\u015ftir. Bir maddede ilk olarak maddenin ger\u00e7ek anlam\u0131n\u0131, sonra ondan t\u00fcreyen (anlamlar\u0131), sonra maddenin mec\u00e2zi anlamlar\u0131n\u0131 zikretti\u011fini ve onun ger\u00e7ek anlamda ne kadar irtibatl\u0131 oldu\u011funu a\u00e7\u0131klad\u0131\u011f\u0131n\u0131 g\u00f6rmekteyiz. Bu da, ancak dili b\u00fct\u00fcn\u00fcyle anlayan, onun derinliklerine ve deryalar\u0131na dalm\u0131\u015f olan birini g\u00fc\u00e7 yetirebilece\u011fi bir i\u015ftir. Bunlarla ilgili ilk olarak Kur&#8217;an&#8217;dan, ikinci olarak hadislerden ve \u00fc\u00e7\u00fcnc\u00fc olarak da Araplar\u0131n \u015fiirlerinden ve s\u00f6zlerinden \u00f6rnekler zikreder. Kur&#8217;an&#8217;\u0131 daha \u00e7ok Kur&#8217;an&#8217;la, sonra sah\u00e2benin ve tabiinin s\u00f6zleriyle tefs\u00eer etti\u011fini sonra da h\u00fckem\u00e2n\u0131n \u015fer\u00eeatla uyan g\u00f6r\u00fc\u015flerini zikretti\u011fini g\u00f6rmekteyiz. R\u00e2g\u0131b el-\u0130sfahani M\u00fcfred\u00e2t&#8217;\u0131nda, \u0130bn Abb\u00e2s, \u0130bn Mes\u00fbd, Ali b. Eb\u00ee T\u00e2lib, \u00d6mer b. el-Hatt\u00e2b, M\u00fcc\u00e2hid, Kat\u00e2de, Hasan\u00fc&#8217;l Basr\u00ee, el-Esamm,Ca&#8217;fer es-S\u00e2d\u0131k, e\u015f-\u015ea&#8217;b\u00ee ve Sufy\u00e2n gibi m\u00fcfessirlerden, el-Muberred, el-Kis\u00e2\u00ee, Sibeveyhi, Y\u00fbnus, Eb\u00fb Zeyd, et- Tevvez\u00ee, el-Esma\u00ee ve \u0130bnu&#8217;l-E&#8217;rabi gibi dilcilerden , Hamza, Ya&#8217;k\u00fbb ve en-Nakk\u00e2\u015f gibi kurr\u00e2dan ve el-Cubb\u00e2\u00ee, Ebu&#8217;l-K\u00e2s\u0131m el-Belh\u00ee ve Ebubekir el-All\u00e2f gibi kelamc\u0131lardan aktar\u0131mlarda bulunmu\u015ftur. Ayr\u0131ca h\u00fckem\u00e2n\u0131n s\u00f6zlerinden de aktar\u0131mda bulunmu\u015ftur. Bunlar\u0131n t\u00fcm\u00fc M\u00fcfrdat&#8217;\u0131 dilde ve tefsirde \u00f6nemli kaynaklardan biri yapm\u0131\u015ft\u0131r. <\/p>\n","protected":false},"excerpt":{"rendered":"<p>Zeheb\u00ee \u015f\u00f6yle demi\u015ftir: R\u00e2\u011f\u0131b, h\u00fcnerli bir bilgin, ku\u015fkusuz bir muhakkiktir. Kel\u00e2mc\u0131lar\u0131n zekilerindendi. Beyhak\u00ee ve \u015eehrez\u00fbr\u00ee \u015f\u00f6yle demi\u015ftir: \u0130sl\u00e2m h\u00fckem\u00e2s\u0131ndand\u0131. \u015eer\u00eeatla hikmeti (kendinde) toplam\u0131\u015ft\u0131. Akl\u00ee konulardaki nasibi<span class=\"excerpt-hellip\"> [\u2026]<\/span><\/p>\n","protected":false},"featured_media":0,"template":"","meta":{"_monsterinsights_skip_tracking":false,"_monsterinsights_sitenote_active":false,"_monsterinsights_sitenote_note":"","_monsterinsights_sitenote_category":0},"product_brand":[],"product_cat":[12718,12719,17284],"product_tag":[],"class_list":{"0":"post-783434","1":"product","2":"type-product","3":"status-publish","5":"product_cat-din","6":"product_cat-islam","7":"product_cat-kuran-ve-kuran-uzerine","8":"pa_tur-kitap","9":"pa_yayinevi-pinar-yayinlari","10":"pa_yazar-ragib-el-isfahani","12":"first","13":"instock","14":"sale","15":"shipping-taxable","16":"purchasable","17":"product-type-simple"},"_links":{"self":[{"href":"https:\/\/roveyayinevi.com.tr\/index.php\/wp-json\/wp\/v2\/product\/783434","targetHints":{"allow":["GET"]}}],"collection":[{"href":"https:\/\/roveyayinevi.com.tr\/index.php\/wp-json\/wp\/v2\/product"}],"about":[{"href":"https:\/\/roveyayinevi.com.tr\/index.php\/wp-json\/wp\/v2\/types\/product"}],"wp:attachment":[{"href":"https:\/\/roveyayinevi.com.tr\/index.php\/wp-json\/wp\/v2\/media?parent=783434"}],"wp:term":[{"taxonomy":"product_brand","embeddable":true,"href":"https:\/\/roveyayinevi.com.tr\/index.php\/wp-json\/wp\/v2\/product_brand?post=783434"},{"taxonomy":"product_cat","embeddable":true,"href":"https:\/\/roveyayinevi.com.tr\/index.php\/wp-json\/wp\/v2\/product_cat?post=783434"},{"taxonomy":"product_tag","embeddable":true,"href":"https:\/\/roveyayinevi.com.tr\/index.php\/wp-json\/wp\/v2\/product_tag?post=783434"}],"curies":[{"name":"wp","href":"https:\/\/api.w.org\/{rel}","templated":true}]}}