{"id":783433,"date":"2026-02-26T21:47:56","date_gmt":"2026-02-26T18:47:56","guid":{"rendered":"https:\/\/roveyayinevi.com.tr\/index.php\/urun\/islam-dusuncesinde-iman-kavrami\/"},"modified":"2026-04-16T02:02:36","modified_gmt":"2026-04-15T23:02:36","slug":"islam-dusuncesinde-iman-kavrami","status":"publish","type":"product","link":"https:\/\/roveyayinevi.com.tr\/index.php\/urun\/islam-dusuncesinde-iman-kavrami\/","title":{"rendered":"\u0130slam D\u00fc\u015f\u00fcncesinde \u0130man Kavram\u0131"},"content":{"rendered":"<p>Bu eser, \u0130slam ilahiyayt\u0131nda itikad yahut iman kavram\u0131n\u0131n tahlile dayal\u0131 bir tetkikidir. \u0130ki t\u00fcrl\u00fc amac\u0131 vard\u0131r. Bir yandan, tarihi s\u00fcrecin ayr\u0131nt\u0131l\u0131 anlat\u0131m\u0131n\u0131 vermek iddias\u0131ndad\u0131r ki bu tarihi s\u00fcre\u00e7 iman kavram\u0131n\u0131n do\u011fdu\u011fu, geli\u015fti\u011fi ve M\u00fcsl\u00fcmanlar aras\u0131nda teorik bak\u0131mdan irdelendi\u011fi s\u00fcre\u00e7tir.\u00d6te yandan yine bu eser, dikkatli bir semantik analiz yapmay\u0131 hedefliyor. Bu analiz, iman kavram\u0131 ile o kavramsal dokular\u0131n analizidir. \u0130man, \u0130slam k\u00fclt\u00fcr\u00fcn\u00fcn ilk y\u00fczy\u0131llar\u0131nda \u00f6zl\u00fc baz\u0131 sorunlara sebep olmu\u015ftur.Bu sorunlar\u0131n baz\u0131lar\u0131, kelimenin tam manas\u0131 ile hayat memat meseleleri idi. Bu sorunlar\u0131n k\u00f6k\u00fcnde yatan ana kavramlar\u0131n metodik bir tahlili yolu ile islam d\u00fc\u015f\u00fcnce tarihinin bu en ilgin\u00e7 evrelerinden biri ayd\u0131nlat\u0131lm\u0131\u015f olacakt\u0131r. \u0130nan\u0131\u015f, do\u011fas\u0131 itibar\u0131 ile bireysel varolu\u015fa ait bir olgudur. Bu bak\u0131mdan denebilir ki ger\u00e7ek derinli\u011fini ancak bilimsel olmayan bir y\u00f6nden yakla\u015f\u0131ld\u0131\u011f\u0131nda ortaya koyar. Elinizdeki eser meselenin \u00e7ok \u00f6zel bir yan\u0131na \u00e7ok \u00f6zel bir bak\u0131\u015f a\u00e7\u0131s\u0131ndan bakmaktad\u0131r. Bu manada ayn\u0131 kavram\u0131n mistiklerce anla\u015f\u0131lma tarz\u0131n\u0131n, meselenin daha farkl\u0131 bir \u00f6z\u00fcne gitti\u011fi s\u00f6ylenebilir. \u0130lahiyat\u00e7\u0131lar\u0131n ele ald\u0131klar\u0131 hali ile iman, sorunun yaln\u0131zca d\u0131\u015f ve \u015fekli \u00f6z\u00fcne dokunur t\u00fcrden olabilir. Kelam olarak iman, \u00e7ok \u00f6zel bir \u015fekilde de olsa, varolu\u015fsal olay olarak &#8216;iman\u0131\u015f\u0131n&#8217; ger\u00e7ek do\u011fas\u0131n\u0131n yans\u0131t\u0131r, yani m\u00fcsl\u00fcmanlarca, tarih i\u00e7inde hassaten ya\u015fanm\u0131\u015f ve hissedilmi\u015f bir \u015fey olarak. Bu tetkiki \u015fu ama\u00e7la ya\u015ft\u0131m ki yaln\u0131zca kelamc\u0131l\u0131\u011f\u0131n anahar kavramlar\u0131ndan birinin tarihi-filolojik tahlili olmakla kalmas\u0131n, \u0130slam&#8217;\u0131n ki yery\u00fcz\u00fcn\u00fcn en asli ve m\u00fchim dihi k\u00fclt\u00fcrlerinden biridir, ger\u00e7ok yap\u0131s\u0131 konusunda da bir katk\u0131 te\u015fkil etsin. <\/p>\n","protected":false},"excerpt":{"rendered":"<p>Bu eser, \u0130slam ilahiyayt\u0131nda itikad yahut iman kavram\u0131n\u0131n tahlile dayal\u0131 bir tetkikidir. \u0130ki t\u00fcrl\u00fc amac\u0131 vard\u0131r. Bir yandan, tarihi s\u00fcrecin ayr\u0131nt\u0131l\u0131 anlat\u0131m\u0131n\u0131 vermek iddias\u0131ndad\u0131r ki bu<span class=\"excerpt-hellip\"> [\u2026]<\/span><\/p>\n","protected":false},"featured_media":0,"template":"","meta":{"_monsterinsights_skip_tracking":false,"_monsterinsights_sitenote_active":false,"_monsterinsights_sitenote_note":"","_monsterinsights_sitenote_category":0},"product_brand":[],"product_cat":[12718,12719,12720],"product_tag":[],"class_list":{"0":"post-783433","1":"product","2":"type-product","3":"status-publish","5":"product_cat-din","6":"product_cat-islam","7":"product_cat-tasavvuf-mezhepler-tarikatlar","8":"pa_tur-kitap","9":"pa_yayinevi-pinar-yayinlari","10":"pa_yazar-toshihiko-izutsu","12":"first","13":"instock","14":"sale","15":"shipping-taxable","16":"purchasable","17":"product-type-simple"},"_links":{"self":[{"href":"https:\/\/roveyayinevi.com.tr\/index.php\/wp-json\/wp\/v2\/product\/783433","targetHints":{"allow":["GET"]}}],"collection":[{"href":"https:\/\/roveyayinevi.com.tr\/index.php\/wp-json\/wp\/v2\/product"}],"about":[{"href":"https:\/\/roveyayinevi.com.tr\/index.php\/wp-json\/wp\/v2\/types\/product"}],"wp:attachment":[{"href":"https:\/\/roveyayinevi.com.tr\/index.php\/wp-json\/wp\/v2\/media?parent=783433"}],"wp:term":[{"taxonomy":"product_brand","embeddable":true,"href":"https:\/\/roveyayinevi.com.tr\/index.php\/wp-json\/wp\/v2\/product_brand?post=783433"},{"taxonomy":"product_cat","embeddable":true,"href":"https:\/\/roveyayinevi.com.tr\/index.php\/wp-json\/wp\/v2\/product_cat?post=783433"},{"taxonomy":"product_tag","embeddable":true,"href":"https:\/\/roveyayinevi.com.tr\/index.php\/wp-json\/wp\/v2\/product_tag?post=783433"}],"curies":[{"name":"wp","href":"https:\/\/api.w.org\/{rel}","templated":true}]}}