{"id":783432,"date":"2026-02-26T21:47:52","date_gmt":"2026-02-26T18:47:52","guid":{"rendered":"https:\/\/roveyayinevi.com.tr\/index.php\/urun\/hz-muhammedin-s-a-v-hayati-ve-islam-daveti-2-cilt-takim\/"},"modified":"2026-04-16T02:02:33","modified_gmt":"2026-04-15T23:02:33","slug":"hz-muhammedin-s-a-v-hayati-ve-islam-daveti-2-cilt-takim","status":"publish","type":"product","link":"https:\/\/roveyayinevi.com.tr\/index.php\/urun\/hz-muhammedin-s-a-v-hayati-ve-islam-daveti-2-cilt-takim\/","title":{"rendered":"Hz. Muhammed\u2019in (s.a.v.) Hayat\u0131 ve \u0130slam Daveti (2 Cilt Tak\u0131m)"},"content":{"rendered":"<p>O, Allah\u0131&#8217;\u0131n d\u00fcnya ve ahiret hayatlar\u0131n\u0131 esenklik yurdu (Yunus, 10:25) k\u0131lacak yolu g\u00f6stermek i\u00e7in g\u00f6nderdi\u011fi el\u00e7ilerinin sonuncusu Hz. Muhammed&#8217;den (s.a.v.) ba\u015fkas\u0131 de\u011fildi. S\u00f6z konusu olay, O&#8217;nun, Allah&#8217;\u0131n el\u00e7isi olarak se\u00e7ildi\u011fini bildiren ve b\u00f6ylelikle insanlara mutlak hakikatleri bildirme s\u00fcrecini ba\u015flatan vahiyle ilk defa muhatap olu\u015fuydu. Bu ilk vayhin geli\u015fini takiben, k\u0131yamete kadarki zaman i\u00e7erisinde ya\u015fayacak b\u00fct\u00fcn insanlar i\u00e7in ger\u00e7ek mutlulu\u011fun, adaletin, huzurun, g\u00fcvenin, iyili\u011fin, g\u00fczelli\u011fin&#8230;yolunu g\u00f6sterecek ilahi bilgiler yirmi y\u0131l\u0131 a\u015fk\u0131n s\u00fcreyle vahyolundu. Vahyolunan her ayetle, bireysel ve toplumsal hayat\u0131n olmas\u0131 gereken en m\u00fckemmel \u015fekli, en g\u00fczel muhtevas\u0131 bildirildi, a\u00e7\u0131kland\u0131, g\u00f6sterildi. Vahyolunan ayetler ve o ayetlerin olu\u015fturdu\u011fu Kur&#8217;an \u00f6nce el\u00e7isini e\u011fitip yeti\u015fdirdi. Onun ilahi talimatlar\u0131yla m\u00fckemmelle\u015fen ve t\u00fcm insanl\u0131k i\u00e7in en g\u00fczel model haline gelen uygulamalar\u0131 ve ya\u015fant\u0131s\u0131, ilahi bilginin prati\u011fe aktar\u0131l\u0131\u015f\u0131 \u015feklinde anlam kazand\u0131. B\u00f6ylelikle insanl\u0131\u011fa sunulan dosdo\u011fru ve en g\u00fczel hayat tarz\u0131, sadece teorik esaslar halinde insanlara bildirilen bir bilgi y\u0131\u011f\u0131n\u0131 olmaktan \u00e7\u0131kt\u0131; ilahi bilgi Hz. Muhammed&#8217;in (s.a.v.) \u015fahs\u0131nda en m\u00fckemmel modelini buldu, insanl\u0131k O&#8217;nun \u015fahs\u0131nda bir insan\u0131n ula\u015fabilece\u011fi en m\u00fckemmel a\u015famaya eri\u015fti. <\/p>\n","protected":false},"excerpt":{"rendered":"<p>O, Allah\u0131&#8217;\u0131n d\u00fcnya ve ahiret hayatlar\u0131n\u0131 esenklik yurdu (Yunus, 10:25) k\u0131lacak yolu g\u00f6stermek i\u00e7in g\u00f6nderdi\u011fi el\u00e7ilerinin sonuncusu Hz. Muhammed&#8217;den (s.a.v.) ba\u015fkas\u0131 de\u011fildi. S\u00f6z konusu olay, O&#8217;nun,<span class=\"excerpt-hellip\"> [\u2026]<\/span><\/p>\n","protected":false},"featured_media":0,"template":"","meta":{"_monsterinsights_skip_tracking":false,"_monsterinsights_sitenote_active":false,"_monsterinsights_sitenote_note":"","_monsterinsights_sitenote_category":0},"product_brand":[],"product_cat":[16789,12718,12719],"product_tag":[],"class_list":{"0":"post-783432","1":"product","2":"type-product","3":"status-publish","5":"product_cat-diger-islam","6":"product_cat-din","7":"product_cat-islam","8":"pa_tur-kitap","9":"pa_yayinevi-pinar-yayinlari","10":"pa_yazar-celaleddin-vatandas","12":"first","13":"instock","14":"sale","15":"shipping-taxable","16":"purchasable","17":"product-type-simple"},"_links":{"self":[{"href":"https:\/\/roveyayinevi.com.tr\/index.php\/wp-json\/wp\/v2\/product\/783432","targetHints":{"allow":["GET"]}}],"collection":[{"href":"https:\/\/roveyayinevi.com.tr\/index.php\/wp-json\/wp\/v2\/product"}],"about":[{"href":"https:\/\/roveyayinevi.com.tr\/index.php\/wp-json\/wp\/v2\/types\/product"}],"wp:attachment":[{"href":"https:\/\/roveyayinevi.com.tr\/index.php\/wp-json\/wp\/v2\/media?parent=783432"}],"wp:term":[{"taxonomy":"product_brand","embeddable":true,"href":"https:\/\/roveyayinevi.com.tr\/index.php\/wp-json\/wp\/v2\/product_brand?post=783432"},{"taxonomy":"product_cat","embeddable":true,"href":"https:\/\/roveyayinevi.com.tr\/index.php\/wp-json\/wp\/v2\/product_cat?post=783432"},{"taxonomy":"product_tag","embeddable":true,"href":"https:\/\/roveyayinevi.com.tr\/index.php\/wp-json\/wp\/v2\/product_tag?post=783432"}],"curies":[{"name":"wp","href":"https:\/\/api.w.org\/{rel}","templated":true}]}}