{"id":783431,"date":"2026-02-26T21:47:45","date_gmt":"2026-02-26T18:47:45","guid":{"rendered":"https:\/\/roveyayinevi.com.tr\/index.php\/urun\/kendine-iyi-bak-3\/"},"modified":"2026-03-23T02:01:58","modified_gmt":"2026-03-22T23:01:58","slug":"kendine-iyi-bak-3","status":"publish","type":"product","link":"https:\/\/roveyayinevi.com.tr\/index.php\/urun\/kendine-iyi-bak-3\/","title":{"rendered":"Kendine \u0130yi Bak"},"content":{"rendered":"<p>Bir k\u0131r\u0131lma, bir endi\u015fe \u00e7a\u011f\u0131nda ya\u015f\u0131yoruz. Yurtsuzlu\u011fun maddi ve manevi b\u00fct\u00fcn izlerini \u00fczerimizde ta\u015f\u0131yoruz. S\u0131\u011f\u0131nacak bir liman, ruhumuzu s\u00fck\u00fbna erdirecek bir ev aray\u0131\u015f\u0131nday\u0131z. Kendine \u0130yi Bak,\u00e2lemin \u00e7ekirde\u011fi olarak insan\u0131n imk\u00e2nlar\u0131n\u0131, yitirdi\u011fimiz \u201cvatan\u201d kavram\u0131n\u0131, oradan g\u00f6\u00e7 ve m\u00fcltecileri, \u00e7a\u011f\u0131m\u0131z\u0131n alg\u0131lar \u00fczerinde yaratt\u0131\u011f\u0131 de\u011fi\u015fimi ele al\u0131yor; ruhun yersiz yurtsuzlu\u011funu anlat\u0131yor. Affedebilmenin hangi durumlarda m\u00fcmk\u00fcn oldu\u011funu soruyor. \u0130\u00e7inde bulundu\u011fumuz ortam\u0131n s\u00fcrekli \u00fcretti\u011fi \u201czalim\u201dlerden ve \u201cmazlum\u201dlardan hareketle \u00f6fke ahlak\u0131na de\u011finiyor. Aralarda \u00e7uvald\u0131z\u0131 t\u0131p d\u00fcnyas\u0131na da bat\u0131ran kitap, \u201cayna&#8217;y\u0131 hem i\u00e7eriye hem d\u0131\u015far\u0131ya tutuyor: \u00c7\u00fcnk\u00fc insan, evrenin \u00f6z\u00fc!\u201cZat\u0131na ho\u015f\u00e7a bakabilmek evrene de ho\u015f\u00e7a bakabilmek demektir. Bir mikrokozmos olarak insan, kendi i\u00e7sel b\u00fct\u00fcnl\u00fc\u011f\u00fcn\u00fc sa\u011flayabildi\u011fi \u00f6l\u00e7\u00fcde \u00e2lemle uyumlu olmay\u0131 ba\u015far\u0131r. O halde uyan\u0131k olal\u0131m. Hu\u015f der dem. Ald\u0131\u011f\u0131m\u0131z her nefesin fark\u0131nda olarak tema\u015fa edelim evreni. Nefes ay\u0131kl\u0131\u011f\u0131&#8230; \u0130ki nefesaras\u0131nda, do\u011fum ve \u00f6l\u00fcm aras\u0131nda hep \u201can\u201dda ve \u201chuzur\u2019\u2019da olmak: Tam bir bilin\u00e7 ve b\u00fct\u00fcnl\u00fck hali.\u201d <\/p>\n","protected":false},"excerpt":{"rendered":"<p>Bir k\u0131r\u0131lma, bir endi\u015fe \u00e7a\u011f\u0131nda ya\u015f\u0131yoruz. Yurtsuzlu\u011fun maddi ve manevi b\u00fct\u00fcn izlerini \u00fczerimizde ta\u015f\u0131yoruz. S\u0131\u011f\u0131nacak bir liman, ruhumuzu s\u00fck\u00fbna erdirecek bir ev aray\u0131\u015f\u0131nday\u0131z. Kendine \u0130yi Bak,\u00e2lemin<span class=\"excerpt-hellip\"> [\u2026]<\/span><\/p>\n","protected":false},"featured_media":0,"template":"","meta":{"_monsterinsights_skip_tracking":false,"_monsterinsights_sitenote_active":false,"_monsterinsights_sitenote_note":"","_monsterinsights_sitenote_category":0},"product_brand":[],"product_cat":[12358,12357],"product_tag":[],"class_list":{"0":"post-783431","1":"product","2":"type-product","3":"status-publish","5":"product_cat-genel-psikoloji","6":"product_cat-psikoloji","7":"pa_cilt-ciltsiz","8":"pa_tur-kitap","9":"pa_yayinevi-kapi-yayinlari","10":"pa_yazar-kemal-sayar","12":"first","13":"instock","14":"sale","15":"shipping-taxable","16":"purchasable","17":"product-type-simple"},"_links":{"self":[{"href":"https:\/\/roveyayinevi.com.tr\/index.php\/wp-json\/wp\/v2\/product\/783431","targetHints":{"allow":["GET"]}}],"collection":[{"href":"https:\/\/roveyayinevi.com.tr\/index.php\/wp-json\/wp\/v2\/product"}],"about":[{"href":"https:\/\/roveyayinevi.com.tr\/index.php\/wp-json\/wp\/v2\/types\/product"}],"wp:attachment":[{"href":"https:\/\/roveyayinevi.com.tr\/index.php\/wp-json\/wp\/v2\/media?parent=783431"}],"wp:term":[{"taxonomy":"product_brand","embeddable":true,"href":"https:\/\/roveyayinevi.com.tr\/index.php\/wp-json\/wp\/v2\/product_brand?post=783431"},{"taxonomy":"product_cat","embeddable":true,"href":"https:\/\/roveyayinevi.com.tr\/index.php\/wp-json\/wp\/v2\/product_cat?post=783431"},{"taxonomy":"product_tag","embeddable":true,"href":"https:\/\/roveyayinevi.com.tr\/index.php\/wp-json\/wp\/v2\/product_tag?post=783431"}],"curies":[{"name":"wp","href":"https:\/\/api.w.org\/{rel}","templated":true}]}}