{"id":783430,"date":"2026-02-26T21:46:10","date_gmt":"2026-02-26T18:46:10","guid":{"rendered":"https:\/\/roveyayinevi.com.tr\/index.php\/urun\/modern-siyaset-teorisi\/"},"modified":"2026-04-16T02:00:23","modified_gmt":"2026-04-15T23:00:23","slug":"modern-siyaset-teorisi","status":"publish","type":"product","link":"https:\/\/roveyayinevi.com.tr\/index.php\/urun\/modern-siyaset-teorisi\/","title":{"rendered":"Modern Siyaset Teorisi"},"content":{"rendered":"<p>Norman Barry&#8217;nin (1944-2008) g\u00f6zden ge\u00e7irip d\u00f6rd\u00fcnc\u00fc edisyonunu haz\u0131rlad\u0131\u011f\u0131 bu kitap \u00e7a\u011fda\u015f siyaset teorisine kapsaml\u0131 bir giri\u015f niteli\u011findedir. Yazar bu kitab\u0131nda hukuk, devlet, iktidar, otorite, \u00f6zg\u00fcrl\u00fck, haklar, refah, kamu yarar\u0131 ve demokrasi gibi siyaset teorisinin ba\u015fl\u0131ca temalar\u0131n\u0131 ve kavramlar\u0131n\u0131 sistematik ve anla\u015f\u0131l\u0131r bir \u015fekilde i\u015flemektedir. bu zengin eserde, liberallerin, muhafazakarlar\u0131n, toplumcular\u0131n ve di\u011ferlerinin bu konular hakk\u0131ndaki farkl\u0131 yakla\u015f\u0131mlar\u0131 yan\u0131nda Rawls, Hart, Dworkin, Nozick ve Hayek gibi \u00f6nde gelen siyaset felsefecilerinin \u00e7al\u0131\u015fmalar\u0131 da g\u00f6zden ge\u00e7irilmi\u015ftir.  \u201c&#8230; kesinlikle okumaya de\u011fer &#8230; g\u00fcncel ve kapsaml\u0131\u201d- Michael Baver, British Book News \u201c&#8230; sadece modern \u00e7a\u011f\u0131n \u00fcstatlar\u0131ndan Hayek&#8217;in fikirlerini de\u011fil ayn\u0131 zamanda siyaset teorisini etkileyen &#8230; ba\u015fka disiplinlerdeki eserlere de &#8230; bir giri\u015f&#8230;\u201d- Gillian Peele, The Times Educational Supplement<\/p>\n","protected":false},"excerpt":{"rendered":"<p>Norman Barry&#8217;nin (1944-2008) g\u00f6zden ge\u00e7irip d\u00f6rd\u00fcnc\u00fc edisyonunu haz\u0131rlad\u0131\u011f\u0131 bu kitap \u00e7a\u011fda\u015f siyaset teorisine kapsaml\u0131 bir giri\u015f niteli\u011findedir. Yazar bu kitab\u0131nda hukuk, devlet, iktidar, otorite, \u00f6zg\u00fcrl\u00fck, haklar,<span class=\"excerpt-hellip\"> [\u2026]<\/span><\/p>\n","protected":false},"featured_media":0,"template":"","meta":{"_monsterinsights_skip_tracking":false,"_monsterinsights_sitenote_active":false,"_monsterinsights_sitenote_note":"","_monsterinsights_sitenote_category":0},"product_brand":[],"product_cat":[12337,14706],"product_tag":[],"class_list":{"0":"post-783430","1":"product","2":"type-product","3":"status-publish","5":"product_cat-politika-siyaset","6":"product_cat-siyaset-bilimi","7":"pa_cilt-ciltsiz","8":"pa_tur-kitap","9":"pa_yayinevi-liberte-yayinlari","10":"pa_yazar-norman-p-barry","12":"first","13":"instock","14":"sale","15":"shipping-taxable","16":"purchasable","17":"product-type-simple"},"_links":{"self":[{"href":"https:\/\/roveyayinevi.com.tr\/index.php\/wp-json\/wp\/v2\/product\/783430","targetHints":{"allow":["GET"]}}],"collection":[{"href":"https:\/\/roveyayinevi.com.tr\/index.php\/wp-json\/wp\/v2\/product"}],"about":[{"href":"https:\/\/roveyayinevi.com.tr\/index.php\/wp-json\/wp\/v2\/types\/product"}],"wp:attachment":[{"href":"https:\/\/roveyayinevi.com.tr\/index.php\/wp-json\/wp\/v2\/media?parent=783430"}],"wp:term":[{"taxonomy":"product_brand","embeddable":true,"href":"https:\/\/roveyayinevi.com.tr\/index.php\/wp-json\/wp\/v2\/product_brand?post=783430"},{"taxonomy":"product_cat","embeddable":true,"href":"https:\/\/roveyayinevi.com.tr\/index.php\/wp-json\/wp\/v2\/product_cat?post=783430"},{"taxonomy":"product_tag","embeddable":true,"href":"https:\/\/roveyayinevi.com.tr\/index.php\/wp-json\/wp\/v2\/product_tag?post=783430"}],"curies":[{"name":"wp","href":"https:\/\/api.w.org\/{rel}","templated":true}]}}