{"id":783426,"date":"2026-02-26T21:43:54","date_gmt":"2026-02-26T18:43:54","guid":{"rendered":"https:\/\/roveyayinevi.com.tr\/index.php\/urun\/medeniyet-tarihi-1\/"},"modified":"2026-04-16T01:58:39","modified_gmt":"2026-04-15T22:58:39","slug":"medeniyet-tarihi-1","status":"publish","type":"product","link":"https:\/\/roveyayinevi.com.tr\/index.php\/urun\/medeniyet-tarihi-1\/","title":{"rendered":"Medeniyet Tarihi 1"},"content":{"rendered":"<p>Her medeniyetin tarihsel bir ser\u00fcveni ve yap\u0131 tarz\u0131ndan ve in\u015fas\u0131nda kullan\u0131lan unsurlardan meydana gelen g\u00f6r\u00fcn\u00fcr bir bedeni vard\u0131r. Bir medeniyetin bu y\u00f6nlerini incelemek kolayd\u0131r. Aslolan bir medeniyetin ruhunu, e\u011filimlerini, d\u00fc\u015f\u00fcncelerini, inan\u00e7lar\u0131n\u0131, i\u00e7sel \u00e7eli\u015fkilerini ve gizli ukdelerini incelemek; \u00e7e\u015fitli i\u00e7yap\u0131lar\u0131 ve gizli k\u00f6\u015feleri hakk\u0131nda ara\u015ft\u0131rma yapmak ve \u00f6zellikle de\u011ferlerini ortaya koymakt\u0131r. Her medeniyet bir insan gibidir. Onun ya\u015fam olaylar\u0131n\u0131n biyografi ve fizyolojisini, ailevi ve sosyal \u00e7evresini, ekonomik durumunu ve hayat tarz\u0131n\u0131 incelemek zor de\u011fildir. Fakat acaba bu konular\u0131 incelemek suretiyle onu dosdo\u011fru tan\u0131d\u0131\u011f\u0131m\u0131zdan emin olabilir miyiz? Asla! Onun inan\u00e7lar\u0131, bilgileri, malumat\u0131, ruhi, ahlaki ve duygusal \u00f6zellikleri; bireysel ger\u00e7ekli\u011fini ve m\u00fcstakil ve m\u00fcmtaz \u015fahsiyetini meydana getiren hayalleri, duyarl\u0131l\u0131klar\u0131, arzular\u0131, zevk ve duygular\u0131n\u0131 incelemek ayr\u0131 bir i\u015ftir. Onun hayat\u0131, ge\u00e7mi\u015fi, \u00e7evresi, miras\u0131 ve k\u00fclt\u00fcr\u00fc hakk\u0131ndaki bilgileri etrafl\u0131ca haz\u0131rlad\u0131ktan sonra ruhsal tahliline, karakterlerinin, \u00f6zelliklerinin bilimsel izah\u0131na, ukdelerini a\u00e7maya, ruh ve d\u00fc\u015f\u00fcncesinin gizli k\u00f6\u015felerini bulmaya y\u00f6nelmek gerekir. \ufffcTan\u0131t\u0131m Metni<\/p>\n","protected":false},"excerpt":{"rendered":"<p>Her medeniyetin tarihsel bir ser\u00fcveni ve yap\u0131 tarz\u0131ndan ve in\u015fas\u0131nda kullan\u0131lan unsurlardan meydana gelen g\u00f6r\u00fcn\u00fcr bir bedeni vard\u0131r. Bir medeniyetin bu y\u00f6nlerini incelemek kolayd\u0131r. Aslolan bir<span class=\"excerpt-hellip\"> [\u2026]<\/span><\/p>\n","protected":false},"featured_media":0,"template":"","meta":{"_monsterinsights_skip_tracking":false,"_monsterinsights_sitenote_active":false,"_monsterinsights_sitenote_note":"","_monsterinsights_sitenote_category":0},"product_brand":[],"product_cat":[12312,12304],"product_tag":[],"class_list":{"0":"post-783426","1":"product","2":"type-product","3":"status-publish","5":"product_cat-diger","6":"product_cat-tarih","7":"pa_tur-kitap","8":"pa_yayinevi-fecr-yayinlari","9":"pa_yazar-ali-seriati","11":"first","12":"instock","13":"sale","14":"shipping-taxable","15":"purchasable","16":"product-type-simple"},"_links":{"self":[{"href":"https:\/\/roveyayinevi.com.tr\/index.php\/wp-json\/wp\/v2\/product\/783426","targetHints":{"allow":["GET"]}}],"collection":[{"href":"https:\/\/roveyayinevi.com.tr\/index.php\/wp-json\/wp\/v2\/product"}],"about":[{"href":"https:\/\/roveyayinevi.com.tr\/index.php\/wp-json\/wp\/v2\/types\/product"}],"wp:attachment":[{"href":"https:\/\/roveyayinevi.com.tr\/index.php\/wp-json\/wp\/v2\/media?parent=783426"}],"wp:term":[{"taxonomy":"product_brand","embeddable":true,"href":"https:\/\/roveyayinevi.com.tr\/index.php\/wp-json\/wp\/v2\/product_brand?post=783426"},{"taxonomy":"product_cat","embeddable":true,"href":"https:\/\/roveyayinevi.com.tr\/index.php\/wp-json\/wp\/v2\/product_cat?post=783426"},{"taxonomy":"product_tag","embeddable":true,"href":"https:\/\/roveyayinevi.com.tr\/index.php\/wp-json\/wp\/v2\/product_tag?post=783426"}],"curies":[{"name":"wp","href":"https:\/\/api.w.org\/{rel}","templated":true}]}}