{"id":783425,"date":"2026-02-26T21:43:51","date_gmt":"2026-02-26T18:43:51","guid":{"rendered":"https:\/\/roveyayinevi.com.tr\/index.php\/urun\/oze-donus-6\/"},"modified":"2026-04-16T01:58:39","modified_gmt":"2026-04-15T22:58:39","slug":"oze-donus-6","status":"publish","type":"product","link":"https:\/\/roveyayinevi.com.tr\/index.php\/urun\/oze-donus-6\/","title":{"rendered":"\u00d6ze D\u00f6n\u00fc\u015f"},"content":{"rendered":"<p>Bat\u0131\u2019n\u0131n, b\u00fct\u00fcn insanlar\u0131, \u00f6z k\u00fclt\u00fcrlerinden, \u00fcretken, dinamik, heyecan dolu ve kendini arayan vas\u0131flar\u0131ndan uzakla\u015ft\u0131r\u0131p yalvaran, dilenen, zelil ve taklit\u00e7i k\u00f6leler durumuna getirmesi kar\u015f\u0131s\u0131nda bug\u00fcn ne yapmak gerekir? Tek \u00e7are \u00f6ze d\u00f6n\u00fc\u015f t\u00fcr. E\u011fer bu d\u00f6n\u00fc\u015f \u0131rka olursa rasizm olur, fa\u015fizm olur, nazizm olur, bir t\u00fcr ahmak\u00e7a cahiliye \u015fovenizmi olur. Ben \u0131rka d\u00f6nmek istemiyorum, insanlar\u0131 kana ve topra\u011fa tapmaya s\u00fcr\u00fcklemek istemiyorum. Y\u00fcz yirmi d\u00f6rt bin peygamber gelip bu ma\u011frur ve k\u00f6t\u00fc d\u00fc\u015f\u00fcnceli be\u015feri, mutlak g\u00fczellik sahibi Allah\u2019a kullu\u011fa davet etmi\u015flerdir. \u0130nsan kulak vermiyor. S\u00f6z konusu etti\u011fimiz \u00f6ze d\u00f6n\u00fc\u015f bizzat toplumun ruh ve vicdan\u0131ndaki mevcut \u00f6ze d\u00f6n\u00fc\u015ft\u00fcr. Bu, canl\u0131 bir \u00f6zd\u00fcr. Hala ya\u015fayan, hayat ve hareket sahibi bir \u00f6z. Acaba bu \u00f6z dini bir \u00f6z m\u00fcd\u00fcr? Evet \u0130slami bir \u00f6zd\u00fcr. Peki hangi \u0130slam? \ufffcTan\u0131t\u0131m Metni<\/p>\n","protected":false},"excerpt":{"rendered":"<p>Bat\u0131\u2019n\u0131n, b\u00fct\u00fcn insanlar\u0131, \u00f6z k\u00fclt\u00fcrlerinden, \u00fcretken, dinamik, heyecan dolu ve kendini arayan vas\u0131flar\u0131ndan uzakla\u015ft\u0131r\u0131p yalvaran, dilenen, zelil ve taklit\u00e7i k\u00f6leler durumuna getirmesi kar\u015f\u0131s\u0131nda bug\u00fcn ne yapmak<span class=\"excerpt-hellip\"> [\u2026]<\/span><\/p>\n","protected":false},"featured_media":0,"template":"","meta":{"_monsterinsights_skip_tracking":false,"_monsterinsights_sitenote_active":false,"_monsterinsights_sitenote_note":"","_monsterinsights_sitenote_category":0},"product_brand":[],"product_cat":[12718,12719,13025],"product_tag":[],"class_list":{"0":"post-783425","1":"product","2":"type-product","3":"status-publish","5":"product_cat-din","6":"product_cat-islam","7":"product_cat-islam-ve-gunumuz-islam-dusuncesi","8":"pa_tur-kitap","9":"pa_yayinevi-fecr-yayinlari","10":"pa_yazar-ali-seriati","12":"first","13":"instock","14":"sale","15":"shipping-taxable","16":"purchasable","17":"product-type-simple"},"_links":{"self":[{"href":"https:\/\/roveyayinevi.com.tr\/index.php\/wp-json\/wp\/v2\/product\/783425","targetHints":{"allow":["GET"]}}],"collection":[{"href":"https:\/\/roveyayinevi.com.tr\/index.php\/wp-json\/wp\/v2\/product"}],"about":[{"href":"https:\/\/roveyayinevi.com.tr\/index.php\/wp-json\/wp\/v2\/types\/product"}],"wp:attachment":[{"href":"https:\/\/roveyayinevi.com.tr\/index.php\/wp-json\/wp\/v2\/media?parent=783425"}],"wp:term":[{"taxonomy":"product_brand","embeddable":true,"href":"https:\/\/roveyayinevi.com.tr\/index.php\/wp-json\/wp\/v2\/product_brand?post=783425"},{"taxonomy":"product_cat","embeddable":true,"href":"https:\/\/roveyayinevi.com.tr\/index.php\/wp-json\/wp\/v2\/product_cat?post=783425"},{"taxonomy":"product_tag","embeddable":true,"href":"https:\/\/roveyayinevi.com.tr\/index.php\/wp-json\/wp\/v2\/product_tag?post=783425"}],"curies":[{"name":"wp","href":"https:\/\/api.w.org\/{rel}","templated":true}]}}