{"id":783424,"date":"2026-02-26T21:43:48","date_gmt":"2026-02-26T18:43:48","guid":{"rendered":"https:\/\/roveyayinevi.com.tr\/index.php\/urun\/yeni-cagin-ozellikleri\/"},"modified":"2026-04-16T01:58:39","modified_gmt":"2026-04-15T22:58:39","slug":"yeni-cagin-ozellikleri","status":"publish","type":"product","link":"https:\/\/roveyayinevi.com.tr\/index.php\/urun\/yeni-cagin-ozellikleri\/","title":{"rendered":"Yeni \u00c7a\u011f\u2019\u0131n \u00d6zellikleri"},"content":{"rendered":"<p>Yeni \u00c7a\u011f\u2019\u0131n \u00f6zelliklerinden biri para ile bar\u0131\u015f\u0131lmas\u0131, basiretin ve bilginin servet ile bar\u0131\u015f\u0131d\u0131r. \u0130lim servet ile neden bar\u0131\u015f yap\u0131yor? \u00c7\u00fcnk\u00fc her ikisi ortak bir hedef bulmu\u015flard\u0131; insan\u0131n g\u00fcnl\u00fck ya\u015famdan daha fazla faydalanmas\u0131. Ortak bir hedef bulduklar\u0131 zaman, ister istemez i\u015fbirli\u011fi yapmal\u0131d\u0131rlar ve ilim paran\u0131n kutsal olaca\u011f\u0131 \u00f6l\u00e7\u00fcde kutsal olacakt\u0131r. G\u00f6rd\u00fc\u011f\u00fcm\u00fcz gibi g\u00fcn\u00fcm\u00fcz\u00fcn medeni d\u00fcnyas\u0131nda ilmin ve bilginlerin i\u015finin ve g\u00f6revinin de\u011feri tam anlam\u0131yla para ile \u00f6l\u00e7\u00fclmekte ve de\u011fer verilmektedir. \u0130lim, ge\u00e7mi\u015fte insan\u0131n ahlaki ve fikri y\u00fcceli\u011fi, ruhi tekam\u00fcl\u00fc ve in\u015fas\u0131 ile ilgileniyordu; ilmin ba\u015fka bir i\u015fi, para ve servetin ba\u015fka bir i\u015fi vard\u0131. Fakat bug\u00fcn\u00fcn ilmi paran\u0131n tarih boyunca hedefledi\u011fi hedefi, yani g\u00fcnl\u00fck ya\u015famda daha iyi bir hayat\u0131n arac\u0131s\u0131 olma hedefini tercih etti. \ufffcTan\u0131t\u0131m Metni<\/p>\n","protected":false},"excerpt":{"rendered":"<p>Yeni \u00c7a\u011f\u2019\u0131n \u00f6zelliklerinden biri para ile bar\u0131\u015f\u0131lmas\u0131, basiretin ve bilginin servet ile bar\u0131\u015f\u0131d\u0131r. \u0130lim servet ile neden bar\u0131\u015f yap\u0131yor? \u00c7\u00fcnk\u00fc her ikisi ortak bir hedef bulmu\u015flard\u0131;<span class=\"excerpt-hellip\"> [\u2026]<\/span><\/p>\n","protected":false},"featured_media":0,"template":"","meta":{"_monsterinsights_skip_tracking":false,"_monsterinsights_sitenote_active":false,"_monsterinsights_sitenote_note":"","_monsterinsights_sitenote_category":0},"product_brand":[],"product_cat":[12718,12719,12720],"product_tag":[],"class_list":{"0":"post-783424","1":"product","2":"type-product","3":"status-publish","5":"product_cat-din","6":"product_cat-islam","7":"product_cat-tasavvuf-mezhepler-tarikatlar","8":"pa_tur-kitap","9":"pa_yayinevi-fecr-yayinlari","10":"pa_yazar-ali-seriati","12":"first","13":"instock","14":"sale","15":"shipping-taxable","16":"purchasable","17":"product-type-simple"},"_links":{"self":[{"href":"https:\/\/roveyayinevi.com.tr\/index.php\/wp-json\/wp\/v2\/product\/783424","targetHints":{"allow":["GET"]}}],"collection":[{"href":"https:\/\/roveyayinevi.com.tr\/index.php\/wp-json\/wp\/v2\/product"}],"about":[{"href":"https:\/\/roveyayinevi.com.tr\/index.php\/wp-json\/wp\/v2\/types\/product"}],"wp:attachment":[{"href":"https:\/\/roveyayinevi.com.tr\/index.php\/wp-json\/wp\/v2\/media?parent=783424"}],"wp:term":[{"taxonomy":"product_brand","embeddable":true,"href":"https:\/\/roveyayinevi.com.tr\/index.php\/wp-json\/wp\/v2\/product_brand?post=783424"},{"taxonomy":"product_cat","embeddable":true,"href":"https:\/\/roveyayinevi.com.tr\/index.php\/wp-json\/wp\/v2\/product_cat?post=783424"},{"taxonomy":"product_tag","embeddable":true,"href":"https:\/\/roveyayinevi.com.tr\/index.php\/wp-json\/wp\/v2\/product_tag?post=783424"}],"curies":[{"name":"wp","href":"https:\/\/api.w.org\/{rel}","templated":true}]}}