{"id":783422,"date":"2026-02-26T21:43:42","date_gmt":"2026-02-26T18:43:42","guid":{"rendered":"https:\/\/roveyayinevi.com.tr\/index.php\/urun\/dinler-tarihi-2\/"},"modified":"2026-04-16T01:58:39","modified_gmt":"2026-04-15T22:58:39","slug":"dinler-tarihi-2","status":"publish","type":"product","link":"https:\/\/roveyayinevi.com.tr\/index.php\/urun\/dinler-tarihi-2\/","title":{"rendered":"Dinler Tarihi 2"},"content":{"rendered":"<p>\u00d6nceki peygamberlerin evrensel bir risaleti yoktu. Mesih, yahudi kavminin vaat edilenidir, di\u011fer milletlerin vaat edileni de\u011fil. Musa, \u0130srailo\u011fullar\u0131n\u0131 Firavun ve K\u0131ptilerin esaretinden kurtarmak, onlar\u0131 vaat edilen arza g\u00f6t\u00fcrmek ve orada h\u00fcr bir toplum kurmak i\u00e7in g\u00f6nderilmi\u015ftir. Risaleti ba\u015flad\u0131, ondan ba\u015fka bir \u015fey yapmadan sonu\u00e7land\u0131. Musa, asla d\u00fcnyan\u0131n b\u00fct\u00fcn kullar\u0131n\u0131 \u00f6zg\u00fcrle\u015ftirme risalet ve misyonuna sahip olmad\u0131. Belli bir zaman ve mekanda, K\u0131pti\u2019ye kar\u015f\u0131 bir sibti; sava\u015f sahnesi de s\u0131n\u0131rl\u0131. Tevrat\u2019\u0131n kendisi, Yahudi kavminin kitab\u0131n\u0131n oldu\u011funa ve onlar\u0131n ihtiya\u00e7lar\u0131na g\u00f6re v\u00fccuda geldi\u011fine i\u015faret ediyor. \ufffcTan\u0131t\u0131m Metni<\/p>\n","protected":false},"excerpt":{"rendered":"<p>\u00d6nceki peygamberlerin evrensel bir risaleti yoktu. Mesih, yahudi kavminin vaat edilenidir, di\u011fer milletlerin vaat edileni de\u011fil. Musa, \u0130srailo\u011fullar\u0131n\u0131 Firavun ve K\u0131ptilerin esaretinden kurtarmak, onlar\u0131 vaat edilen<span class=\"excerpt-hellip\"> [\u2026]<\/span><\/p>\n","protected":false},"featured_media":0,"template":"","meta":{"_monsterinsights_skip_tracking":false,"_monsterinsights_sitenote_active":false,"_monsterinsights_sitenote_note":"","_monsterinsights_sitenote_category":0},"product_brand":[],"product_cat":[12718,16794],"product_tag":[],"class_list":{"0":"post-783422","1":"product","2":"type-product","3":"status-publish","5":"product_cat-din","6":"product_cat-dinler-tarihi","7":"pa_tur-kitap","8":"pa_yayinevi-fecr-yayinlari","9":"pa_yazar-ali-seriati","11":"first","12":"instock","13":"sale","14":"shipping-taxable","15":"purchasable","16":"product-type-simple"},"_links":{"self":[{"href":"https:\/\/roveyayinevi.com.tr\/index.php\/wp-json\/wp\/v2\/product\/783422","targetHints":{"allow":["GET"]}}],"collection":[{"href":"https:\/\/roveyayinevi.com.tr\/index.php\/wp-json\/wp\/v2\/product"}],"about":[{"href":"https:\/\/roveyayinevi.com.tr\/index.php\/wp-json\/wp\/v2\/types\/product"}],"wp:attachment":[{"href":"https:\/\/roveyayinevi.com.tr\/index.php\/wp-json\/wp\/v2\/media?parent=783422"}],"wp:term":[{"taxonomy":"product_brand","embeddable":true,"href":"https:\/\/roveyayinevi.com.tr\/index.php\/wp-json\/wp\/v2\/product_brand?post=783422"},{"taxonomy":"product_cat","embeddable":true,"href":"https:\/\/roveyayinevi.com.tr\/index.php\/wp-json\/wp\/v2\/product_cat?post=783422"},{"taxonomy":"product_tag","embeddable":true,"href":"https:\/\/roveyayinevi.com.tr\/index.php\/wp-json\/wp\/v2\/product_tag?post=783422"}],"curies":[{"name":"wp","href":"https:\/\/api.w.org\/{rel}","templated":true}]}}