{"id":783418,"date":"2026-02-26T21:43:29","date_gmt":"2026-02-26T18:43:29","guid":{"rendered":"https:\/\/roveyayinevi.com.tr\/index.php\/urun\/aile-sosyolojisi-3\/"},"modified":"2026-04-16T01:58:37","modified_gmt":"2026-04-15T22:58:37","slug":"aile-sosyolojisi-3","status":"publish","type":"product","link":"https:\/\/roveyayinevi.com.tr\/index.php\/urun\/aile-sosyolojisi-3\/","title":{"rendered":"Aile Sosyolojisi"},"content":{"rendered":"<p>&#8211; Aile sosyolojisi, nas\u0131l bir disiplindir, geli\u015fimi nas\u0131l olmu\u015ftur? &#8211; \u00c7a\u011f\u0131m\u0131zda aile kurumunun ge\u00e7irmekte oldu\u011fu de\u011fi\u015fimler nelerdir? &#8211; Modernle\u015fmenin aile \u00fczerindeki etkileri nelerdir? &#8211; Alevi de\u011ferler ba\u011flam\u0131nda T\u00fcrk ailesi nereden nereye gitmektedir? Bu kitapta, bu sorular ba\u015fta olmak \u00fczere g\u00fcn\u00fcm\u00fczde aile kurumunun ge\u00e7irdi\u011fi de\u011fi\u015fimler farkl\u0131 a\u00e7\u0131lardan yorumlanmaktad\u0131r. Bu de\u011fi\u015fim sadece ailenin yap\u0131s\u0131nde de\u011fil, ayn\u0131 zamanda k\u00fclt\u00fcrel muhtevas\u0131nda da g\u00f6zlemlenmektedir. Ailenin ge\u00e7irdi\u011fi k\u00f6kl\u00fc de\u011fi\u015fmelerin tan\u0131mlanmas\u0131 kadar yarg\u0131lanmas\u0131 da farkl\u0131 yakla\u015f\u0131mlara konu olmaktad\u0131r. T\u00fcrkiye&#8217;de \u00fcniversite d\u00fcnyas\u0131nda ve sosyoloji b\u00f6l\u00fcmlerinde aile sosyolojisi derselerinin uzun bir ge\u00e7mi\u015fi bulunmas\u0131na ra\u011fmen hala bu disiplinli \u00f6\u011fretecek farkl\u0131 ders kitaplar\u0131n\u0131n yaz\u0131lmam\u0131\u015f olmas\u0131 ve dolay\u0131s\u0131yla bu dersin \u00f6\u011fretimiyle me\u015fgul akademisyenlerin bir se\u00e7eneksizlik sorunu ya\u015famalar\u0131 kabul edilebilir bir durum de\u011fildir. \u0130\u015fte bu sorunu a\u015fmak, elinizdeki \u00e7al\u0131\u015fman\u0131n ana motifi olmu\u015ftur. Kitap, alan\u0131nda uzman olan bir grup akademisyen taraf\u0131ndan edisyon olarak haz\u0131rland\u0131. Ortak bir dil birli\u011fi ve konular aras\u0131nda tam bir uygunluk sa\u011flanamam\u0131\u015f olmas\u0131 bir dezavantaj olmakla birlikte, konular\u0131n farkl\u0131 ki\u015filer taraf\u0131ndan ele al\u0131nm\u0131\u015f olmas\u0131 zengin bir muhteva ortaya \u00e7\u0131kartm\u0131\u015ft\u0131r. Eserde farkl\u0131 g\u00f6r\u00fc\u015f ve yakla\u015f\u0131mlar\u0131n sergilenmi\u015f olmas\u0131 son derece do\u011fal kar\u015f\u0131lanmal\u0131d\u0131r. Buna kar\u015f\u0131n aile sosyolojisinde okunmas\u0131 gerekli temalara, kavramlara ve konulara yer verilmeye \u00f6zen g\u00f6sterilmi\u015ftir. Eser, bilimsel bir disiplin olarak aile sosyolojisinin geli\u015fimi, ana konular\u0131 ve perspektifi, aile hakk\u0131ndaki belli ba\u015fl\u0131 kurumsal yakla\u015f\u0131mlar\u0131, ailenin tan\u0131m\u0131, t\u00fcrleri ve i\u015flevleri, ailenin tarihsel s\u00fcre\u00e7 i\u00e7inde ge\u00e7irdi\u011fi ser\u00fcven ve aile i\u00e7i ili\u015fkiler, ba\u015fka kurum ve alanlarla aile kurumunun ili\u015fkileri gibi temel konular\u0131n detayl\u0131 ba\u015fl\u0131klarla ele al\u0131nd\u0131\u011f\u0131 d\u00f6rt b\u00f6l\u00fcmden olu\u015fmaktad\u0131r. Kitab\u0131n sonunda geni\u015f bir alie kaynak\u00e7as\u0131na yer verilmi\u015ftir. \u0130lgili b\u00f6l\u00fcmlerde verilen kaynak ve at\u0131flarla birlikte farkl\u0131 dillerde ve \u00fclkelerde yap\u0131lm\u0131\u015f olan aile sosyolojisine ili\u015fkin pek \u00e7ok ara\u015ft\u0131rma ve \u00e7al\u0131\u015fma bu zengin kaynak\u00e7ada mevcuttur. \u00d6zellikle aile sosyolojisi konusunda ileri okumalar i\u00e7in buradan faydalan\u0131labilir. Do\u00e7. Dr. Kadir Canatan Rotterdam&#8217;da Sosyal Akademi&#8217;yi bitirdi, Erasmus ve Vrij \u00fcniversitelerinde sosyoloji ve k\u00fctl\u00fcrel antropoloji e\u011fitimi ald\u0131. \u00c7e\u015fitli kitaplar\u0131 ve terc\u00fcme eserleri bulunan Canatan, Bal\u0131kesir \u00dcniversitesi&#8217;nde \u00f6\u011fretim \u00fcyesidir. Do\u00e7. Dr. Erg\u00fcn Y\u0131ld\u0131r\u0131m \u0130stanbul \u00dcniv. Edeb. Fak. Sosyoloji B\u00f6l\u00fcm\u00fc mezunu. \u00c7e\u015fitli kitaplar\u0131 ve terc\u00fcme eserleri bulunan Y\u0131ld\u0131r\u0131m, bir y\u0131l \u0130ngiltere&#8217;de Leicester \u00dcniversitesi&#8217;nde bulundu. Halen Y\u0131ld\u0131z Teknik \u00dcniversitesi Fen-Edebiyat Fak\u00fcltesi&#8217;nde \u00f6\u011fretim \u00fcyesidir.<\/p>\n","protected":false},"excerpt":{"rendered":"<p>&#8211; Aile sosyolojisi, nas\u0131l bir disiplindir, geli\u015fimi nas\u0131l olmu\u015ftur? &#8211; \u00c7a\u011f\u0131m\u0131zda aile kurumunun ge\u00e7irmekte oldu\u011fu de\u011fi\u015fimler nelerdir? &#8211; Modernle\u015fmenin aile \u00fczerindeki etkileri nelerdir? &#8211; Alevi de\u011ferler<span class=\"excerpt-hellip\"> [\u2026]<\/span><\/p>\n","protected":false},"featured_media":0,"template":"","meta":{"_monsterinsights_skip_tracking":false,"_monsterinsights_sitenote_active":false,"_monsterinsights_sitenote_note":"","_monsterinsights_sitenote_category":0},"product_brand":[],"product_cat":[13633,12324],"product_tag":[],"class_list":{"0":"post-783418","1":"product","2":"type-product","3":"status-publish","5":"product_cat-kultur-ve-bilim","6":"product_cat-sosyoloji","7":"pa_cilt-ciltsiz","8":"pa_tur-kitap","9":"pa_yayinevi-acilim-kitap","10":"pa_yazar-ergun-yildirim","12":"first","13":"instock","14":"sale","15":"shipping-taxable","16":"purchasable","17":"product-type-simple"},"_links":{"self":[{"href":"https:\/\/roveyayinevi.com.tr\/index.php\/wp-json\/wp\/v2\/product\/783418","targetHints":{"allow":["GET"]}}],"collection":[{"href":"https:\/\/roveyayinevi.com.tr\/index.php\/wp-json\/wp\/v2\/product"}],"about":[{"href":"https:\/\/roveyayinevi.com.tr\/index.php\/wp-json\/wp\/v2\/types\/product"}],"wp:attachment":[{"href":"https:\/\/roveyayinevi.com.tr\/index.php\/wp-json\/wp\/v2\/media?parent=783418"}],"wp:term":[{"taxonomy":"product_brand","embeddable":true,"href":"https:\/\/roveyayinevi.com.tr\/index.php\/wp-json\/wp\/v2\/product_brand?post=783418"},{"taxonomy":"product_cat","embeddable":true,"href":"https:\/\/roveyayinevi.com.tr\/index.php\/wp-json\/wp\/v2\/product_cat?post=783418"},{"taxonomy":"product_tag","embeddable":true,"href":"https:\/\/roveyayinevi.com.tr\/index.php\/wp-json\/wp\/v2\/product_tag?post=783418"}],"curies":[{"name":"wp","href":"https:\/\/api.w.org\/{rel}","templated":true}]}}