{"id":783415,"date":"2026-02-26T03:50:47","date_gmt":"2026-02-26T00:50:47","guid":{"rendered":"https:\/\/roveyayinevi.com.tr\/index.php\/urun\/hak-nefesi-2\/"},"modified":"2026-04-15T03:47:39","modified_gmt":"2026-04-15T00:47:39","slug":"hak-nefesi-2","status":"publish","type":"product","link":"https:\/\/roveyayinevi.com.tr\/index.php\/urun\/hak-nefesi-2\/","title":{"rendered":"Hak Nefesi 2"},"content":{"rendered":"<p>Ya\u011fmurbaba, tasavvufi ve manevi \u00f6\u011felerle harmanlanm\u0131\u015f, okuyucuyu i\u00e7sel bir yolculu\u011fa davet eden etkileyici bir eserdir. Kitap; hakikat aray\u0131\u015f\u0131, insan\u0131n nefsiyle m\u00fccadelesi ve ilahi a\u015fk temalar\u0131n\u0131 derin bir anlat\u0131mla i\u015fler. Ya\u011fmurbaba karakteri \u00fczerinden bilgelik, sab\u0131r ve maneviyat\u0131n g\u00fcc\u00fc anlat\u0131l\u0131rken, okuyucuya hem d\u00fc\u015f\u00fcnd\u00fcren hem de ruhuna dokunan bir deneyim sunar.<\/p>\n","protected":false},"excerpt":{"rendered":"<p>Ya\u011fmurbaba, tasavvufi ve manevi \u00f6\u011felerle harmanlanm\u0131\u015f, okuyucuyu i\u00e7sel bir yolculu\u011fa davet eden etkileyici bir eserdir. Kitap; hakikat aray\u0131\u015f\u0131, insan\u0131n nefsiyle m\u00fccadelesi ve ilahi a\u015fk temalar\u0131n\u0131 derin<span class=\"excerpt-hellip\"> [\u2026]<\/span><\/p>\n","protected":false},"featured_media":0,"template":"","meta":{"_monsterinsights_skip_tracking":false,"_monsterinsights_sitenote_active":false,"_monsterinsights_sitenote_note":"","_monsterinsights_sitenote_category":0},"product_brand":[],"product_cat":[13575,12718,12719],"product_tag":[],"class_list":{"0":"post-783415","1":"product","2":"type-product","3":"status-publish","5":"product_cat-alevilik-bektasilik","6":"product_cat-din","7":"product_cat-islam","8":"pa_cilt-ciltsiz","9":"pa_tur-kitap","10":"pa_yayinevi-baris-kitap","11":"pa_yazar-ibrahim-guzel","13":"first","14":"instock","15":"sale","16":"shipping-taxable","17":"purchasable","18":"product-type-simple"},"_links":{"self":[{"href":"https:\/\/roveyayinevi.com.tr\/index.php\/wp-json\/wp\/v2\/product\/783415","targetHints":{"allow":["GET"]}}],"collection":[{"href":"https:\/\/roveyayinevi.com.tr\/index.php\/wp-json\/wp\/v2\/product"}],"about":[{"href":"https:\/\/roveyayinevi.com.tr\/index.php\/wp-json\/wp\/v2\/types\/product"}],"wp:attachment":[{"href":"https:\/\/roveyayinevi.com.tr\/index.php\/wp-json\/wp\/v2\/media?parent=783415"}],"wp:term":[{"taxonomy":"product_brand","embeddable":true,"href":"https:\/\/roveyayinevi.com.tr\/index.php\/wp-json\/wp\/v2\/product_brand?post=783415"},{"taxonomy":"product_cat","embeddable":true,"href":"https:\/\/roveyayinevi.com.tr\/index.php\/wp-json\/wp\/v2\/product_cat?post=783415"},{"taxonomy":"product_tag","embeddable":true,"href":"https:\/\/roveyayinevi.com.tr\/index.php\/wp-json\/wp\/v2\/product_tag?post=783415"}],"curies":[{"name":"wp","href":"https:\/\/api.w.org\/{rel}","templated":true}]}}