{"id":783408,"date":"2026-02-26T03:48:36","date_gmt":"2026-02-26T00:48:36","guid":{"rendered":"https:\/\/roveyayinevi.com.tr\/index.php\/urun\/zavalli-cocuk-6\/"},"modified":"2026-04-15T03:45:19","modified_gmt":"2026-04-15T00:45:19","slug":"zavalli-cocuk-6","status":"publish","type":"product","link":"https:\/\/roveyayinevi.com.tr\/index.php\/urun\/zavalli-cocuk-6\/","title":{"rendered":"Zavall\u0131 \u00c7ocuk"},"content":{"rendered":"<p>\u201cD\u00fcnyada ne kadar g\u00fczel \u015fey g\u00f6rsem elbette senin bir yerine benzetirim. Sonra g\u00f6rd\u00fc\u011f\u00fcm \u015feyin bir taraf\u0131nda bir kusur bulurum. O da g\u00f6z\u00fcmden d\u00fc\u015fer, yine yaln\u0131z sen kal\u0131rs\u0131n.\u201d Nam\u0131k Kemal\u2019in kaleme ald\u0131\u011f\u0131 Zavall\u0131 \u00c7ocuk, T\u00fcrk edebiyat\u0131n\u0131n ilk edeb\u00ee a\u015fk trajedilerinden biridir. Romantik-dram t\u00fcr\u00fcnde yaz\u0131lm\u0131\u015f bir tiyatro metnidir.  \u015eefika ve Ata birbirine \u00e2\u015f\u0131k iki gen\u00e7tir. Ancak toplumsal bask\u0131 ve aile d\u00fczeni gen\u00e7lerin \u00f6n\u00fcnde b\u00fcy\u00fck bir engeldir. Babas\u0131 k\u0131z\u0131n\u0131 zengin bir pa\u015fayla evlendirmek ister. Sonunda, iki gencin saf ve masum a\u015fk\u0131, aile bask\u0131s\u0131 ve toplumsal geleneklerin kurban\u0131 olur. Eser, Nam\u0131k Kemal\u2019in h\u00fcrriyet ve hak d\u00fc\u015f\u00fcncelerini a\u015fk temas\u0131 \u00fczerinden yans\u0131tmas\u0131yla \u00f6ne \u00e7\u0131kmaktad\u0131r.<\/p>\n","protected":false},"excerpt":{"rendered":"<p>\u201cD\u00fcnyada ne kadar g\u00fczel \u015fey g\u00f6rsem elbette senin bir yerine benzetirim. Sonra g\u00f6rd\u00fc\u011f\u00fcm \u015feyin bir taraf\u0131nda bir kusur bulurum. O da g\u00f6z\u00fcmden d\u00fc\u015fer, yine yaln\u0131z sen<span class=\"excerpt-hellip\"> [\u2026]<\/span><\/p>\n","protected":false},"featured_media":0,"template":"","meta":{"_monsterinsights_skip_tracking":false,"_monsterinsights_sitenote_active":false,"_monsterinsights_sitenote_note":"","_monsterinsights_sitenote_category":0},"product_brand":[],"product_cat":[12291,14272],"product_tag":[],"class_list":{"0":"post-783408","1":"product","2":"type-product","3":"status-publish","5":"product_cat-edebiyat","6":"product_cat-tiyatro","7":"pa_cilt-ciltsiz","8":"pa_tur-kitap","9":"pa_yayinevi-dokuz-yayinlari","10":"pa_yazar-namik-kemal","12":"first","13":"instock","14":"sale","15":"shipping-taxable","16":"purchasable","17":"product-type-simple"},"_links":{"self":[{"href":"https:\/\/roveyayinevi.com.tr\/index.php\/wp-json\/wp\/v2\/product\/783408","targetHints":{"allow":["GET"]}}],"collection":[{"href":"https:\/\/roveyayinevi.com.tr\/index.php\/wp-json\/wp\/v2\/product"}],"about":[{"href":"https:\/\/roveyayinevi.com.tr\/index.php\/wp-json\/wp\/v2\/types\/product"}],"wp:attachment":[{"href":"https:\/\/roveyayinevi.com.tr\/index.php\/wp-json\/wp\/v2\/media?parent=783408"}],"wp:term":[{"taxonomy":"product_brand","embeddable":true,"href":"https:\/\/roveyayinevi.com.tr\/index.php\/wp-json\/wp\/v2\/product_brand?post=783408"},{"taxonomy":"product_cat","embeddable":true,"href":"https:\/\/roveyayinevi.com.tr\/index.php\/wp-json\/wp\/v2\/product_cat?post=783408"},{"taxonomy":"product_tag","embeddable":true,"href":"https:\/\/roveyayinevi.com.tr\/index.php\/wp-json\/wp\/v2\/product_tag?post=783408"}],"curies":[{"name":"wp","href":"https:\/\/api.w.org\/{rel}","templated":true}]}}