{"id":783407,"date":"2026-02-26T03:48:31","date_gmt":"2026-02-26T00:48:31","guid":{"rendered":"https:\/\/roveyayinevi.com.tr\/index.php\/urun\/akif-bey-3\/"},"modified":"2026-04-15T03:45:19","modified_gmt":"2026-04-15T00:45:19","slug":"akif-bey-3","status":"publish","type":"product","link":"https:\/\/roveyayinevi.com.tr\/index.php\/urun\/akif-bey-3\/","title":{"rendered":"Akif Bey"},"content":{"rendered":"<p>\u201cVatan\u0131m\u0131 ne kadar seversem haremimi de ona yak\u0131n seviyorum. Ay\u0131p m\u0131? Haremimden ayr\u0131l\u0131rken kederle ayr\u0131l\u0131r\u0131m. Yine devletim i\u00e7in \u00f6l\u00fcrken yi\u011fitlikle \u00f6l\u00fcr\u00fcm. Vatan\u0131n\u0131 seven adam d\u00fcnyada ba\u015fka hi\u00e7bir \u015feyi sevmemek mi laz\u0131m gelir?\u201d Akif Bey, Osmanl\u0131 Donanmas\u0131\u2019nda g\u00f6rev yapan yi\u011fit, vatansever bir deniz subay\u0131d\u0131r. Sava\u015fta kahramanca sava\u015f\u0131r ancak \u00f6zel hayat\u0131nda b\u00fcy\u00fck bir ihanet ve yanl\u0131\u015f anla\u015f\u0131lma kurban\u0131 olur. Akif Bey, Dilruba ad\u0131nda g\u00fczel bir kad\u0131nla evlidir. Onunla \u00e7ok mutlu bir hayat s\u00fcrerken Rodos Sava\u015f\u0131\u2019na kat\u0131lmak i\u00e7in cepheye gider. Sava\u015fta g\u00f6sterdi\u011fi kahramanl\u0131kla herkesin takdirini kazan\u0131r. Ancak Akif cephedeyken Dilruba, ailesinin de etkisiyle Fatin ad\u0131nda ba\u015fka bir adama g\u00f6n\u00fcl verir. Bu olay Akif Bey\u2019in onurunu derinden sarsar. Akif Bey; Nam\u0131k Kemal\u2019in 1874 y\u0131l\u0131nda kaleme ald\u0131\u011f\u0131 vatan sevgisi, namus, fedak\u00e2rl\u0131k ve yanl\u0131\u015f anlamalar y\u00fcz\u00fcnden y\u0131k\u0131lan bir ailenin trajedisini anlatt\u0131\u011f\u0131 dram t\u00fcr\u00fcndeki tiyatro eseridir.<\/p>\n","protected":false},"excerpt":{"rendered":"<p>\u201cVatan\u0131m\u0131 ne kadar seversem haremimi de ona yak\u0131n seviyorum. Ay\u0131p m\u0131? Haremimden ayr\u0131l\u0131rken kederle ayr\u0131l\u0131r\u0131m. Yine devletim i\u00e7in \u00f6l\u00fcrken yi\u011fitlikle \u00f6l\u00fcr\u00fcm. Vatan\u0131n\u0131 seven adam d\u00fcnyada ba\u015fka<span class=\"excerpt-hellip\"> [\u2026]<\/span><\/p>\n","protected":false},"featured_media":0,"template":"","meta":{"_monsterinsights_skip_tracking":false,"_monsterinsights_sitenote_active":false,"_monsterinsights_sitenote_note":"","_monsterinsights_sitenote_category":0},"product_brand":[],"product_cat":[12291,13872],"product_tag":[],"class_list":{"0":"post-783407","1":"product","2":"type-product","3":"status-publish","5":"product_cat-edebiyat","6":"product_cat-klasikler","7":"pa_cilt-ciltsiz","8":"pa_tur-kitap","9":"pa_yayinevi-dokuz-yayinlari","10":"pa_yazar-namik-kemal","12":"first","13":"instock","14":"sale","15":"shipping-taxable","16":"purchasable","17":"product-type-simple"},"_links":{"self":[{"href":"https:\/\/roveyayinevi.com.tr\/index.php\/wp-json\/wp\/v2\/product\/783407","targetHints":{"allow":["GET"]}}],"collection":[{"href":"https:\/\/roveyayinevi.com.tr\/index.php\/wp-json\/wp\/v2\/product"}],"about":[{"href":"https:\/\/roveyayinevi.com.tr\/index.php\/wp-json\/wp\/v2\/types\/product"}],"wp:attachment":[{"href":"https:\/\/roveyayinevi.com.tr\/index.php\/wp-json\/wp\/v2\/media?parent=783407"}],"wp:term":[{"taxonomy":"product_brand","embeddable":true,"href":"https:\/\/roveyayinevi.com.tr\/index.php\/wp-json\/wp\/v2\/product_brand?post=783407"},{"taxonomy":"product_cat","embeddable":true,"href":"https:\/\/roveyayinevi.com.tr\/index.php\/wp-json\/wp\/v2\/product_cat?post=783407"},{"taxonomy":"product_tag","embeddable":true,"href":"https:\/\/roveyayinevi.com.tr\/index.php\/wp-json\/wp\/v2\/product_tag?post=783407"}],"curies":[{"name":"wp","href":"https:\/\/api.w.org\/{rel}","templated":true}]}}