{"id":783403,"date":"2026-02-26T03:48:12","date_gmt":"2026-02-26T00:48:12","guid":{"rendered":"https:\/\/roveyayinevi.com.tr\/index.php\/urun\/kuyruklu-yildiz-altinda-bir-izdivac-9\/"},"modified":"2026-04-15T03:45:19","modified_gmt":"2026-04-15T00:45:19","slug":"kuyruklu-yildiz-altinda-bir-izdivac-9","status":"publish","type":"product","link":"https:\/\/roveyayinevi.com.tr\/index.php\/urun\/kuyruklu-yildiz-altinda-bir-izdivac-9\/","title":{"rendered":"Kuyruklu Y\u0131ld\u0131z Alt\u0131nda Bir \u0130zdiva\u00e7"},"content":{"rendered":"<p>\u201cBu k\u00e2inat i\u00e7indeki benli\u011fim, varl\u0131\u011f\u0131n s\u0131n\u0131rlar\u0131yla belli olmas\u0131 laz\u0131m gelir. O \u015fey ki benden hari\u00e7tir, ben o de\u011filim. Fakat bence hissedilir olan bir \u015fey nas\u0131l benli\u011fimin harici addolunabilir?\u201d Roman, 1910 y\u0131l\u0131nda Halley Kuyruklu Y\u0131ld\u0131z\u0131\u2019n\u0131n D\u00fcnya\u2019ya yakla\u015faca\u011f\u0131 s\u00f6ylentileri \u00fczerine \u0130stanbul\u2019da  ya\u015fanan korku ve karma\u015fa ortam\u0131nda ge\u00e7er. D\u00f6nemin halk\u0131, bu olay\u0131n k\u0131yametin habercisi oldu\u011funa inan\u0131r. Bu bat\u0131l korku y\u00fcz\u00fcnden insanlar endi\u015felenir, dualar, t\u00f6vbeler eder. Okumu\u015f, ak\u0131lc\u0131, bilime inanan, Bat\u0131l\u0131 d\u00fc\u015f\u00fcncelere sahip bir gen\u00e7 olan \u0130rfan Galip; bat\u0131l inan\u00e7lara, duygulara ve geleneklere ba\u011fl\u0131, saf bir gen\u00e7 k\u0131z olan Feriha\u2019ya \u00e2\u015f\u0131k olur. Kuyruklu y\u0131ld\u0131z\u0131n \u201cd\u00fcnyay\u0131 yok edece\u011fi\u201d s\u00f6ylentileri s\u0131ras\u0131nda \u0130rfan, Feriha\u2019y\u0131 etkilemek i\u00e7in, \u201cD\u00fcnya yok olmadan \u00f6nce evlenelim,\u201d der. Bu teklif hem bir romantik olay hem de insanlar\u0131n inan\u00e7lar\u0131n\u0131 sorgulatan bir mizah unsuru h\u00e2line gelir. H\u00fcseyin Rahmi G\u00fcrp\u0131nar bu eseriyle, d\u00f6nemin insanlar\u0131n\u0131n hurafelere inanma e\u011filimini ve kad\u0131n erkek ili\u015fkilerini ele\u015ftirirken ayn\u0131 zamanda okura g\u00fcld\u00fcr\u00fcyle d\u00fc\u015f\u00fcnme f\u0131rsat\u0131 verir. Gertrude\u2019un g\u00f6zleri art\u0131k g\u00f6rmeye ba\u015flad\u0131\u011f\u0131ndaysa, ger\u00e7ekleri g\u00f6rmek hem onun hem de papaz\u0131n d\u00fcnyas\u0131n\u0131 alt\u00fcst eder.  G\u00f6rmenin bazen k\u00f6rl\u00fckten daha ac\u0131 verici oldu\u011funu anlatan bu roman, insan ruhunun derinliklerine dokunan bir vicdan muhasebesi sunar. Pastoral Senfoni, inanc\u0131n ard\u0131na gizlenmi\u015f tutkular\u0131n ve ger\u00e7e\u011fin kar\u015f\u0131s\u0131nda yitirilen safl\u0131\u011f\u0131n unutulmaz hik\u00e2yesidir.<\/p>\n","protected":false},"excerpt":{"rendered":"<p>\u201cBu k\u00e2inat i\u00e7indeki benli\u011fim, varl\u0131\u011f\u0131n s\u0131n\u0131rlar\u0131yla belli olmas\u0131 laz\u0131m gelir. O \u015fey ki benden hari\u00e7tir, ben o de\u011filim. Fakat bence hissedilir olan bir \u015fey nas\u0131l benli\u011fimin<span class=\"excerpt-hellip\"> [\u2026]<\/span><\/p>\n","protected":false},"featured_media":0,"template":"","meta":{"_monsterinsights_skip_tracking":false,"_monsterinsights_sitenote_active":false,"_monsterinsights_sitenote_note":"","_monsterinsights_sitenote_category":0},"product_brand":[],"product_cat":[12291,12711],"product_tag":[],"class_list":{"0":"post-783403","1":"product","2":"type-product","3":"status-publish","5":"product_cat-edebiyat","6":"product_cat-roman-oyku","7":"pa_cilt-ciltsiz","8":"pa_tur-kitap","9":"pa_yayinevi-dokuz-yayinlari","10":"pa_yazar-huseyin-rahmi-gurpinar","12":"first","13":"instock","14":"sale","15":"shipping-taxable","16":"purchasable","17":"product-type-simple"},"_links":{"self":[{"href":"https:\/\/roveyayinevi.com.tr\/index.php\/wp-json\/wp\/v2\/product\/783403","targetHints":{"allow":["GET"]}}],"collection":[{"href":"https:\/\/roveyayinevi.com.tr\/index.php\/wp-json\/wp\/v2\/product"}],"about":[{"href":"https:\/\/roveyayinevi.com.tr\/index.php\/wp-json\/wp\/v2\/types\/product"}],"wp:attachment":[{"href":"https:\/\/roveyayinevi.com.tr\/index.php\/wp-json\/wp\/v2\/media?parent=783403"}],"wp:term":[{"taxonomy":"product_brand","embeddable":true,"href":"https:\/\/roveyayinevi.com.tr\/index.php\/wp-json\/wp\/v2\/product_brand?post=783403"},{"taxonomy":"product_cat","embeddable":true,"href":"https:\/\/roveyayinevi.com.tr\/index.php\/wp-json\/wp\/v2\/product_cat?post=783403"},{"taxonomy":"product_tag","embeddable":true,"href":"https:\/\/roveyayinevi.com.tr\/index.php\/wp-json\/wp\/v2\/product_tag?post=783403"}],"curies":[{"name":"wp","href":"https:\/\/api.w.org\/{rel}","templated":true}]}}