{"id":783400,"date":"2026-02-26T03:48:01","date_gmt":"2026-02-26T00:48:01","guid":{"rendered":"https:\/\/roveyayinevi.com.tr\/index.php\/urun\/delilige-ovgu-7\/"},"modified":"2026-04-15T03:45:19","modified_gmt":"2026-04-15T00:45:19","slug":"delilige-ovgu-7","status":"publish","type":"product","link":"https:\/\/roveyayinevi.com.tr\/index.php\/urun\/delilige-ovgu-7\/","title":{"rendered":"Delili\u011fe \u00d6vg\u00fc"},"content":{"rendered":"<p>\u201cBenimle ilgili ne derseniz deyin (ki delili\u011fin en deliler aras\u0131nda bile k\u00f6t\u00fc bir \u00fcn\u00fc oldu\u011funu biliyorum), Tanr\u0131lar ve insanlar \u00fczerindeki etkimle onlara ne\u015fe veren sadece ve sadece benim.\u201d \u0130\u015fte bu s\u00f6zlerle ba\u015fl\u0131yor Delilik\u2019in nutku. Sonras\u0131nda da alayc\u0131 \u00fcslubuyla iddial\u0131 s\u00f6ylemlere devam ediyor\u2026 Erasmus, Delili\u011fe \u00d6vg\u00fc\u2019n\u00fcn ilk tasla\u011f\u0131n\u0131 1509 y\u0131l\u0131nda \u0130talya\u2019dan \u0130ngiltere\u2019ye yapt\u0131\u011f\u0131 seyahat s\u0131ras\u0131nda \u00e7\u0131karm\u0131\u015ft\u0131r. Daha sonra dostu Thomas More\u2019un evinde birka\u00e7 g\u00fcn i\u00e7inde, bu y\u00fczy\u0131llard\u0131r canl\u0131l\u0131\u011f\u0131n\u0131 koruyan eseri yazm\u0131\u015ft\u0131r.  Elinizdeki kitapta Erasmus, delili\u011fin a\u011fz\u0131ndan onun derin u\u00e7urumlar\u0131nda gezinerek politikadan evlili\u011fe kadar bir\u00e7ok alana de\u011finiyor.<\/p>\n","protected":false},"excerpt":{"rendered":"<p>\u201cBenimle ilgili ne derseniz deyin (ki delili\u011fin en deliler aras\u0131nda bile k\u00f6t\u00fc bir \u00fcn\u00fc oldu\u011funu biliyorum), Tanr\u0131lar ve insanlar \u00fczerindeki etkimle onlara ne\u015fe veren sadece ve<span class=\"excerpt-hellip\"> [\u2026]<\/span><\/p>\n","protected":false},"featured_media":0,"template":"","meta":{"_monsterinsights_skip_tracking":false,"_monsterinsights_sitenote_active":false,"_monsterinsights_sitenote_note":"","_monsterinsights_sitenote_category":0},"product_brand":[],"product_cat":[12388],"product_tag":[],"class_list":{"0":"post-783400","1":"product","2":"type-product","3":"status-publish","5":"product_cat-felsefe","6":"pa_cilt-ciltsiz","7":"pa_tur-kitap","8":"pa_yayinevi-dokuz-yayinlari","9":"pa_yazar-desiderius-erasmus","11":"first","12":"instock","13":"sale","14":"shipping-taxable","15":"purchasable","16":"product-type-simple"},"_links":{"self":[{"href":"https:\/\/roveyayinevi.com.tr\/index.php\/wp-json\/wp\/v2\/product\/783400","targetHints":{"allow":["GET"]}}],"collection":[{"href":"https:\/\/roveyayinevi.com.tr\/index.php\/wp-json\/wp\/v2\/product"}],"about":[{"href":"https:\/\/roveyayinevi.com.tr\/index.php\/wp-json\/wp\/v2\/types\/product"}],"wp:attachment":[{"href":"https:\/\/roveyayinevi.com.tr\/index.php\/wp-json\/wp\/v2\/media?parent=783400"}],"wp:term":[{"taxonomy":"product_brand","embeddable":true,"href":"https:\/\/roveyayinevi.com.tr\/index.php\/wp-json\/wp\/v2\/product_brand?post=783400"},{"taxonomy":"product_cat","embeddable":true,"href":"https:\/\/roveyayinevi.com.tr\/index.php\/wp-json\/wp\/v2\/product_cat?post=783400"},{"taxonomy":"product_tag","embeddable":true,"href":"https:\/\/roveyayinevi.com.tr\/index.php\/wp-json\/wp\/v2\/product_tag?post=783400"}],"curies":[{"name":"wp","href":"https:\/\/api.w.org\/{rel}","templated":true}]}}