{"id":783396,"date":"2026-02-26T03:47:47","date_gmt":"2026-02-26T00:47:47","guid":{"rendered":"https:\/\/roveyayinevi.com.tr\/index.php\/urun\/dar-kapi-7\/"},"modified":"2026-04-07T03:38:34","modified_gmt":"2026-04-07T00:38:34","slug":"dar-kapi-7","status":"publish","type":"product","link":"https:\/\/roveyayinevi.com.tr\/index.php\/urun\/dar-kapi-7\/","title":{"rendered":"Dar Kap\u0131"},"content":{"rendered":"<p>\u201cSenin yan\u0131nda, hi\u00e7 olabilece\u011fimi d\u00fc\u015f\u00fcnemedi\u011fim kadar mutlu hissediyorum kendimi\u2026 Ama inan bana, mutluluk i\u00e7in do\u011fmad\u0131k biz.\u201d Ger\u00e7ek a\u015fk bazen kavu\u015fmakla de\u011fil, vazge\u00e7mekle ya\u015fan\u0131r\u2026 Andr\u00e9 Gide\u2019in en dokunakl\u0131 eserlerinden Dar Kap\u0131, imk\u00e2ns\u0131z bir a\u015fk\u0131n ve ruhsal fedak\u00e2rl\u0131\u011f\u0131n \u00f6yk\u00fcs\u00fcn\u00fc anlat\u0131r. J\u00e9r\u00f4me ile Alissa \u00e7ocukluklar\u0131ndan beri birbirlerini sever fakat Alissa, Tanr\u0131\u2019ya duydu\u011fu ba\u011fl\u0131l\u0131k u\u011fruna bu sevgiden vazge\u00e7meyi se\u00e7er. Onun g\u00f6z\u00fcnde d\u00fcnyevi mutluluk, ruhun kurtulu\u015fu i\u00e7in bir engeldir. Alissa\u2019n\u0131n \u201cdar kap\u0131dan\u201d ge\u00e7me arzusu \u2013yani Tanr\u0131\u2019ya ula\u015fmak i\u00e7in t\u00fcm d\u00fcnyevi arzular\u0131ndan vazge\u00e7me iste\u011fi\u2013 onlar\u0131n kaderini belirler. \u0130nan\u00e7, vicdan ve tutku aras\u0131nda s\u0131k\u0131\u015fan iki insan\u0131n bu sessiz trajedisi, okuyucuya derin bir i\u00e7 hesapla\u015fma sunar. Dar Kap\u0131, saf bir ruhun Tanr\u0131\u2019ya giden yolda nas\u0131l kendini t\u00fcketti\u011finin, \u201ciyi olma\u201d \u00e7abas\u0131n\u0131n bazen insan\u0131 ya\u015famdan kopard\u0131\u011f\u0131n\u0131n \u00e7arp\u0131c\u0131 bir hik\u00e2yesidir.<\/p>\n","protected":false},"excerpt":{"rendered":"<p>\u201cSenin yan\u0131nda, hi\u00e7 olabilece\u011fimi d\u00fc\u015f\u00fcnemedi\u011fim kadar mutlu hissediyorum kendimi\u2026 Ama inan bana, mutluluk i\u00e7in do\u011fmad\u0131k biz.\u201d Ger\u00e7ek a\u015fk bazen kavu\u015fmakla de\u011fil, vazge\u00e7mekle ya\u015fan\u0131r\u2026 Andr\u00e9 Gide\u2019in en<span class=\"excerpt-hellip\"> [\u2026]<\/span><\/p>\n","protected":false},"featured_media":0,"template":"","meta":{"_monsterinsights_skip_tracking":false,"_monsterinsights_sitenote_active":false,"_monsterinsights_sitenote_note":"","_monsterinsights_sitenote_category":0},"product_brand":[],"product_cat":[12291,12711],"product_tag":[],"class_list":{"0":"post-783396","1":"product","2":"type-product","3":"status-publish","5":"product_cat-edebiyat","6":"product_cat-roman-oyku","7":"pa_cilt-ciltsiz","8":"pa_tur-kitap","9":"pa_yayinevi-dokuz-yayinlari","10":"pa_yazar-andre-gide","12":"first","13":"instock","14":"sale","15":"shipping-taxable","16":"purchasable","17":"product-type-simple"},"_links":{"self":[{"href":"https:\/\/roveyayinevi.com.tr\/index.php\/wp-json\/wp\/v2\/product\/783396","targetHints":{"allow":["GET"]}}],"collection":[{"href":"https:\/\/roveyayinevi.com.tr\/index.php\/wp-json\/wp\/v2\/product"}],"about":[{"href":"https:\/\/roveyayinevi.com.tr\/index.php\/wp-json\/wp\/v2\/types\/product"}],"wp:attachment":[{"href":"https:\/\/roveyayinevi.com.tr\/index.php\/wp-json\/wp\/v2\/media?parent=783396"}],"wp:term":[{"taxonomy":"product_brand","embeddable":true,"href":"https:\/\/roveyayinevi.com.tr\/index.php\/wp-json\/wp\/v2\/product_brand?post=783396"},{"taxonomy":"product_cat","embeddable":true,"href":"https:\/\/roveyayinevi.com.tr\/index.php\/wp-json\/wp\/v2\/product_cat?post=783396"},{"taxonomy":"product_tag","embeddable":true,"href":"https:\/\/roveyayinevi.com.tr\/index.php\/wp-json\/wp\/v2\/product_tag?post=783396"}],"curies":[{"name":"wp","href":"https:\/\/api.w.org\/{rel}","templated":true}]}}