{"id":783395,"date":"2026-02-26T03:47:44","date_gmt":"2026-02-26T00:47:44","guid":{"rendered":"https:\/\/roveyayinevi.com.tr\/index.php\/urun\/gorunmez-adam-11\/"},"modified":"2026-04-15T03:45:19","modified_gmt":"2026-04-15T00:45:19","slug":"gorunmez-adam-11","status":"publish","type":"product","link":"https:\/\/roveyayinevi.com.tr\/index.php\/urun\/gorunmez-adam-11\/","title":{"rendered":"G\u00f6r\u00fcnmez Adam"},"content":{"rendered":"<p>\u201cNe kadar d\u00fc\u015f\u00fcnd\u00fcysem kalabal\u0131k ve kirli bir \u015fehirde g\u00f6r\u00fcnmezli\u011fin sa\u00e7ma ve umutsuz bir durum oldu\u011funun o kadar fark\u0131na vard\u0131m.\u201d Bir yerde g\u00f6r\u00fcnemeyeceksen orada olman\u0131n ne anlam\u0131 olabilirdi? Gizemli bir yabanc\u0131, \u015fubat ay\u0131n\u0131n ba\u015flar\u0131nda, insan\u0131n i\u00e7ini \u00fc\u015f\u00fcten, r\u00fczg\u00e2rl\u0131 bir g\u00fcnde \u00e7\u0131kageldi. Kal\u0131n eldivenli elinde k\u00fc\u00e7\u00fck, siyah bir valiz ta\u015f\u0131yordu. Tepeden t\u0131rna\u011fa sar\u0131l\u0131yd\u0131. Ke\u00e7e \u015fapkas\u0131n\u0131n ucu hafif\u00e7e y\u00fcz\u00fcne do\u011fru e\u011fildi\u011finden, burnunun ucu hari\u00e7 hi\u00e7bir yeri g\u00f6r\u00fcnm\u00fcyordu. Tuhaf tav\u0131rlar\u0131, giysileri, y\u00fcz\u00fcn\u00fcn bandajlarla sar\u0131l\u0131 olmas\u0131 ve bir an olsun \u00e7\u0131karmad\u0131\u011f\u0131 g\u00f6zl\u00fckleriyle k\u0131sa s\u00fcre i\u00e7inde korku ve \u015f\u00fcphenin oda\u011f\u0131 h\u00e2line geldi. B\u00f6ylece, yabanc\u0131 hakk\u0131ndaki s\u00f6ylentiler yay\u0131l\u0131rken, umutsuzlu\u011fa yol alan bir hik\u00e2ye ba\u015flad\u0131. H. G. Wells, bilim kurgu t\u00fcr\u00fcnde kaleme ald\u0131\u011f\u0131 G\u00f6r\u00fcnmez Adam\u2019da, gen\u00e7 bir bilim insan\u0131n\u0131n g\u00f6r\u00fcnmezli\u011fe dair adan\u0131\u015f\u0131n\u0131 ve bu adan\u0131\u015ftan do\u011fan tutkuyla s\u00fcr\u00fcklendi\u011fi \u00e7\u0131kmaz\u0131 trajikomik bir bi\u00e7imde okura sunar.<\/p>\n","protected":false},"excerpt":{"rendered":"<p>\u201cNe kadar d\u00fc\u015f\u00fcnd\u00fcysem kalabal\u0131k ve kirli bir \u015fehirde g\u00f6r\u00fcnmezli\u011fin sa\u00e7ma ve umutsuz bir durum oldu\u011funun o kadar fark\u0131na vard\u0131m.\u201d Bir yerde g\u00f6r\u00fcnemeyeceksen orada olman\u0131n ne anlam\u0131<span class=\"excerpt-hellip\"> [\u2026]<\/span><\/p>\n","protected":false},"featured_media":0,"template":"","meta":{"_monsterinsights_skip_tracking":false,"_monsterinsights_sitenote_active":false,"_monsterinsights_sitenote_note":"","_monsterinsights_sitenote_category":0},"product_brand":[],"product_cat":[12291,12711],"product_tag":[],"class_list":{"0":"post-783395","1":"product","2":"type-product","3":"status-publish","5":"product_cat-edebiyat","6":"product_cat-roman-oyku","7":"pa_cilt-ciltsiz","8":"pa_tur-kitap","9":"pa_yayinevi-dokuz-yayinlari","10":"pa_yazar-h-g-wells","12":"first","13":"instock","14":"sale","15":"shipping-taxable","16":"purchasable","17":"product-type-simple"},"_links":{"self":[{"href":"https:\/\/roveyayinevi.com.tr\/index.php\/wp-json\/wp\/v2\/product\/783395","targetHints":{"allow":["GET"]}}],"collection":[{"href":"https:\/\/roveyayinevi.com.tr\/index.php\/wp-json\/wp\/v2\/product"}],"about":[{"href":"https:\/\/roveyayinevi.com.tr\/index.php\/wp-json\/wp\/v2\/types\/product"}],"wp:attachment":[{"href":"https:\/\/roveyayinevi.com.tr\/index.php\/wp-json\/wp\/v2\/media?parent=783395"}],"wp:term":[{"taxonomy":"product_brand","embeddable":true,"href":"https:\/\/roveyayinevi.com.tr\/index.php\/wp-json\/wp\/v2\/product_brand?post=783395"},{"taxonomy":"product_cat","embeddable":true,"href":"https:\/\/roveyayinevi.com.tr\/index.php\/wp-json\/wp\/v2\/product_cat?post=783395"},{"taxonomy":"product_tag","embeddable":true,"href":"https:\/\/roveyayinevi.com.tr\/index.php\/wp-json\/wp\/v2\/product_tag?post=783395"}],"curies":[{"name":"wp","href":"https:\/\/api.w.org\/{rel}","templated":true}]}}