{"id":783394,"date":"2026-02-26T03:46:05","date_gmt":"2026-02-26T00:46:05","guid":{"rendered":"https:\/\/roveyayinevi.com.tr\/index.php\/urun\/ataturkten-sana-genclige-hitabenin-izinde\/"},"modified":"2026-04-15T03:43:38","modified_gmt":"2026-04-15T00:43:38","slug":"ataturkten-sana-genclige-hitabenin-izinde","status":"publish","type":"product","link":"https:\/\/roveyayinevi.com.tr\/index.php\/urun\/ataturkten-sana-genclige-hitabenin-izinde\/","title":{"rendered":"Atat\u00fcrk\u2019ten Sana Gen\u00e7li\u011fe Hitabe\u2019nin \u0130zinde"},"content":{"rendered":"<p>ATAT\u00dcRK\u2019TEN SANA Gen\u00e7li\u011fe Hitabe\u2019nin \u0130zinde Yasemin Sungur   Atat\u00fcrk\u2019ten Sana, Atat\u00fcrk\u2019\u00fcn Gen\u00e7li\u011fe Hitabesi\u2019ni gen\u00e7li\u011fe ad\u0131m atan yoldaki \u00e7ocuklara anlatan, duygusal ba\u011f kurmalar\u0131n\u0131, de\u011ferleri ya\u015famalar\u0131n\u0131 ve kendi seslerini bulmalar\u0131n\u0131 destekleyen bir rehber kitap. E\u011fitici de\u011fil, e\u015flik edici; \u00f6\u011fretici de\u011fil, d\u00fc\u015f\u00fcnd\u00fcr\u00fcc\u00fc bir yakla\u015f\u0131mla yaz\u0131lm\u0131\u015f, yeni nesil bir \u00e7ocuk kitab\u0131 ve sadece \u00e7ocuklara de\u011fil, onlara e\u015flik eden herkese sesleniyor. Ebeveynler i\u00e7in birlikte okuma, sohbet etme f\u0131rsat\u0131, \u00f6\u011fretmenler i\u00e7in s\u0131n\u0131fta d\u00fc\u015f\u00fcnmeye ve payla\u015fmaya alan a\u00e7an bir kaynak. Hitabe \u00e7ocuklar\u0131n kalbine dokunsun, sadece ezberde de\u011fil, ya\u015fam\u0131n i\u00e7inde de anlam bulsun diye sadele\u015ftirildi. Her c\u00fcmle a\u00e7\u0131klanarak g\u00fcn\u00fcm\u00fcz diliyle anlat\u0131ld\u0131; i\u00e7indeki de\u011ferler a\u00e7\u0131k\u00e7a i\u015flendi. \u00c7ocuklar sadece okumas\u0131n; d\u00fc\u015f\u00fcns\u00fcn, hissetsin, kendi d\u00fc\u015f\u00fcncesini ifade etsin istendi \u00e7\u00fcnk\u00fc bu kitap, birlikte konu\u015fmak, birlikte d\u00fc\u015f\u00fcnmek ve birlikte b\u00fcy\u00fcmek i\u00e7in var. *** Sevgili Okur, Bu kitap sana haz\u0131r cevaplar vermez ama kendi cevab\u0131n\u0131 araman i\u00e7in yol g\u00f6sterir. Alt\u0131n\u0131 \u00e7izebilirsin sat\u0131rlar\u0131n. Durup d\u00fc\u015f\u00fcnebilirsin. Ayn\u0131 sayfay\u0131 tekrar tekrar okuyabilirsin. \u00c7\u00fcnk\u00fc bu kitap sadece ge\u00e7mi\u015fin de\u011fil, senin gelece\u011finin de sesi olabilir. Hayal kur, d\u00fc\u015f\u00fcn, yaz, \u00e7iz, anlat\u2026 Bu yolculuk seninle tamamlanacak.   Sevgili Ebeveynler, Bu kitap, onu \u00e7ocu\u011funuzla birlikte okuman\u0131z i\u00e7in bir davet. Her b\u00f6l\u00fcm sonunda yer alan sorular, onun d\u00fc\u015f\u00fcnce d\u00fcnyas\u0131na yak\u0131ndan bakman\u0131z\u0131 sa\u011flar. Beraberce okumak, sonra sadece birka\u00e7 c\u00fcmle konu\u015fmak bile \u00e7ok \u015fey ba\u015flatabilir. Bu sat\u0131rlar, anlamak ve payla\u015fmak i\u00e7in bir f\u0131rsat.   Sevgili \u00d6\u011fretmenler, Bu kitap s\u0131n\u0131f i\u00e7inde d\u00fc\u015f\u00fcnmeye, konu\u015fmaya, yazmaya alan a\u00e7ar. Her b\u00f6l\u00fcm hem bireysel \u00e7al\u0131\u015fmalar hem de grup \u00e7al\u0131\u015fmalar\u0131 i\u00e7in uygundur ve de\u011fer temelli \u00f6\u011frenme i\u00e7in zengin i\u00e7erikler sunar. Her de\u011feri bir s\u0131n\u0131f temas\u0131 h\u00e2line getirebilir, Atat\u00fcrk\u2019\u00fcn s\u00f6zlerinden yola \u00e7\u0131karak \u00f6\u011frencilerin kendi sesini bulmas\u0131na destek olabilirsiniz.   Atat\u00fcrk\u2019\u00fcn Gen\u00e7li\u011fe Hitabesi ile De\u011ferler E\u011fitimi \u201cAtat\u00fcrk\u2019\u00fcn Gen\u00e7li\u011fe Hitabesi\u201d sadece tarihi bir belge de\u011fil, ayn\u0131 zamanda de\u011ferli bir ya\u015fam rehberidir. Her c\u00fcmlesinde, bireyin kendine, toplumuna ve \u00fclkesine kar\u015f\u0131 sorumluluklar\u0131n\u0131 hat\u0131rlatan g\u00fc\u00e7l\u00fc mesajlar vard\u0131r. Bu \u00e7al\u0131\u015fma, Hitabe\u2019de yer alan kavramlar\u0131, \u00e7ocuklar\u0131n anlayabilece\u011fi sade bir dille anlat\u0131yor. Her b\u00f6l\u00fcmde bir de\u011fer \u00f6ne \u00e7\u0131kar\u0131l\u0131yor: sorumluluk, vatanseverlik, adalet, cesaret, kararl\u0131l\u0131k, umut ve daha fazlas\u0131\u2026 \u00c7\u00fcnk\u00fc Atat\u00fcrk\u2019\u00fcn s\u00f6zlerinde sadece ge\u00e7mi\u015fin de\u011fil, bug\u00fcn\u00fcn ve yar\u0131n\u0131n de\u011ferleri sakl\u0131d\u0131r. De\u011ferler e\u011fitimi, sadece \u201cDo\u011fru nedir?\u201d sorusunun de\u011fil, \u201cDo\u011fruyu ya\u015famak nedir?\u201d sorusunun da yan\u0131t\u0131d\u0131r. Bu kitap da \u00e7ocuklar\u0131n sadece okumas\u0131 de\u011fil, d\u00fc\u015f\u00fcnmesi, hissetmesi ve i\u00e7indeki sesi bulmas\u0131 i\u00e7in yaz\u0131ld\u0131. Ama\u00e7, gen\u00e7 ku\u015faklar\u0131n Atat\u00fcrk\u2019\u00fcn sesini duymas\u0131 de\u011fil, o sese kendi sesleriyle cevap verebilmesidir \u00e7\u00fcnk\u00fc de\u011ferler sadece \u00f6\u011frenilmez; ya\u015fan\u0131r, payla\u015f\u0131l\u0131r, \u00e7o\u011fal\u0131r.     Tema: Yer ve zaman olarak nerede oldu\u011fumuz Kavramlar ve Anahtar S\u00f6zc\u00fckler: Cumhuriyet, Cesaret, Kararl\u0131l\u0131k, D\u00fc\u015f\u00fcnmek, ATAT\u00dcRK VE KAHRAMANLARIMIZ, M\u0130LL\u00ce M\u00dcCADELE VE ATAT\u00dcRK, ATAT\u00dcRK\u2019\u00dc TANIMAK, BA\u011eIMSIZLIK YOLU, YA\u015eADI\u011eIM YER VE \u00dcLKEM, YA\u015eAYAN DEMOKRAS\u0130M\u0130Z, Ge\u00e7mi\u015f-Bug\u00fcn-Gelecek, Kendini tan\u0131ma, Kendini d\u00fczenleme, Kendine uyarlama, Adalet, Hak ve \u00f6zg\u00fcrl\u00fckler, Hayal g\u00fcc\u00fc, Sosyal fark\u0131ndal\u0131k, Ele\u015ftirel d\u00fc\u015f\u00fcnme, Umut, Vicdan Tutum ve De\u011ferler: Yarat\u0131c\u0131l\u0131k, G\u00fcven, Empati, Duyarl\u0131l\u0131k, D\u00fcr\u00fcstl\u00fck, Sab\u0131r, Sayg\u0131, Sevgi, Sorumluluk, Vatanseverlik Profil \u00d6\u011feleri: Sorgulayan, D\u00fc\u015f\u00fcnen, Riski g\u00f6ze alan 9+ Ya\u015f \/ 3-4-5-6. S\u0131n\u0131f   ***S\u00f6z yere du\u0308\u015fmesin. Tut\u2026 \u00c7u\u0308nku\u0308 i\u00e7inde umut var, inan\u00e7 var, emanet var. Atatu\u0308rk\u2019u\u0308n s\u00f6zlerini senin sesin devam ettirecek. *** Sence Atatu\u0308rk neden gen\u00e7lere seslendi? Bu sesleni\u015fin amac\u0131 g\u00f6rev vermek mi? Yoksa sevgi, gu\u0308ven, umut da i\u00e7eriyor mu? *** Bazen her yer karanl\u0131kta kal\u0131r. Ama bir ku\u0308\u00e7u\u0308k mum, karanl\u0131kta koca bir oday\u0131 ayd\u0131nlat\u0131r. Senin de i\u00e7indeki \u0131\u015f\u0131k, karanl\u0131\u011fa meydan okuyabilir. Ku\u0308\u00e7u\u0308k deme. Bir damla, bir \u00e7i\u00e7e\u011fi bu\u0308yu\u0308tu\u0308r. *** 9. B\u00f6l\u00fcm \u201c\u0130stiklal ve cumhuriyetine kastedecek d\u00fc\u015fmanlar, b\u00fct\u00fcn d\u00fcnyada emsali g\u00f6r\u00fclmemi\u015f bir galibiyetin m\u00fcmessili olabilirler.\u201d Bazen kar\u015f\u0131ndaki \u00e7ok b\u00fcy\u00fck, \u00e7ok g\u00fc\u00e7l\u00fc g\u00f6r\u00fcnebilir. Kocaman bir ordu gibi, \u00e7ok konu\u015fan bir kalabal\u0131k gibi, herkesin inand\u0131\u011f\u0131 bir yanl\u0131\u015f gibi&#8230; Ama Atat\u00fcrk diyor ki g\u00f6r\u00fcnt\u00fcye aldanma. Ger\u00e7ek g\u00fc\u00e7, senin inand\u0131\u011f\u0131n do\u011frudad\u0131r. S\u00f6z Ne Diyor? \u201cGalibiyetin m\u00fcmessili\u201d kazanm\u0131\u015f g\u00f6r\u00fcnen, g\u00fc\u00e7l\u00fc olan ki\u015fi demek. Ama bu ki\u015fi her zaman hakl\u0131 m\u0131d\u0131r? Hay\u0131r. G\u00fc\u00e7l\u00fc olmak ba\u015fka, do\u011fru olmak ba\u015fkad\u0131r. Atat\u00fcrk burada sana, bu fark\u0131 g\u00f6steriyor. \u0130\u00e7 Ses \u201cHerkes ayn\u0131 \u015feyi s\u00f6yl\u00fcyor. Ben farkl\u0131 d\u00fc\u015f\u00fcn\u00fcyorum. Hata m\u0131 ediyorum acaba?\u201d dedim bir g\u00fcn. Ama i\u00e7imden biri \u201cSen d\u00fc\u015f\u00fcnd\u00fcn. Sorgulad\u0131n. Bu cesareti herkes g\u00f6steremez\u201d dedi. \u0130lham Al Tarihte pek \u00e7ok b\u00fcy\u00fck ve g\u00fc\u00e7l\u00fc gibi g\u00f6r\u00fcnen \u015fey \u00e7\u00f6kt\u00fc. Ama hakl\u0131 olan, do\u011fruyu savunan ayakta kald\u0131. Kalabal\u0131klar bazen yan\u0131labilir. Ama sen, tek ba\u015f\u0131na da do\u011fruyu se\u00e7ebilirsin ve bu se\u00e7im, seni g\u00fc\u00e7l\u00fc yapar. De\u011fer Ver Ele\u015ftirel d\u00fc\u015f\u00fcnme, sorgulamakt\u0131r, ak\u0131l y\u00fcr\u00fctmektir, herkesin s\u00f6yledi\u011fine hemen inanmamakt\u0131r. Soru sormakt\u0131r. \u201cBu ger\u00e7ekten do\u011fru mu?\u201d diyebilmektir. Atat\u00fcrk diyor ki g\u00f6r\u00fcnt\u00fcye aldanma. G\u00fc\u00e7 hakl\u0131y\u0131 de\u011fil, hakl\u0131 olan g\u00fcc\u00fc b\u00fcy\u00fct\u00fcr. \u201cD\u00fc\u015f\u201dle \u201cD\u00fc\u015f\u201d\u00fcn Bir da\u011f gibi kocaman, dimdik duran bir fikir d\u00fc\u015f\u00fcn. Ama sen i\u00e7indeki soruyla o da\u011f\u0131n derinlerinde bir kap\u0131 a\u00e7\u0131yorsun. Sorular, ta\u015flar\u0131 yava\u015f yava\u015f kald\u0131r\u0131yor. Bir bakm\u0131\u015fs\u0131n, da\u011f\u0131n arkas\u0131nda g\u00fcne\u015f var. \u0130\u015fte d\u00fc\u015f\u00fcnmek b\u00f6yle bir \u015feydir. Atat\u00fcrk Gibi D\u00fc\u015f\u00fcn Hi\u00e7 herkesin \u201cDo\u011fru\u201d dedi\u011fi bir \u015feye sen \u201cYanl\u0131\u015f\u201d dedin mi? Sence neden g\u00fc\u00e7l\u00fc olmak, her zaman hakl\u0131 olmak anlam\u0131na gelmez? Senin i\u00e7in \u201cdo\u011fru\u201d nedir? Yaz Hayal et: Herkes ayn\u0131 \u015feyi s\u00f6yl\u00fcyor. Ama sen farkl\u0131 d\u00fc\u015f\u00fcn\u00fcyorsun. Yaln\u0131z kalsan da vazge\u00e7miyorsun. \u0130\u00e7 sesin sana ne diyor?Sen ne hissediyorsun? Bu c\u00fcmleyle ba\u015fla: \u201cOnlar kalabal\u0131kt\u0131 ama ben\u2026\u201d Canland\u0131r Bir s\u0131n\u0131f d\u00fc\u015f\u00fcn. Herkes ayn\u0131 fikri savunuyor. Ama sen farkl\u0131 d\u00fc\u015f\u00fcn\u00fcyorsun. Bir ki\u015fi sahneye \u00e7\u0131k\u0131yor ve d\u00fc\u015f\u00fcncesini s\u00f6yl\u00fcyor. O sensin. Bu cesareti nas\u0131l g\u00f6steriyorsun? Bu sahneyi oynay\u0131n. Resim \u00c7iz Kalabal\u0131k bir meydan \u00e7iz. Ortada k\u00fc\u00e7\u00fck ama parlak bir \u0131\u015f\u0131k var. O \u0131\u015f\u0131k senin d\u00fc\u015f\u00fcncen. \u015eimdi onun neye benzedi\u011fini hayal et. \u00c7iz ve bak: K\u00fc\u00e7\u00fck bir \u0131\u015f\u0131k bile koca bir karanl\u0131\u011f\u0131 de\u011fi\u015ftirebilir. <\/p>\n","protected":false},"excerpt":{"rendered":"<p>ATAT\u00dcRK\u2019TEN SANA Gen\u00e7li\u011fe Hitabe\u2019nin \u0130zinde Yasemin Sungur Atat\u00fcrk\u2019ten Sana, Atat\u00fcrk\u2019\u00fcn Gen\u00e7li\u011fe Hitabesi\u2019ni gen\u00e7li\u011fe ad\u0131m atan yoldaki \u00e7ocuklara anlatan, duygusal ba\u011f kurmalar\u0131n\u0131, de\u011ferleri ya\u015famalar\u0131n\u0131 ve kendi seslerini<span class=\"excerpt-hellip\"> [\u2026]<\/span><\/p>\n","protected":false},"featured_media":0,"template":"","meta":{"_monsterinsights_skip_tracking":false,"_monsterinsights_sitenote_active":false,"_monsterinsights_sitenote_note":"","_monsterinsights_sitenote_category":0},"product_brand":[],"product_cat":[12274],"product_tag":[],"class_list":{"0":"post-783394","1":"product","2":"type-product","3":"status-publish","5":"product_cat-cocuk-ve-genclik-kitaplari","6":"pa_cilt-ciltsiz","7":"pa_tur-kitap","8":"pa_yayinevi-elma-cocuk","9":"pa_yazar-yasemin-sungur","11":"first","12":"instock","13":"sale","14":"shipping-taxable","15":"purchasable","16":"product-type-simple"},"_links":{"self":[{"href":"https:\/\/roveyayinevi.com.tr\/index.php\/wp-json\/wp\/v2\/product\/783394","targetHints":{"allow":["GET"]}}],"collection":[{"href":"https:\/\/roveyayinevi.com.tr\/index.php\/wp-json\/wp\/v2\/product"}],"about":[{"href":"https:\/\/roveyayinevi.com.tr\/index.php\/wp-json\/wp\/v2\/types\/product"}],"wp:attachment":[{"href":"https:\/\/roveyayinevi.com.tr\/index.php\/wp-json\/wp\/v2\/media?parent=783394"}],"wp:term":[{"taxonomy":"product_brand","embeddable":true,"href":"https:\/\/roveyayinevi.com.tr\/index.php\/wp-json\/wp\/v2\/product_brand?post=783394"},{"taxonomy":"product_cat","embeddable":true,"href":"https:\/\/roveyayinevi.com.tr\/index.php\/wp-json\/wp\/v2\/product_cat?post=783394"},{"taxonomy":"product_tag","embeddable":true,"href":"https:\/\/roveyayinevi.com.tr\/index.php\/wp-json\/wp\/v2\/product_tag?post=783394"}],"curies":[{"name":"wp","href":"https:\/\/api.w.org\/{rel}","templated":true}]}}