{"id":783393,"date":"2026-02-26T03:44:58","date_gmt":"2026-02-26T00:44:58","guid":{"rendered":"https:\/\/roveyayinevi.com.tr\/index.php\/urun\/kadinlar-ataturk-demedikce-karanlik-kabadayi-gezer\/"},"modified":"2026-02-27T03:33:10","modified_gmt":"2026-02-27T00:33:10","slug":"kadinlar-ataturk-demedikce-karanlik-kabadayi-gezer","status":"publish","type":"product","link":"https:\/\/roveyayinevi.com.tr\/index.php\/urun\/kadinlar-ataturk-demedikce-karanlik-kabadayi-gezer\/","title":{"rendered":"Kad\u0131nlar Atat\u00fcrk Demedik\u00e7e Karanl\u0131k Kabaday\u0131 Gezer"},"content":{"rendered":"<p>Kad\u0131k\u00f6y\u2019\u00fcn dar sokaklar\u0131nda, eski d\u00fckk\u00e2n tabelalar\u0131n\u0131n g\u00f6lgesinde, y\u0131llar\u0131n saklad\u0131\u011f\u0131 bir hazine vard\u0131r: \u0130smail \u0130nan\u00e7. \u00dc\u00e7\u00fcnc\u00fc ku\u015fak esnaf olman\u0131n getirdi\u011fi k\u00f6kl\u00fc bir aidiyetle, her m\u00fc\u015fterinin y\u00fcz\u00fcnde, her \u00e7ay sohbetinde, her ak\u015fam\u00fcst\u00fc r\u00fczg\u00e2r\u0131nda bir hik\u00e2ye biriktirmi\u015ftir. Onun belle\u011fi, yaln\u0131zca ticaretin de\u011fil; dostluklar\u0131n, a\u015fklar\u0131n, ayr\u0131l\u0131klar\u0131n, sevin\u00e7lerin ve ac\u0131lar\u0131n tan\u0131\u011f\u0131d\u0131r. \u0130smail \u0130nan\u00e7, y\u0131llar boyunca ya\u015fad\u0131klar\u0131n\u0131 ve g\u00f6zlemlediklerini kelimelerin ince terazisinde tartarak, g\u00f6n\u00fcl s\u00fczgecinden ge\u00e7irerek, kimi zaman bir tebess\u00fcm, kimi zaman bir s\u0131z\u0131 b\u0131rakan aforizmalara d\u00f6n\u00fc\u015ft\u00fcrd\u00fc. Bu sat\u0131rlar, yaln\u0131zca bir esnaf\u0131n de\u011fil; bir semtin, bir d\u00f6nemin, hatta bir ku\u015fa\u011f\u0131n ruhunu yans\u0131tan dam\u0131t\u0131lm\u0131\u015f ya\u015fant\u0131lard\u0131r. Dostlar\u0131n\u0131n \u0131srarl\u0131 te\u015fvikiyle, bu s\u00f6zler art\u0131k raflardan ve vitrinlerden \u00e7\u0131k\u0131p sayfalara ta\u015f\u0131nd\u0131. Elinizdeki kitap, haf\u0131zan\u0131n saklad\u0131\u011f\u0131 incilerin g\u00fcn y\u00fcz\u00fcne \u00e7\u0131km\u0131\u015f halidir. Her c\u00fcmlede, ge\u00e7mi\u015fin s\u0131cakl\u0131\u011f\u0131 ve insan olman\u0131n de\u011fi\u015fmeyen halleriyle kar\u015f\u0131la\u015facaks\u0131n\u0131z. Bu sat\u0131rlar\u0131n, Kad\u0131k\u00f6y\u2019\u00fcn kald\u0131r\u0131mlar\u0131nda y\u00fcr\u00fcyenlerin ayak sesleri gibi, i\u00e7inizde uzun s\u00fcre yank\u0131lanmas\u0131 dile\u011fiyle\u2026<\/p>\n","protected":false},"excerpt":{"rendered":"<p>Kad\u0131k\u00f6y\u2019\u00fcn dar sokaklar\u0131nda, eski d\u00fckk\u00e2n tabelalar\u0131n\u0131n g\u00f6lgesinde, y\u0131llar\u0131n saklad\u0131\u011f\u0131 bir hazine vard\u0131r: \u0130smail \u0130nan\u00e7. \u00dc\u00e7\u00fcnc\u00fc ku\u015fak esnaf olman\u0131n getirdi\u011fi k\u00f6kl\u00fc bir aidiyetle, her m\u00fc\u015fterinin y\u00fcz\u00fcnde, her<span class=\"excerpt-hellip\"> [\u2026]<\/span><\/p>\n","protected":false},"featured_media":0,"template":"","meta":{"_monsterinsights_skip_tracking":false,"_monsterinsights_sitenote_active":false,"_monsterinsights_sitenote_note":"","_monsterinsights_sitenote_category":0},"product_brand":[],"product_cat":[75065,12291],"product_tag":[],"class_list":{"0":"post-783393","1":"product","2":"type-product","3":"status-publish","5":"product_cat-aforizmalar","6":"product_cat-edebiyat","7":"pa_cilt-ciltsiz","8":"pa_tur-kitap","9":"pa_yayinevi-sarmal-kitabevi","10":"pa_yazar-ismail-inanc","12":"first","13":"instock","14":"sale","15":"shipping-taxable","16":"purchasable","17":"product-type-simple"},"_links":{"self":[{"href":"https:\/\/roveyayinevi.com.tr\/index.php\/wp-json\/wp\/v2\/product\/783393","targetHints":{"allow":["GET"]}}],"collection":[{"href":"https:\/\/roveyayinevi.com.tr\/index.php\/wp-json\/wp\/v2\/product"}],"about":[{"href":"https:\/\/roveyayinevi.com.tr\/index.php\/wp-json\/wp\/v2\/types\/product"}],"wp:attachment":[{"href":"https:\/\/roveyayinevi.com.tr\/index.php\/wp-json\/wp\/v2\/media?parent=783393"}],"wp:term":[{"taxonomy":"product_brand","embeddable":true,"href":"https:\/\/roveyayinevi.com.tr\/index.php\/wp-json\/wp\/v2\/product_brand?post=783393"},{"taxonomy":"product_cat","embeddable":true,"href":"https:\/\/roveyayinevi.com.tr\/index.php\/wp-json\/wp\/v2\/product_cat?post=783393"},{"taxonomy":"product_tag","embeddable":true,"href":"https:\/\/roveyayinevi.com.tr\/index.php\/wp-json\/wp\/v2\/product_tag?post=783393"}],"curies":[{"name":"wp","href":"https:\/\/api.w.org\/{rel}","templated":true}]}}