{"id":783392,"date":"2026-02-26T03:44:49","date_gmt":"2026-02-26T00:44:49","guid":{"rendered":"https:\/\/roveyayinevi.com.tr\/index.php\/urun\/mustafa-kemal-ataturk-iradeli-olmanin-onemi\/"},"modified":"2026-02-27T03:33:04","modified_gmt":"2026-02-27T00:33:04","slug":"mustafa-kemal-ataturk-iradeli-olmanin-onemi","status":"publish","type":"product","link":"https:\/\/roveyayinevi.com.tr\/index.php\/urun\/mustafa-kemal-ataturk-iradeli-olmanin-onemi\/","title":{"rendered":"Mustafa Kemal Atat\u00fcrk &#8211; \u0130radeli Olman\u0131n \u00d6nemi"},"content":{"rendered":"<p>Atat\u00fcrk&#8217;\u00fc bilmek, kendini bilmektir. Atat\u00fcrk&#8217;\u00fc \u00f6\u011frenmek T\u00fcrk&#8217;\u00fc \u00f6\u011frenmektir. Onun y\u00fcksek ideallerine tutunmakt\u0131r. Onun mavi g\u00f6zleriyle ufku g\u00f6rmektir. Onun g\u00f6nl\u00fcyle b\u00fcy\u00fck T\u00fcrk milletini sevmektir.<\/p>\n","protected":false},"excerpt":{"rendered":"<p>Atat\u00fcrk&#8217;\u00fc bilmek, kendini bilmektir. Atat\u00fcrk&#8217;\u00fc \u00f6\u011frenmek T\u00fcrk&#8217;\u00fc \u00f6\u011frenmektir. Onun y\u00fcksek ideallerine tutunmakt\u0131r. Onun mavi g\u00f6zleriyle ufku g\u00f6rmektir. Onun g\u00f6nl\u00fcyle b\u00fcy\u00fck T\u00fcrk milletini sevmektir.<\/p>\n","protected":false},"featured_media":0,"template":"","meta":{"_monsterinsights_skip_tracking":false,"_monsterinsights_sitenote_active":false,"_monsterinsights_sitenote_note":"","_monsterinsights_sitenote_category":0},"product_brand":[],"product_cat":[12274,14573],"product_tag":[],"class_list":{"0":"post-783392","1":"product","2":"type-product","3":"status-publish","5":"product_cat-cocuk-ve-genclik-kitaplari","6":"product_cat-referans-kitaplar-cocuk-ve-genclik-kitaplari","7":"pa_cilt-ciltsiz","8":"pa_tur-kitap","9":"pa_yayinevi-pogo-cocuk","10":"pa_yazar-ahmet-haldun-terzioglu-hakki-suat-yilmazer","12":"first","13":"instock","14":"sale","15":"shipping-taxable","16":"purchasable","17":"product-type-simple"},"_links":{"self":[{"href":"https:\/\/roveyayinevi.com.tr\/index.php\/wp-json\/wp\/v2\/product\/783392","targetHints":{"allow":["GET"]}}],"collection":[{"href":"https:\/\/roveyayinevi.com.tr\/index.php\/wp-json\/wp\/v2\/product"}],"about":[{"href":"https:\/\/roveyayinevi.com.tr\/index.php\/wp-json\/wp\/v2\/types\/product"}],"wp:attachment":[{"href":"https:\/\/roveyayinevi.com.tr\/index.php\/wp-json\/wp\/v2\/media?parent=783392"}],"wp:term":[{"taxonomy":"product_brand","embeddable":true,"href":"https:\/\/roveyayinevi.com.tr\/index.php\/wp-json\/wp\/v2\/product_brand?post=783392"},{"taxonomy":"product_cat","embeddable":true,"href":"https:\/\/roveyayinevi.com.tr\/index.php\/wp-json\/wp\/v2\/product_cat?post=783392"},{"taxonomy":"product_tag","embeddable":true,"href":"https:\/\/roveyayinevi.com.tr\/index.php\/wp-json\/wp\/v2\/product_tag?post=783392"}],"curies":[{"name":"wp","href":"https:\/\/api.w.org\/{rel}","templated":true}]}}