{"id":783390,"date":"2026-02-26T03:35:08","date_gmt":"2026-02-26T00:35:08","guid":{"rendered":"https:\/\/roveyayinevi.com.tr\/index.php\/urun\/ataturk-ve-kadin-haklari\/"},"modified":"2026-02-27T03:24:03","modified_gmt":"2026-02-27T00:24:03","slug":"ataturk-ve-kadin-haklari","status":"publish","type":"product","link":"https:\/\/roveyayinevi.com.tr\/index.php\/urun\/ataturk-ve-kadin-haklari\/","title":{"rendered":"Atat\u00fcrk ve Kad\u0131n Haklar\u0131"},"content":{"rendered":"<p>Bu kitap, Mustafa Kemal Atat\u00fcrk\u2019\u00fcn \u201cB\u00fcy\u00fck Nutuk\u201du \u00fczerine yapt\u0131\u011f\u0131m\u0131z bir dizi \u00e7al\u0131\u015fman\u0131n sonuncusudur. \u00d6nce, Nutuk hakk\u0131nda bilinmeyenleri bir kitap halinde sizlere sunduk. Ard\u0131ndan \u201c\u00c7ocuklar\u0131m\u0131za\u201d ve \u201cGen\u00e7lerimize\u201d \u201cNutuk\u2019tan Dersler\u201d ana ba\u015fl\u0131\u011f\u0131 alt\u0131nda iki \u00f6nemli eser yay\u0131mlad\u0131k. \u201cNutuk\u2019tan Dersler\u201d \u201cKad\u0131nlar \u0130\u00e7in Nutuk\u201d isimli bu eserimizle tamamlanm\u0131\u015f oldu. Atat\u00fcrk\u2019\u00fcn 23 Nisan gibi \u00f6nemli bir g\u00fcn\u00fc bayram olarak arma\u011fan etti\u011fi \u201c\u00e7ocuklar\u0131m\u0131z\u201d, Cumhuriyeti emanet etti\u011fi \u201cgen\u00e7lerimiz\u201d ve nihayet onlar\u0131 yeti\u015ftiren, hayata haz\u0131rlayan \u201ckad\u0131nlar\u0131m\u0131z\u201d Atat\u00fcrk\u2019\u00fcn ve Cumhuriyet\u2019in kendileri i\u00e7in neler yapt\u0131\u011f\u0131n\u0131 \u00f6\u011frenmi\u015f olacaklard\u0131r. Nutuk\u2019u daha iyi anlamland\u0131racaklard\u0131r. Kad\u0131nlar\u0131m\u0131z, \u201cana, bac\u0131, e\u015f, arkada\u015f\u201d olmalar\u0131n\u0131n yan\u0131nda, n\u00fcfusumuzun yar\u0131s\u0131n\u0131 olu\u015fturmaktad\u0131rlar. Hem T\u00fcrk hem de \u0130slam k\u00fclt\u00fcr ve gelene\u011fi, kad\u0131nlar\u0131m\u0131z\u0131 ba\u015f tac\u0131 etmi\u015ftir. Bu eser okundu\u011funda g\u00f6r\u00fclecektir ki, Atat\u00fcrk tarihsel s\u00fcre\u00e7te \u00fczeri k\u00fcllenen, adeta toplumun d\u0131\u015f\u0131na itilmi\u015f bulunan kad\u0131nlar\u0131m\u0131z\u0131 yeniden sosyal, siyasi, ekonomik, hayat\u0131n i\u00e7inde g\u00f6r\u00fcn\u00fcr k\u0131lm\u0131\u015ft\u0131r. K\u0131zlar\u0131m\u0131z ve kad\u0131nlar\u0131m\u0131z bu nedenle Atat\u00fcrk\u2019\u00fc ve Cumhuriyet\u2019i erkeklerden daha \u00e7ok okumal\u0131 ve anlamal\u0131; kazand\u0131klar\u0131 haklara sonuna kadar sahip \u00e7\u0131kmal\u0131d\u0131rlar. Onlar\u0131 koruyup geli\u015ftirmek i\u00e7in daha \u00e7ok \u00e7al\u0131\u015fmal\u0131d\u0131rlar. Kaybedilen haklar bizi bir \u201cAtat\u00fcrk beklemeye\u201d mecbur eder. O da m\u00fcmk\u00fcn de\u011fildir. O\u2019nun \u00e7a\u011fda\u015f Cumhuriyeti\u2019ne ve sa\u011flad\u0131\u011f\u0131 haklara sahip \u00e7\u0131kmak en do\u011fru yoldur.<\/p>\n","protected":false},"excerpt":{"rendered":"<p>Bu kitap, Mustafa Kemal Atat\u00fcrk\u2019\u00fcn \u201cB\u00fcy\u00fck Nutuk\u201du \u00fczerine yapt\u0131\u011f\u0131m\u0131z bir dizi \u00e7al\u0131\u015fman\u0131n sonuncusudur. \u00d6nce, Nutuk hakk\u0131nda bilinmeyenleri bir kitap halinde sizlere sunduk. Ard\u0131ndan \u201c\u00c7ocuklar\u0131m\u0131za\u201d ve \u201cGen\u00e7lerimize\u201d<span class=\"excerpt-hellip\"> [\u2026]<\/span><\/p>\n","protected":false},"featured_media":0,"template":"","meta":{"_monsterinsights_skip_tracking":false,"_monsterinsights_sitenote_active":false,"_monsterinsights_sitenote_note":"","_monsterinsights_sitenote_category":0},"product_brand":[],"product_cat":[12370,12304],"product_tag":[],"class_list":{"0":"post-783390","1":"product","2":"type-product","3":"status-publish","5":"product_cat-arastirma-inceleme","6":"product_cat-tarih","7":"pa_cilt-ciltsiz","8":"pa_tur-kitap","9":"pa_yayinevi-halk-kitabevi","10":"pa_yazar-ali-guler","12":"first","13":"instock","14":"sale","15":"shipping-taxable","16":"purchasable","17":"product-type-simple"},"_links":{"self":[{"href":"https:\/\/roveyayinevi.com.tr\/index.php\/wp-json\/wp\/v2\/product\/783390","targetHints":{"allow":["GET"]}}],"collection":[{"href":"https:\/\/roveyayinevi.com.tr\/index.php\/wp-json\/wp\/v2\/product"}],"about":[{"href":"https:\/\/roveyayinevi.com.tr\/index.php\/wp-json\/wp\/v2\/types\/product"}],"wp:attachment":[{"href":"https:\/\/roveyayinevi.com.tr\/index.php\/wp-json\/wp\/v2\/media?parent=783390"}],"wp:term":[{"taxonomy":"product_brand","embeddable":true,"href":"https:\/\/roveyayinevi.com.tr\/index.php\/wp-json\/wp\/v2\/product_brand?post=783390"},{"taxonomy":"product_cat","embeddable":true,"href":"https:\/\/roveyayinevi.com.tr\/index.php\/wp-json\/wp\/v2\/product_cat?post=783390"},{"taxonomy":"product_tag","embeddable":true,"href":"https:\/\/roveyayinevi.com.tr\/index.php\/wp-json\/wp\/v2\/product_tag?post=783390"}],"curies":[{"name":"wp","href":"https:\/\/api.w.org\/{rel}","templated":true}]}}