{"id":783388,"date":"2026-02-26T03:33:20","date_gmt":"2026-02-26T00:33:20","guid":{"rendered":"https:\/\/roveyayinevi.com.tr\/index.php\/urun\/ozgurlugun-dansa-dansin-ozgurluge-yolculugunda-ataturk\/"},"modified":"2026-02-27T03:23:25","modified_gmt":"2026-02-27T00:23:25","slug":"ozgurlugun-dansa-dansin-ozgurluge-yolculugunda-ataturk","status":"publish","type":"product","link":"https:\/\/roveyayinevi.com.tr\/index.php\/urun\/ozgurlugun-dansa-dansin-ozgurluge-yolculugunda-ataturk\/","title":{"rendered":"\u00d6zg\u00fcrl\u00fc\u011f\u00fcn Dansa, Dans\u0131n \u00d6zg\u00fcrl\u00fc\u011fe Yolculu\u011funda Atat\u00fcrk"},"content":{"rendered":"<p>\u00c7ok uzun zamand\u0131r i\u00e7eri\u011fini bu kadar g\u00fczel sunan bir kitap ad\u0131 g\u00f6rmemi\u015ftim. Bu \u00e7arp\u0131c\u0131 ba\u015flang\u0131\u00e7la sat\u0131rlara dald\u0131\u011f\u0131mda Atat\u00fcrk\u2019\u00fc, Mill\u00ee M\u00fccadele\u2019yi, T\u00fcrk Devrimlerini ve Cumhuriyeti anlam\u0131\u015f, \u00f6z\u00fcmsemi\u015f, ak\u0131c\u0131 bir dille ve ar\u0131 bir T\u00fcrk\u00e7eyle ifade etmekte olan bir Cumhuriyet Kad\u0131n\u0131 g\u00f6rd\u00fcm. \u201cCumhuriyet Kad\u0131n\u0131\u201d vurgusunu \u00f6zellikle yapt\u0131m, \u00e7\u00fcnk\u00fc Mill\u00ee M\u00fccadele gibi T\u00fcrk\u2019\u00fcn k\u00fcllerinden yeniden do\u011fdu\u011fu kutsal bir kavgadan sonra Cumhuriyet gibi bir T\u00fcrk r\u00f6nesans\u0131 en \u00e7ok da onun u\u011frunda en b\u00fcy\u00fck cefay\u0131 \u00e7eken T\u00fcrk Kad\u0131n\u0131na yak\u0131\u015fm\u0131\u015ft\u0131. Cumhuriyetin \u00f6zg\u00fcrle\u015ftiren, T\u00fcrk\u2019\u00fc \u00f6z\u00fcne d\u00f6nd\u00fcren r\u00fczg\u00e2r\u0131 en \u00e7ok T\u00fcrk Kad\u0131n\u0131na yeniden hayat vermi\u015fti. Bu nedenle ya\u015fananlar\u0131, nedenlerini ve bu yeniden do\u011fu\u015fun mimar\u0131n\u0131 bu kadar g\u00fczel anlatan\u0131n bir Cumhuriyet Kad\u0131n\u0131 olmas\u0131, hem de \u201csahib-i seyf-\u00fc kalem\u201d bir T\u00fcrk Subay\u0131 olmas\u0131 okurken bana gurur verdi. Ellerinize, y\u00fcre\u011finize sa\u011fl\u0131k Miralay\u0131m. Asker, sa\u011fl\u0131k\u00e7\u0131, tarih\u00e7i ve akademisyen; tam anlam\u0131yla Atat\u00fcrk\u2019\u00fcn hayalini kurdu\u011fu ayd\u0131nlanm\u0131\u015f T\u00fcrk Kad\u0131n\u0131n \u00f6rne\u011fi de\u011ferli G\u00fclhan Seyhun\u2019un kaleminden ya\u015fananlar, ya\u015famay\u0131 hayal ettiklerimiz ve ya\u015famak zorunda kald\u0131klar\u0131m\u0131z\u2026 Ama en \u00f6nemlisi, \u201cya\u015fatmaya yemin etti\u011fimiz\u201d! Sat\u0131rlar\u0131n ritmine b\u0131rak\u0131n kendinizi. Siz de dans eder gibi okuyacaks\u0131n\u0131z. Selim Erdo\u011fan<\/p>\n","protected":false},"excerpt":{"rendered":"<p>\u00c7ok uzun zamand\u0131r i\u00e7eri\u011fini bu kadar g\u00fczel sunan bir kitap ad\u0131 g\u00f6rmemi\u015ftim. Bu \u00e7arp\u0131c\u0131 ba\u015flang\u0131\u00e7la sat\u0131rlara dald\u0131\u011f\u0131mda Atat\u00fcrk\u2019\u00fc, Mill\u00ee M\u00fccadele\u2019yi, T\u00fcrk Devrimlerini ve Cumhuriyeti anlam\u0131\u015f, \u00f6z\u00fcmsemi\u015f,<span class=\"excerpt-hellip\"> [\u2026]<\/span><\/p>\n","protected":false},"featured_media":0,"template":"","meta":{"_monsterinsights_skip_tracking":false,"_monsterinsights_sitenote_active":false,"_monsterinsights_sitenote_note":"","_monsterinsights_sitenote_category":0},"product_brand":[],"product_cat":[12530,12304],"product_tag":[],"class_list":{"0":"post-783388","1":"product","2":"type-product","3":"status-publish","5":"product_cat-mustafa-kemal-ataturk","6":"product_cat-tarih","7":"pa_cilt-ciltsiz","8":"pa_tur-kitap","9":"pa_yayinevi-altinbas-universitesi-yayinlari","10":"pa_yazar-gulhan-seyhun","12":"first","13":"instock","14":"sale","15":"shipping-taxable","16":"purchasable","17":"product-type-simple"},"_links":{"self":[{"href":"https:\/\/roveyayinevi.com.tr\/index.php\/wp-json\/wp\/v2\/product\/783388","targetHints":{"allow":["GET"]}}],"collection":[{"href":"https:\/\/roveyayinevi.com.tr\/index.php\/wp-json\/wp\/v2\/product"}],"about":[{"href":"https:\/\/roveyayinevi.com.tr\/index.php\/wp-json\/wp\/v2\/types\/product"}],"wp:attachment":[{"href":"https:\/\/roveyayinevi.com.tr\/index.php\/wp-json\/wp\/v2\/media?parent=783388"}],"wp:term":[{"taxonomy":"product_brand","embeddable":true,"href":"https:\/\/roveyayinevi.com.tr\/index.php\/wp-json\/wp\/v2\/product_brand?post=783388"},{"taxonomy":"product_cat","embeddable":true,"href":"https:\/\/roveyayinevi.com.tr\/index.php\/wp-json\/wp\/v2\/product_cat?post=783388"},{"taxonomy":"product_tag","embeddable":true,"href":"https:\/\/roveyayinevi.com.tr\/index.php\/wp-json\/wp\/v2\/product_tag?post=783388"}],"curies":[{"name":"wp","href":"https:\/\/api.w.org\/{rel}","templated":true}]}}