{"id":783387,"date":"2026-02-26T03:26:09","date_gmt":"2026-02-26T00:26:09","guid":{"rendered":"https:\/\/roveyayinevi.com.tr\/index.php\/urun\/gun-gun-ataturk\/"},"modified":"2026-04-16T03:13:35","modified_gmt":"2026-04-16T00:13:35","slug":"gun-gun-ataturk","status":"publish","type":"product","link":"https:\/\/roveyayinevi.com.tr\/index.php\/urun\/gun-gun-ataturk\/","title":{"rendered":"G\u00fcn G\u00fcn Atat\u00fcrk"},"content":{"rendered":"<p>Atat\u00fcrk&#8217;\u00fcn g\u00fcn g\u00fcn hayat \u00f6yk\u00fcs\u00fc\u2026 Hangi tarihte neredeydi? Hangi g\u00f6revde, hangi cephede ne yap\u0131yordu? \u00dcnl\u00fc konu\u015fmalar\u0131n\u0131 hangi g\u00fcn, nerede yapm\u0131\u015ft\u0131? Derslerde ve tarih kitaplar\u0131nda b\u00f6l\u00fcm b\u00f6l\u00fcm okudu\u011fumuz o destans\u0131 y\u0131llar, bu kitapta kronolojik bir s\u0131rayla sunuluyor\u2026 Tarihin seyrinin de\u011fi\u015ftiren o geli\u015fmeler, birbiriyle ba\u011flant\u0131l\u0131 \u015fekilde okundu\u011funda, bir b\u00fct\u00fcn olarak daha iyi anla\u015f\u0131l\u0131yor ve de\u011feri daha iyi kavran\u0131yor. Okudu\u011funuz sadece Atat\u00fcrk\u2019\u00fcn hayat \u00f6yk\u00fcs\u00fc olmakla kalm\u0131yor; Kurtulu\u015f Sava\u015f\u0131 ve Cumhuriyetimizin kurulu\u015f y\u0131llar\u0131 da bu \u00e7al\u0131\u015fmada \u00f6nemli tarihleriyle, g\u00fcn g\u00fcn yer al\u0131yor. G\u00fcn G\u00fcn Atat\u00fcrk, temel bir ba\u015fvuru kayna\u011f\u0131, her an elinizin alt\u0131nda olmal\u0131. <\/p>\n","protected":false},"excerpt":{"rendered":"<p>Atat\u00fcrk&#8217;\u00fcn g\u00fcn g\u00fcn hayat \u00f6yk\u00fcs\u00fc\u2026 Hangi tarihte neredeydi? Hangi g\u00f6revde, hangi cephede ne yap\u0131yordu? \u00dcnl\u00fc konu\u015fmalar\u0131n\u0131 hangi g\u00fcn, nerede yapm\u0131\u015ft\u0131? Derslerde ve tarih kitaplar\u0131nda b\u00f6l\u00fcm b\u00f6l\u00fcm<span class=\"excerpt-hellip\"> [\u2026]<\/span><\/p>\n","protected":false},"featured_media":0,"template":"","meta":{"_monsterinsights_skip_tracking":false,"_monsterinsights_sitenote_active":false,"_monsterinsights_sitenote_note":"","_monsterinsights_sitenote_category":0},"product_brand":[],"product_cat":[12274,15842],"product_tag":[],"class_list":{"0":"post-783387","1":"product","2":"type-product","3":"status-publish","5":"product_cat-cocuk-ve-genclik-kitaplari","6":"product_cat-egitici-kitaplar","7":"pa_cilt-ciltsiz","8":"pa_tur-kitap","9":"pa_yayinevi-kelime-yayinlari","10":"pa_yazar-suleyman-bulut","12":"first","13":"instock","14":"sale","15":"shipping-taxable","16":"purchasable","17":"product-type-simple"},"_links":{"self":[{"href":"https:\/\/roveyayinevi.com.tr\/index.php\/wp-json\/wp\/v2\/product\/783387","targetHints":{"allow":["GET"]}}],"collection":[{"href":"https:\/\/roveyayinevi.com.tr\/index.php\/wp-json\/wp\/v2\/product"}],"about":[{"href":"https:\/\/roveyayinevi.com.tr\/index.php\/wp-json\/wp\/v2\/types\/product"}],"wp:attachment":[{"href":"https:\/\/roveyayinevi.com.tr\/index.php\/wp-json\/wp\/v2\/media?parent=783387"}],"wp:term":[{"taxonomy":"product_brand","embeddable":true,"href":"https:\/\/roveyayinevi.com.tr\/index.php\/wp-json\/wp\/v2\/product_brand?post=783387"},{"taxonomy":"product_cat","embeddable":true,"href":"https:\/\/roveyayinevi.com.tr\/index.php\/wp-json\/wp\/v2\/product_cat?post=783387"},{"taxonomy":"product_tag","embeddable":true,"href":"https:\/\/roveyayinevi.com.tr\/index.php\/wp-json\/wp\/v2\/product_tag?post=783387"}],"curies":[{"name":"wp","href":"https:\/\/api.w.org\/{rel}","templated":true}]}}