{"id":783386,"date":"2026-02-26T03:24:19","date_gmt":"2026-02-26T00:24:19","guid":{"rendered":"https:\/\/roveyayinevi.com.tr\/index.php\/urun\/asya-devrimleri-ve-ataturk\/"},"modified":"2026-02-27T03:13:08","modified_gmt":"2026-02-27T00:13:08","slug":"asya-devrimleri-ve-ataturk","status":"publish","type":"product","link":"https:\/\/roveyayinevi.com.tr\/index.php\/urun\/asya-devrimleri-ve-ataturk\/","title":{"rendered":"Asya Devrimleri ve Atat\u00fcrk"},"content":{"rendered":"<p>On dokuzuncu y\u00fczy\u0131lda Asya&#8217;daki Bat\u0131 emperyalizminin hik\u00e2yesi ve Asya \u00fclkelerinin reaksiyonlar\u0131n\u0131n ge\u00e7irdi\u011fi a\u015famalar ve Atat\u00fcrk&#8217;\u00fcn bu s\u00fcre\u00e7lerden nas\u0131l etkilendi\u011fi bu \u00e7al\u0131\u015fman\u0131n ana konusudur. \u0130ngilizlerin Asya ve Osmanl\u0131&#8217;da yaratt\u0131\u011f\u0131 tahribat\u0131n k\u00f6kleri ve bug\u00fcne uzant\u0131s\u0131, \u00fczerinde az \u00e7al\u0131\u015f\u0131lan ve h\u00e2l\u00e2 yeterince ke\u015ffedilmemi\u015f bir konu olmaya devam ediyor. On dokuzuncu y\u00fczy\u0131lda Osmanl\u0131 siyasi hayat\u0131ndaki i\u00e7 (\u0130slamc\u0131lar, solcular, Bat\u0131c\u0131lar, T\u00fcrk\u00e7\u00fcler) ve d\u0131\u015f (emperyalistler) akt\u00f6rler, asl\u0131nda ge\u00e7mi\u015f tarih\u00ee d\u00f6nemlerin izlerini ve hatta ayn\u0131 hik\u00e2yenin bug\u00fcnk\u00fc taraflar\u0131n\u0131 temsil ediyorlar. Bu \u00e7al\u0131\u015fmada, on dokuzuncu y\u00fczy\u0131l Asya devrimlerinin Mustafa Kemal&#8217;in devrimlerine etkisini analiz ederken T\u00fcrk siyasi hayat\u0131nda o d\u00f6nemde ya\u015fananlar\u0131n bug\u00fcnden \u00e7ok farkl\u0131 olmad\u0131\u011f\u0131n\u0131 ve al\u0131nmas\u0131 gereken derslerin b\u00fcy\u00fck b\u00f6l\u00fcm\u00fcn\u00fcn unutuldu\u011funu, benzer akt\u00f6rlerin bug\u00fcn de T\u00fcrk siyasetine y\u00f6n vermeye \u00e7al\u0131\u015ft\u0131\u011f\u0131n\u0131 g\u00f6rece\u011fiz. \u201cAsya devrimleri T\u00fcrk Devrimi&#8217;ni ne kadar etkiledi? Asya devrimleri ile T\u00fcrk Devrimi&#8217;nin benzeyen ve ayr\u0131\u015fan y\u00f6nleri nelerdir? Atat\u00fcrk, Asya devrimlerini mi yoksa Frans\u0131z Devrimi veya Amerikan Devrimi&#8217;ni mi daha fazla \u00f6rnek ald\u0131?\u201d gibi sorulara cevap vermeye \u00e7al\u0131\u015ft\u0131k. B\u00f6ylece Mustafa Kemal&#8217;in fikir d\u00fcnyas\u0131n\u0131n \u015fekillendi\u011fi, d\u00fcnyan\u0131n d\u00fczeninin yeniden kuruldu\u011fu d\u00f6nemin fikir ak\u0131mlar\u0131na, olgular\u0131 ve olaylar\u0131na \u00f6ncesi ve sonras\u0131 ile ayr\u0131nt\u0131l\u0131 bir \u015fekilde yer verdik.<\/p>\n","protected":false},"excerpt":{"rendered":"<p>On dokuzuncu y\u00fczy\u0131lda Asya&#8217;daki Bat\u0131 emperyalizminin hik\u00e2yesi ve Asya \u00fclkelerinin reaksiyonlar\u0131n\u0131n ge\u00e7irdi\u011fi a\u015famalar ve Atat\u00fcrk&#8217;\u00fcn bu s\u00fcre\u00e7lerden nas\u0131l etkilendi\u011fi bu \u00e7al\u0131\u015fman\u0131n ana konusudur. \u0130ngilizlerin Asya ve<span class=\"excerpt-hellip\"> [\u2026]<\/span><\/p>\n","protected":false},"featured_media":0,"template":"","meta":{"_monsterinsights_skip_tracking":false,"_monsterinsights_sitenote_active":false,"_monsterinsights_sitenote_note":"","_monsterinsights_sitenote_category":0},"product_brand":[],"product_cat":[12530,12304],"product_tag":[],"class_list":{"0":"post-783386","1":"product","2":"type-product","3":"status-publish","5":"product_cat-mustafa-kemal-ataturk","6":"product_cat-tarih","7":"pa_cilt-ciltsiz","8":"pa_tur-kitap","9":"pa_yayinevi-nobel-akademik-yayincilik","10":"pa_yazar-sait-yilmaz","12":"first","13":"instock","14":"sale","15":"shipping-taxable","16":"purchasable","17":"product-type-simple"},"_links":{"self":[{"href":"https:\/\/roveyayinevi.com.tr\/index.php\/wp-json\/wp\/v2\/product\/783386","targetHints":{"allow":["GET"]}}],"collection":[{"href":"https:\/\/roveyayinevi.com.tr\/index.php\/wp-json\/wp\/v2\/product"}],"about":[{"href":"https:\/\/roveyayinevi.com.tr\/index.php\/wp-json\/wp\/v2\/types\/product"}],"wp:attachment":[{"href":"https:\/\/roveyayinevi.com.tr\/index.php\/wp-json\/wp\/v2\/media?parent=783386"}],"wp:term":[{"taxonomy":"product_brand","embeddable":true,"href":"https:\/\/roveyayinevi.com.tr\/index.php\/wp-json\/wp\/v2\/product_brand?post=783386"},{"taxonomy":"product_cat","embeddable":true,"href":"https:\/\/roveyayinevi.com.tr\/index.php\/wp-json\/wp\/v2\/product_cat?post=783386"},{"taxonomy":"product_tag","embeddable":true,"href":"https:\/\/roveyayinevi.com.tr\/index.php\/wp-json\/wp\/v2\/product_tag?post=783386"}],"curies":[{"name":"wp","href":"https:\/\/api.w.org\/{rel}","templated":true}]}}