{"id":783385,"date":"2026-02-26T03:24:16","date_gmt":"2026-02-26T00:24:16","guid":{"rendered":"https:\/\/roveyayinevi.com.tr\/index.php\/urun\/ataturkle-yakin-tarihimiz\/"},"modified":"2026-02-27T03:13:07","modified_gmt":"2026-02-27T00:13:07","slug":"ataturkle-yakin-tarihimiz","status":"publish","type":"product","link":"https:\/\/roveyayinevi.com.tr\/index.php\/urun\/ataturkle-yakin-tarihimiz\/","title":{"rendered":"Atat\u00fcrk&#8217;le Yak\u0131n Tarihimiz"},"content":{"rendered":"<p>&#8220;T\u00fcrk Kurtulu\u015f Sava\u015f\u0131\u201d \u2026.   20. Y\u00fczy\u0131l\u0131n bu \u00f6nemli tarih olay\u0131, i\u00e7inde bulundu\u011fumuz 21. Y\u00fczy\u0131lda da \u00f6nemini, i\u015flevini koruyor.   Atat\u00fcrk&#8217;\u00fcn ve \u00f6nderlik etti\u011fi T\u00fcrk Milleti&#8217;nin bu \u00f6zg\u00fcrl\u00fck m\u00fccadelesi, milletimizi hasletleri ile \u00f6ne \u00e7\u0131karan, biz torunlar\u0131na onur ve mutluluk veren, elimizi uzatt\u0131\u011f\u0131m\u0131zda ula\u015fabilece\u011fimizi d\u00fc\u015f\u00fcnd\u00fcren bir vatan ve kahramanl\u0131k destan\u0131&#8230;   T\u00fcm bunlar\u0131 bir de Sacide Bolcan&#8217;\u0131n kaleminden sunan kitap, \u00f6zellikle gen\u00e7lerle payla\u015f\u0131m\u0131 hedefleyen ya\u015fanm\u0131\u015f \u00f6yk\u00fclerle de beslenmi\u015f&#8230;   Sacide Bolcan; Ankara \u00dcniversitesi Dil ve Tarih- Co\u011frafya Fak\u00fcltesi Tarih B\u00f6l\u00fcm\u00fc mezunu. \u00d6\u011frenim s\u00fcresinde ve 1972 y\u0131l\u0131nda mezuniyeti takip eden y\u0131llarda Prof.Dr. Afetinan ile yak\u0131n \u00e7al\u0131\u015fma ve birlikte ya\u015fama olana\u011f\u0131 bulmu\u015f ayr\u0131cal\u0131kl\u0131 bir T\u00fcrk Kad\u0131n\u0131&#8230;   Afetinan&#8217;\u0131n T\u00fcrk Tarih Kurumu&#8217;nda ve \u00fcniversitelerdeki \u00e7al\u0131\u015fmalar\u0131nda, o tarihlerde \u00e7\u0131kard\u0131\u011f\u0131 kitaplar yaz\u0131l\u0131rken, O&#8217;ndan yak\u0131n tarihimiz ve Atat\u00fcrk&#8217;le ilgili bilgi ve feyz alma \u015fans\u0131 bulmu\u015f, sonraki y\u0131llarda T\u00fcrk Emniyet Te\u015fkilat\u0131 ve \u0130\u00e7i\u015fleri Bakanl\u0131\u011f\u0131 b\u00fcnyesinde \u00f6nemli g\u00f6revlerde bulunmu\u015ftur.   Son y\u0131llarda \u00e7e\u015fitli \u00dcniversitelerde &#8220;Atat\u00fcrk \u0130lkeleri ve \u0130nk\u0131lap Tarihi&#8221; dersi veren yazar, halen Kadir Has \u00dcniversitesi&#8217;nde \u00d6\u011fretim G\u00f6revlisi olarak g\u00f6rev yapmaktad\u0131r. <\/p>\n","protected":false},"excerpt":{"rendered":"<p>&#8220;T\u00fcrk Kurtulu\u015f Sava\u015f\u0131\u201d \u2026. 20. Y\u00fczy\u0131l\u0131n bu \u00f6nemli tarih olay\u0131, i\u00e7inde bulundu\u011fumuz 21. Y\u00fczy\u0131lda da \u00f6nemini, i\u015flevini koruyor. Atat\u00fcrk&#8217;\u00fcn ve \u00f6nderlik etti\u011fi T\u00fcrk Milleti&#8217;nin bu \u00f6zg\u00fcrl\u00fck<span class=\"excerpt-hellip\"> [\u2026]<\/span><\/p>\n","protected":false},"featured_media":0,"template":"","meta":{"_monsterinsights_skip_tracking":false,"_monsterinsights_sitenote_active":false,"_monsterinsights_sitenote_note":"","_monsterinsights_sitenote_category":0},"product_brand":[],"product_cat":[12530,12304],"product_tag":[],"class_list":{"0":"post-783385","1":"product","2":"type-product","3":"status-publish","5":"product_cat-mustafa-kemal-ataturk","6":"product_cat-tarih","7":"pa_cilt-ciltsiz","8":"pa_tur-kitap","9":"pa_yayinevi-beykoz-universitesi-yayinlari","10":"pa_yazar-sacide-bolcan","12":"first","13":"instock","14":"sale","15":"shipping-taxable","16":"purchasable","17":"product-type-simple"},"_links":{"self":[{"href":"https:\/\/roveyayinevi.com.tr\/index.php\/wp-json\/wp\/v2\/product\/783385","targetHints":{"allow":["GET"]}}],"collection":[{"href":"https:\/\/roveyayinevi.com.tr\/index.php\/wp-json\/wp\/v2\/product"}],"about":[{"href":"https:\/\/roveyayinevi.com.tr\/index.php\/wp-json\/wp\/v2\/types\/product"}],"wp:attachment":[{"href":"https:\/\/roveyayinevi.com.tr\/index.php\/wp-json\/wp\/v2\/media?parent=783385"}],"wp:term":[{"taxonomy":"product_brand","embeddable":true,"href":"https:\/\/roveyayinevi.com.tr\/index.php\/wp-json\/wp\/v2\/product_brand?post=783385"},{"taxonomy":"product_cat","embeddable":true,"href":"https:\/\/roveyayinevi.com.tr\/index.php\/wp-json\/wp\/v2\/product_cat?post=783385"},{"taxonomy":"product_tag","embeddable":true,"href":"https:\/\/roveyayinevi.com.tr\/index.php\/wp-json\/wp\/v2\/product_tag?post=783385"}],"curies":[{"name":"wp","href":"https:\/\/api.w.org\/{rel}","templated":true}]}}