{"id":783382,"date":"2026-02-26T03:12:27","date_gmt":"2026-02-26T00:12:27","guid":{"rendered":"https:\/\/roveyayinevi.com.tr\/index.php\/urun\/asrin-mucizesi-ataturk\/"},"modified":"2026-02-27T03:01:30","modified_gmt":"2026-02-27T00:01:30","slug":"asrin-mucizesi-ataturk","status":"publish","type":"product","link":"https:\/\/roveyayinevi.com.tr\/index.php\/urun\/asrin-mucizesi-ataturk\/","title":{"rendered":"Asr\u0131n Mucizesi Atat\u00fcrk"},"content":{"rendered":"<p>\u201cB\u00fcy\u00fck \u0130skender, \u201cb\u00fcy\u00fckl\u00fc\u011f\u00fcn\u00fc\u201d say\u0131s\u0131n\u0131 bilmedi\u011fi ordusuna ve fillerine, Napolyon Bonapart, \u201c\u0130mparator\u201d unvan\u0131n\u0131 yan\u0131lmaz sand\u0131\u011f\u0131 generallerine, \u0130stanbul\u2019u fetheden Sultan Mehmet, \u201cFatih\u201d ad\u0131n\u0131 d\u00fc\u015fmandan kat kat \u00fcst\u00fcn yeni\u00e7eri ordusuna, bor\u00e7luydular. Oysa Mustafa Kemal Pa\u015fa\u2019ya \u201cAtat\u00fcrk\u201d ad\u0131, T\u00fcrk ulusu taraf\u0131ndan arma\u011fan edilmi\u015ftir.Mustafa Kemal, \u201cAtat\u00fcrk\u201d soyad\u0131n\u0131, aya\u011f\u0131nda \u00e7ar\u0131\u011f\u0131, \u00fcst\u00fcnde mintan\u0131 olmayan Anadolu yi\u011fidinin, karn\u0131ndaki bebe\u011fi ile kendi a\u011f\u0131rl\u0131\u011f\u0131n\u0131n iki misli a\u011f\u0131rl\u0131ktaki top mermilerini s\u0131rt\u0131nda ta\u015f\u0131y\u0131p, sava\u015f alanlar\u0131ndan gelmi\u015f kadirbilir Anadolu kad\u0131n\u0131n\u0131n elinden alm\u0131\u015ft\u0131r. Ne kurtulu\u015f ne de kurulu\u015f \u00f6yle kolay ger\u00e7ekle\u015fmemi\u015ftir.Bu nedenledir ki, Gazi Mustafa Kemal Atat\u00fcrk T\u00fcrk ulusu i\u00e7in \u201cDamladaki Deniz\u2019dir.\u201d<\/p>\n","protected":false},"excerpt":{"rendered":"<p>\u201cB\u00fcy\u00fck \u0130skender, \u201cb\u00fcy\u00fckl\u00fc\u011f\u00fcn\u00fc\u201d say\u0131s\u0131n\u0131 bilmedi\u011fi ordusuna ve fillerine, Napolyon Bonapart, \u201c\u0130mparator\u201d unvan\u0131n\u0131 yan\u0131lmaz sand\u0131\u011f\u0131 generallerine, \u0130stanbul\u2019u fetheden Sultan Mehmet, \u201cFatih\u201d ad\u0131n\u0131 d\u00fc\u015fmandan kat kat \u00fcst\u00fcn yeni\u00e7eri<span class=\"excerpt-hellip\"> [\u2026]<\/span><\/p>\n","protected":false},"featured_media":0,"template":"","meta":{"_monsterinsights_skip_tracking":false,"_monsterinsights_sitenote_active":false,"_monsterinsights_sitenote_note":"","_monsterinsights_sitenote_category":0},"product_brand":[],"product_cat":[12304,14128],"product_tag":[],"class_list":{"0":"post-783382","1":"product","2":"type-product","3":"status-publish","5":"product_cat-tarih","6":"product_cat-yakin-tarih","7":"pa_cilt-ciltsiz","8":"pa_tur-kitap","9":"pa_yayinevi-parola-yayinlari","10":"pa_yazar-s-eris-ulger","12":"first","13":"instock","14":"sale","15":"shipping-taxable","16":"purchasable","17":"product-type-simple"},"_links":{"self":[{"href":"https:\/\/roveyayinevi.com.tr\/index.php\/wp-json\/wp\/v2\/product\/783382","targetHints":{"allow":["GET"]}}],"collection":[{"href":"https:\/\/roveyayinevi.com.tr\/index.php\/wp-json\/wp\/v2\/product"}],"about":[{"href":"https:\/\/roveyayinevi.com.tr\/index.php\/wp-json\/wp\/v2\/types\/product"}],"wp:attachment":[{"href":"https:\/\/roveyayinevi.com.tr\/index.php\/wp-json\/wp\/v2\/media?parent=783382"}],"wp:term":[{"taxonomy":"product_brand","embeddable":true,"href":"https:\/\/roveyayinevi.com.tr\/index.php\/wp-json\/wp\/v2\/product_brand?post=783382"},{"taxonomy":"product_cat","embeddable":true,"href":"https:\/\/roveyayinevi.com.tr\/index.php\/wp-json\/wp\/v2\/product_cat?post=783382"},{"taxonomy":"product_tag","embeddable":true,"href":"https:\/\/roveyayinevi.com.tr\/index.php\/wp-json\/wp\/v2\/product_tag?post=783382"}],"curies":[{"name":"wp","href":"https:\/\/api.w.org\/{rel}","templated":true}]}}