{"id":783381,"date":"2026-02-26T03:12:24","date_gmt":"2026-02-26T00:12:24","guid":{"rendered":"https:\/\/roveyayinevi.com.tr\/index.php\/urun\/dunyada-ataturk\/"},"modified":"2026-02-27T03:01:30","modified_gmt":"2026-02-27T00:01:30","slug":"dunyada-ataturk","status":"publish","type":"product","link":"https:\/\/roveyayinevi.com.tr\/index.php\/urun\/dunyada-ataturk\/","title":{"rendered":"D\u00fcnya&#8217;da Atat\u00fcrk"},"content":{"rendered":"<p>Gazi Mustafa Kem\u00e2l\u2019in gelecekle ilgili s\u00f6yledikleri bir vasiyetten, bir dilekten \u00e7ok \u00f6te, vatan\u0131n\u0131 ve milletini her \u015feyin \u00fcst\u00fcnde seven ve d\u00fc\u015f\u00fcnen, ileri g\u00f6r\u00fc\u015fl\u00fc bir devlet adam\u0131n\u0131n olmazsa olmazlar\u0131d\u0131r.As\u0131rlar boyu bir s\u00fclalenin kulu haline getirilmi\u015f, sadece sava\u015f s\u0131ras\u0131nda hat\u0131rlanm\u0131\u015f, her t\u00fcrl\u00fc \u00e7ileye katlanm\u0131\u015f, yoksul ve imk\u00e2nlar\u0131 olmayan Anadolu halk\u0131n\u0131n ge\u00e7mi\u015fte ya\u015fad\u0131\u011f\u0131 ac\u0131lar\u0131 gelecekte bir daha ya\u015famamas\u0131 i\u00e7in s\u00f6ylenen s\u00f6zlerdir.\u00d6zellikle de \u0130mparatorlu\u011fun \u00e7\u00f6k\u00fc\u015f\u00fc ile mali ve ekonomik s\u0131k\u0131nt\u0131lar\u0131n ba\u015flamas\u0131ndan sonra halk\u0131n g\u00fcnl\u00fck ya\u015fam\u0131n\u0131 y\u00f6nlendiren softalar\u0131n, devlet idaresinde de sar\u0131kl\u0131lar\u0131n bir daha \u00fclkenin kaderinde rol almalar\u0131na, \u00e7a\u011f d\u0131\u015f\u0131 zihniyetin bir daha devletin tepe noktalar\u0131na gelmelerine engel olunmas\u0131 i\u00e7in s\u00f6ylenen s\u00f6zlerdir.Mustafa Kem\u00e2l Atat\u00fcrk b\u00fct\u00fcn bu ger\u00e7eklerin \u0131\u015f\u0131\u011f\u0131 alt\u0131nda l\u00e2iklik ilkesini, kurdu\u011fu devletin temel ta\u015f\u0131 haline getirirken \u00fclkesi insan\u0131na uygarl\u0131\u011f\u0131n da yolunu a\u00e7m\u0131\u015ft\u0131r.Bu yolda ne s\u00f6zde din adamlar\u0131n\u0131n \u00f6\u011f\u00fct ve tavsiyelerine, ne de Allah\u2019\u0131n yerdeki g\u00f6lgesi oldu\u011funu iddia edenlere yer vard\u0131r. Bu yol ilmin ve bilimin t\u00fckenmez \u0131\u015f\u0131klar\u0131 ile ayd\u0131nlat\u0131lm\u0131\u015f, T\u00fcrk ulusunu uygar \u00fclkeler seviyesine \u00e7\u0131karacak olan yoldur.Bu kitapta okuyacaklar\u0131n\u0131z tarih boyunca hi\u00e7bir asker, hi\u00e7bir devlet adam\u0131 ve hi\u00e7bir kahraman i\u00e7in yaz\u0131lmam\u0131\u015f ve s\u00f6ylenmemi\u015f s\u00f6zlerdir. Hele bu s\u00f6zler sava\u015f alan\u0131nda ma\u011flup edilmi\u015f olanlar\u0131n temsilcileri taraf\u0131ndan s\u00f6ylenmi\u015f ve kaleme al\u0131nm\u0131\u015fsa, yaz\u0131lanlar\u0131n de\u011feri \u00e7ok daha y\u00fccedir.<\/p>\n","protected":false},"excerpt":{"rendered":"<p>Gazi Mustafa Kem\u00e2l\u2019in gelecekle ilgili s\u00f6yledikleri bir vasiyetten, bir dilekten \u00e7ok \u00f6te, vatan\u0131n\u0131 ve milletini her \u015feyin \u00fcst\u00fcnde seven ve d\u00fc\u015f\u00fcnen, ileri g\u00f6r\u00fc\u015fl\u00fc bir devlet adam\u0131n\u0131n<span class=\"excerpt-hellip\"> [\u2026]<\/span><\/p>\n","protected":false},"featured_media":0,"template":"","meta":{"_monsterinsights_skip_tracking":false,"_monsterinsights_sitenote_active":false,"_monsterinsights_sitenote_note":"","_monsterinsights_sitenote_category":0},"product_brand":[],"product_cat":[12530,12304],"product_tag":[],"class_list":{"0":"post-783381","1":"product","2":"type-product","3":"status-publish","5":"product_cat-mustafa-kemal-ataturk","6":"product_cat-tarih","7":"pa_cilt-ciltsiz","8":"pa_tur-kitap","9":"pa_yayinevi-parola-yayinlari","10":"pa_yazar-s-eris-ulger","12":"first","13":"instock","14":"sale","15":"shipping-taxable","16":"purchasable","17":"product-type-simple"},"_links":{"self":[{"href":"https:\/\/roveyayinevi.com.tr\/index.php\/wp-json\/wp\/v2\/product\/783381","targetHints":{"allow":["GET"]}}],"collection":[{"href":"https:\/\/roveyayinevi.com.tr\/index.php\/wp-json\/wp\/v2\/product"}],"about":[{"href":"https:\/\/roveyayinevi.com.tr\/index.php\/wp-json\/wp\/v2\/types\/product"}],"wp:attachment":[{"href":"https:\/\/roveyayinevi.com.tr\/index.php\/wp-json\/wp\/v2\/media?parent=783381"}],"wp:term":[{"taxonomy":"product_brand","embeddable":true,"href":"https:\/\/roveyayinevi.com.tr\/index.php\/wp-json\/wp\/v2\/product_brand?post=783381"},{"taxonomy":"product_cat","embeddable":true,"href":"https:\/\/roveyayinevi.com.tr\/index.php\/wp-json\/wp\/v2\/product_cat?post=783381"},{"taxonomy":"product_tag","embeddable":true,"href":"https:\/\/roveyayinevi.com.tr\/index.php\/wp-json\/wp\/v2\/product_tag?post=783381"}],"curies":[{"name":"wp","href":"https:\/\/api.w.org\/{rel}","templated":true}]}}